{"id":10238,"date":"2025-01-24T11:37:13","date_gmt":"2025-01-24T11:37:13","guid":{"rendered":"https:\/\/staging2.stylingagenten.com\/sv\/produkt\/tocobo-vita-berry-pore-toner-150ml\/"},"modified":"2025-12-18T22:02:06","modified_gmt":"2025-12-18T22:02:06","slug":"tocobo-vita-berry-pore-toner-150ml","status":"publish","type":"product","link":"https:\/\/stylingagenten.com\/sv\/produkt\/tocobo-vita-berry-pore-toner-150ml\/","title":{"rendered":"TOCOBO Vita Berry Pore Toner 150ml"},"content":{"rendered":"<p>TOCOBO Vita Berry Pore Toner \u00e4r en porminimerande toner som skonsamt exfolierar huden, och f\u00f6rhindrar tecken p\u00e5 \u00e5ldrande. Tonern st\u00e4rker din hudbarri\u00e4r, vilket lugnar en torr och irriterad hud. Vita Berry Pore Toner \u00e4r baserad p\u00e5 ett vitaminkomplex, som tillf\u00f6r mycket n\u00e4ring, elasticitet och fukt till din hud. Detta kommer att hj\u00e4lpa till att f\u00f6rhindra tecken p\u00e5 \u00e5ldrande.<\/p>\n<p>Tonern inneh\u00e5ller hibiskusextrakt som har ett naturligt h\u00f6gt inneh\u00e5ll av antioxidanter, och som skyddar din hud mot f\u00f6r tidigt \u00e5ldrande. Tonern inneh\u00e5ller \u00e4ven havtornsextrakt som har ett h\u00f6gt inneh\u00e5ll av vitamin C. Dessutom har havtornsextrakt en lugnande effekt p\u00e5 rodnad. Tonern \u00e4r s\u00e4rskilt kompatibel med torr, mogen och uttorkad hud.<\/p>\n<p>150ml<\/p>\n","protected":false},"excerpt":{"rendered":"<p>TOCOBO Vita Berry Pore Toner \u00e4r en porminimerande toner som skonsamt exfolierar huden, och f\u00f6rhindrar tecken p\u00e5 \u00e5ldrande. Tonern st\u00e4rker din hudbarri\u00e4r, vilket lugnar en torr och irriterad hud. Vita Berry Pore Toner \u00e4r baserad p\u00e5 ett vitaminkomplex, som tillf\u00f6r mycket n\u00e4ring, elasticitet och fukt till din hud. Detta kommer att hj\u00e4lpa till att f\u00f6rhindra [&hellip;]<\/p>\n","protected":false},"featured_media":10222,"comment_status":"open","ping_status":"closed","template":"","meta":{"_trash_the_other_posts":false},"product_brand":[],"product_cat":[571],"product_tag":[],"berocket_brand":[1423],"class_list":{"0":"post-10238","1":"product","2":"type-product","3":"status-publish","4":"has-post-thumbnail","6":"product_cat-ansiktsvatten","7":"pa_brand-tocobo","8":"berocket_brand-tocobo","10":"first","11":"instock","12":"sale","13":"taxable","14":"shipping-taxable","15":"purchasable","16":"product-type-simple"},"_links":{"self":[{"href":"https:\/\/stylingagenten.com\/sv\/wp-json\/wp\/v2\/product\/10238","targetHints":{"allow":["GET"]}}],"collection":[{"href":"https:\/\/stylingagenten.com\/sv\/wp-json\/wp\/v2\/product"}],"about":[{"href":"https:\/\/stylingagenten.com\/sv\/wp-json\/wp\/v2\/types\/product"}],"replies":[{"embeddable":true,"href":"https:\/\/stylingagenten.com\/sv\/wp-json\/wp\/v2\/comments?post=10238"}],"version-history":[{"count":0,"href":"https:\/\/stylingagenten.com\/sv\/wp-json\/wp\/v2\/product\/10238\/revisions"}],"wp:featuredmedia":[{"embeddable":true,"href":"https:\/\/stylingagenten.com\/sv\/wp-json\/wp\/v2\/media\/10222"}],"wp:attachment":[{"href":"https:\/\/stylingagenten.com\/sv\/wp-json\/wp\/v2\/media?parent=10238"}],"wp:term":[{"taxonomy":"product_brand","embeddable":true,"href":"https:\/\/stylingagenten.com\/sv\/wp-json\/wp\/v2\/product_brand?post=10238"},{"taxonomy":"product_cat","embeddable":true,"href":"https:\/\/stylingagenten.com\/sv\/wp-json\/wp\/v2\/product_cat?post=10238"},{"taxonomy":"product_tag","embeddable":true,"href":"https:\/\/stylingagenten.com\/sv\/wp-json\/wp\/v2\/product_tag?post=10238"},{"taxonomy":"berocket_brand","embeddable":true,"href":"https:\/\/stylingagenten.com\/sv\/wp-json\/wp\/v2\/berocket_brand?post=10238"}],"curies":[{"name":"wp","href":"https:\/\/api.w.org\/{rel}","templated":true}]}}