{"id":10233,"date":"2025-01-24T11:37:12","date_gmt":"2025-01-24T11:37:12","guid":{"rendered":"https:\/\/staging2.stylingagenten.com\/sv\/produkt\/anua-heartleaf-70-intense-calming-cream-50ml\/"},"modified":"2025-12-18T21:28:52","modified_gmt":"2025-12-18T21:28:52","slug":"anua-heartleaf-70-intense-calming-cream-50ml","status":"publish","type":"product","link":"https:\/\/stylingagenten.com\/sv\/produkt\/anua-heartleaf-70-intense-calming-cream-50ml\/","title":{"rendered":"Anua Heartleaf 70% Intense Calming Cream 50ml"},"content":{"rendered":"<p>Anua Heartleaf 70% Intense Calming Cream lugnar k\u00e4nslig och irriterad hud. Berikad med 70% heartleaf-extrakt f\u00f6r antiinflammatoriska f\u00f6rdelar. Ceramide NP och panthenol st\u00e4rker hudens fuktbarri\u00e4r, medan adenosin ger anti-aging-effekt.<\/p>\n<p>50ml<\/p>\n","protected":false},"excerpt":{"rendered":"<p>Anua Heartleaf 70% Intense Calming Cream lugnar k\u00e4nslig och irriterad hud. Berikad med 70% heartleaf-extrakt f\u00f6r antiinflammatoriska f\u00f6rdelar. Ceramide NP och panthenol st\u00e4rker hudens fuktbarri\u00e4r, medan adenosin ger anti-aging-effekt. 50ml<\/p>\n","protected":false},"featured_media":10223,"comment_status":"open","ping_status":"closed","template":"","meta":{"_trash_the_other_posts":false},"product_brand":[],"product_cat":[559],"product_tag":[],"berocket_brand":[1421],"class_list":{"0":"post-10233","1":"product","2":"type-product","3":"status-publish","4":"has-post-thumbnail","6":"product_cat-ansiktskram","7":"pa_brand-anua","8":"berocket_brand-anua","10":"first","11":"instock","12":"sale","13":"taxable","14":"shipping-taxable","15":"purchasable","16":"product-type-simple"},"_links":{"self":[{"href":"https:\/\/stylingagenten.com\/sv\/wp-json\/wp\/v2\/product\/10233","targetHints":{"allow":["GET"]}}],"collection":[{"href":"https:\/\/stylingagenten.com\/sv\/wp-json\/wp\/v2\/product"}],"about":[{"href":"https:\/\/stylingagenten.com\/sv\/wp-json\/wp\/v2\/types\/product"}],"replies":[{"embeddable":true,"href":"https:\/\/stylingagenten.com\/sv\/wp-json\/wp\/v2\/comments?post=10233"}],"version-history":[{"count":0,"href":"https:\/\/stylingagenten.com\/sv\/wp-json\/wp\/v2\/product\/10233\/revisions"}],"wp:featuredmedia":[{"embeddable":true,"href":"https:\/\/stylingagenten.com\/sv\/wp-json\/wp\/v2\/media\/10223"}],"wp:attachment":[{"href":"https:\/\/stylingagenten.com\/sv\/wp-json\/wp\/v2\/media?parent=10233"}],"wp:term":[{"taxonomy":"product_brand","embeddable":true,"href":"https:\/\/stylingagenten.com\/sv\/wp-json\/wp\/v2\/product_brand?post=10233"},{"taxonomy":"product_cat","embeddable":true,"href":"https:\/\/stylingagenten.com\/sv\/wp-json\/wp\/v2\/product_cat?post=10233"},{"taxonomy":"product_tag","embeddable":true,"href":"https:\/\/stylingagenten.com\/sv\/wp-json\/wp\/v2\/product_tag?post=10233"},{"taxonomy":"berocket_brand","embeddable":true,"href":"https:\/\/stylingagenten.com\/sv\/wp-json\/wp\/v2\/berocket_brand?post=10233"}],"curies":[{"name":"wp","href":"https:\/\/api.w.org\/{rel}","templated":true}]}}