{"id":10190,"date":"2025-01-24T11:37:06","date_gmt":"2025-01-24T11:37:06","guid":{"rendered":"https:\/\/staging2.stylingagenten.com\/sv\/produkt\/tocobo-bifida-biome-essence-50ml\/"},"modified":"2025-12-18T22:02:10","modified_gmt":"2025-12-18T22:02:10","slug":"tocobo-bifida-biome-essence-50ml","status":"publish","type":"product","link":"https:\/\/stylingagenten.com\/sv\/produkt\/tocobo-bifida-biome-essence-50ml\/","title":{"rendered":"TOCOBO Bifida Biome Essence 50ml"},"content":{"rendered":"<p>TOCOBO Bifida Biome Essence piggar upp huden samtidigt som dess probiotiska ingredienser st\u00e4rker hudbarri\u00e4ren som har f\u00f6rsvagats av yttre irriterande \u00e4mnen.<\/p>\n<p>Bifida 45%<br \/>\n<br \/>Lactobacillus 50 000 ppm<br \/>\n<br \/>Lactococcus 10 000 ppm<\/p>\n<p>50ml<br \/><\/p>\n","protected":false},"excerpt":{"rendered":"<p>TOCOBO Bifida Biome Essence piggar upp huden samtidigt som dess probiotiska ingredienser st\u00e4rker hudbarri\u00e4ren som har f\u00f6rsvagats av yttre irriterande \u00e4mnen. Bifida 45% Lactobacillus 50 000 ppm Lactococcus 10 000 ppm 50ml<\/p>\n","protected":false},"featured_media":10182,"comment_status":"open","ping_status":"closed","template":"","meta":{"_trash_the_other_posts":false},"product_brand":[],"product_cat":[614],"product_tag":[],"berocket_brand":[1423],"class_list":{"0":"post-10190","1":"product","2":"type-product","3":"status-publish","4":"has-post-thumbnail","6":"product_cat-serum","7":"pa_brand-tocobo","8":"berocket_brand-tocobo","10":"first","11":"instock","12":"sale","13":"taxable","14":"shipping-taxable","15":"purchasable","16":"product-type-simple"},"_links":{"self":[{"href":"https:\/\/stylingagenten.com\/sv\/wp-json\/wp\/v2\/product\/10190","targetHints":{"allow":["GET"]}}],"collection":[{"href":"https:\/\/stylingagenten.com\/sv\/wp-json\/wp\/v2\/product"}],"about":[{"href":"https:\/\/stylingagenten.com\/sv\/wp-json\/wp\/v2\/types\/product"}],"replies":[{"embeddable":true,"href":"https:\/\/stylingagenten.com\/sv\/wp-json\/wp\/v2\/comments?post=10190"}],"version-history":[{"count":0,"href":"https:\/\/stylingagenten.com\/sv\/wp-json\/wp\/v2\/product\/10190\/revisions"}],"wp:featuredmedia":[{"embeddable":true,"href":"https:\/\/stylingagenten.com\/sv\/wp-json\/wp\/v2\/media\/10182"}],"wp:attachment":[{"href":"https:\/\/stylingagenten.com\/sv\/wp-json\/wp\/v2\/media?parent=10190"}],"wp:term":[{"taxonomy":"product_brand","embeddable":true,"href":"https:\/\/stylingagenten.com\/sv\/wp-json\/wp\/v2\/product_brand?post=10190"},{"taxonomy":"product_cat","embeddable":true,"href":"https:\/\/stylingagenten.com\/sv\/wp-json\/wp\/v2\/product_cat?post=10190"},{"taxonomy":"product_tag","embeddable":true,"href":"https:\/\/stylingagenten.com\/sv\/wp-json\/wp\/v2\/product_tag?post=10190"},{"taxonomy":"berocket_brand","embeddable":true,"href":"https:\/\/stylingagenten.com\/sv\/wp-json\/wp\/v2\/berocket_brand?post=10190"}],"curies":[{"name":"wp","href":"https:\/\/api.w.org\/{rel}","templated":true}]}}