{"id":10184,"date":"2025-01-24T11:37:05","date_gmt":"2025-01-24T11:37:05","guid":{"rendered":"https:\/\/staging2.stylingagenten.com\/sv\/produkt\/tocobo-collagen-brightening-eye-gel-cream-30ml\/"},"modified":"2026-02-12T13:08:17","modified_gmt":"2026-02-12T13:08:17","slug":"tocobo-collagen-brightening-eye-gel-cream-30ml","status":"publish","type":"product","link":"https:\/\/stylingagenten.com\/sv\/produkt\/tocobo-collagen-brightening-eye-gel-cream-30ml\/","title":{"rendered":"TOCOBO Collagen Brightening Eye Gel Cream 30ml"},"content":{"rendered":"<p>TOCOBO Collagen Brightening Eye Gel Cream \u00e4r en effektiv \u00f6gonkr\u00e4m med anti-aging egenskaper. Denna \u00f6gonkr\u00e4m kommer i en geltextur och \u00e4r s\u00e4rskilt bra f\u00f6r feta och kombinerade hudtyper, som f\u00f6redrar en geltextur framf\u00f6r kr\u00e4miga \u00f6gonkr\u00e4mer. Fungerar ocks\u00e5 bra f\u00f6r dig som inte gillar en fet k\u00e4nsla under \u00f6gonen.<\/p>\n<p>Collagen Brightening Eye Gel Cream \u00e4r en linjef\u00f6rebyggande \u00f6gonkr\u00e4m. \u00d6gonkr\u00e4men inneh\u00e5ller Retinol och kollagen som \u00e4r k\u00e4nda f\u00f6r sina f\u00f6ryngrande egenskaper. Kollagen ger din hud mycket fukt och h\u00e5ller den \u00e5terfuktad. Dessutom \u00e4r retinol en v\u00e4ldokumenterad ingrediens f\u00f6r att minska fina linjer och rynkor, samt hj\u00e4lper \u00e4ven till att minska m\u00f6rka ringar P\u00e5 grund av dess geltextur kommer du att uppt\u00e4cka att produkten absorberas snabbt, och inte \u00e4r f\u00f6r tung f\u00f6r de \u00f6mt\u00e5liga och tunna \u00f6gonomr\u00e5dena.<\/p>\n<p>30ml<\/p>\n","protected":false},"excerpt":{"rendered":"<p>TOCOBO Collagen Brightening Eye Gel Cream \u00e4r en effektiv \u00f6gonkr\u00e4m med anti-aging egenskaper. Denna \u00f6gonkr\u00e4m kommer i en geltextur och \u00e4r s\u00e4rskilt bra f\u00f6r feta och kombinerade hudtyper, som f\u00f6redrar en geltextur framf\u00f6r kr\u00e4miga \u00f6gonkr\u00e4mer. Fungerar ocks\u00e5 bra f\u00f6r dig som inte gillar en fet k\u00e4nsla under \u00f6gonen. Collagen Brightening Eye Gel Cream \u00e4r en [&hellip;]<\/p>\n","protected":false},"featured_media":10170,"comment_status":"open","ping_status":"closed","template":"","meta":{"_trash_the_other_posts":false},"product_brand":[],"product_cat":[623],"product_tag":[],"berocket_brand":[1423],"class_list":{"0":"post-10184","1":"product","2":"type-product","3":"status-publish","4":"has-post-thumbnail","6":"product_cat-ogonkram","7":"pa_brand-tocobo","8":"berocket_brand-tocobo","10":"first","11":"instock","12":"sale","13":"taxable","14":"shipping-taxable","15":"purchasable","16":"product-type-simple"},"_links":{"self":[{"href":"https:\/\/stylingagenten.com\/sv\/wp-json\/wp\/v2\/product\/10184","targetHints":{"allow":["GET"]}}],"collection":[{"href":"https:\/\/stylingagenten.com\/sv\/wp-json\/wp\/v2\/product"}],"about":[{"href":"https:\/\/stylingagenten.com\/sv\/wp-json\/wp\/v2\/types\/product"}],"replies":[{"embeddable":true,"href":"https:\/\/stylingagenten.com\/sv\/wp-json\/wp\/v2\/comments?post=10184"}],"version-history":[{"count":0,"href":"https:\/\/stylingagenten.com\/sv\/wp-json\/wp\/v2\/product\/10184\/revisions"}],"wp:featuredmedia":[{"embeddable":true,"href":"https:\/\/stylingagenten.com\/sv\/wp-json\/wp\/v2\/media\/10170"}],"wp:attachment":[{"href":"https:\/\/stylingagenten.com\/sv\/wp-json\/wp\/v2\/media?parent=10184"}],"wp:term":[{"taxonomy":"product_brand","embeddable":true,"href":"https:\/\/stylingagenten.com\/sv\/wp-json\/wp\/v2\/product_brand?post=10184"},{"taxonomy":"product_cat","embeddable":true,"href":"https:\/\/stylingagenten.com\/sv\/wp-json\/wp\/v2\/product_cat?post=10184"},{"taxonomy":"product_tag","embeddable":true,"href":"https:\/\/stylingagenten.com\/sv\/wp-json\/wp\/v2\/product_tag?post=10184"},{"taxonomy":"berocket_brand","embeddable":true,"href":"https:\/\/stylingagenten.com\/sv\/wp-json\/wp\/v2\/berocket_brand?post=10184"}],"curies":[{"name":"wp","href":"https:\/\/api.w.org\/{rel}","templated":true}]}}