{"id":10166,"date":"2025-01-24T11:37:01","date_gmt":"2025-01-24T11:37:01","guid":{"rendered":"https:\/\/staging2.stylingagenten.com\/sv\/produkt\/tocobo-aha-bha-lemon-toner-150ml\/"},"modified":"2025-12-18T22:02:06","modified_gmt":"2025-12-18T22:02:06","slug":"tocobo-aha-bha-lemon-toner-150ml","status":"publish","type":"product","link":"https:\/\/stylingagenten.com\/sv\/produkt\/tocobo-aha-bha-lemon-toner-150ml\/","title":{"rendered":"TOCOBO AHA BHA Lemon Toner 150ml"},"content":{"rendered":"<p>TOCOBO AHA BHA Lemon Toner \u00e4r en hudv\u00e5rdstoner med citronextrakt, BHA och AHA hj\u00e4lper till att rensa och j\u00e4mna ut din hud genom att effektivt ta bort d\u00f6da hudceller.<\/p>\n<p>Citronextrakt 38%<br \/>\n<br \/>AHA 50 400 ppm<br \/>\n<br \/>BHA 500 ppm<\/p>\n<p>150ml<\/p>\n","protected":false},"excerpt":{"rendered":"<p>TOCOBO AHA BHA Lemon Toner \u00e4r en hudv\u00e5rdstoner med citronextrakt, BHA och AHA hj\u00e4lper till att rensa och j\u00e4mna ut din hud genom att effektivt ta bort d\u00f6da hudceller. Citronextrakt 38% AHA 50 400 ppm BHA 500 ppm 150ml<\/p>\n","protected":false},"featured_media":10151,"comment_status":"open","ping_status":"closed","template":"","meta":{"_trash_the_other_posts":false},"product_brand":[],"product_cat":[571],"product_tag":[],"berocket_brand":[1423],"class_list":{"0":"post-10166","1":"product","2":"type-product","3":"status-publish","4":"has-post-thumbnail","6":"product_cat-ansiktsvatten","7":"pa_brand-tocobo","8":"berocket_brand-tocobo","10":"first","11":"instock","12":"sale","13":"taxable","14":"shipping-taxable","15":"purchasable","16":"product-type-simple"},"_links":{"self":[{"href":"https:\/\/stylingagenten.com\/sv\/wp-json\/wp\/v2\/product\/10166","targetHints":{"allow":["GET"]}}],"collection":[{"href":"https:\/\/stylingagenten.com\/sv\/wp-json\/wp\/v2\/product"}],"about":[{"href":"https:\/\/stylingagenten.com\/sv\/wp-json\/wp\/v2\/types\/product"}],"replies":[{"embeddable":true,"href":"https:\/\/stylingagenten.com\/sv\/wp-json\/wp\/v2\/comments?post=10166"}],"version-history":[{"count":0,"href":"https:\/\/stylingagenten.com\/sv\/wp-json\/wp\/v2\/product\/10166\/revisions"}],"wp:featuredmedia":[{"embeddable":true,"href":"https:\/\/stylingagenten.com\/sv\/wp-json\/wp\/v2\/media\/10151"}],"wp:attachment":[{"href":"https:\/\/stylingagenten.com\/sv\/wp-json\/wp\/v2\/media?parent=10166"}],"wp:term":[{"taxonomy":"product_brand","embeddable":true,"href":"https:\/\/stylingagenten.com\/sv\/wp-json\/wp\/v2\/product_brand?post=10166"},{"taxonomy":"product_cat","embeddable":true,"href":"https:\/\/stylingagenten.com\/sv\/wp-json\/wp\/v2\/product_cat?post=10166"},{"taxonomy":"product_tag","embeddable":true,"href":"https:\/\/stylingagenten.com\/sv\/wp-json\/wp\/v2\/product_tag?post=10166"},{"taxonomy":"berocket_brand","embeddable":true,"href":"https:\/\/stylingagenten.com\/sv\/wp-json\/wp\/v2\/berocket_brand?post=10166"}],"curies":[{"name":"wp","href":"https:\/\/api.w.org\/{rel}","templated":true}]}}