{"id":10150,"date":"2025-01-24T11:36:59","date_gmt":"2025-01-24T11:36:59","guid":{"rendered":"https:\/\/staging2.stylingagenten.com\/sv\/produkt\/tocobo-cotton-soft-sun-stick-spf-50-pa-19g\/"},"modified":"2025-12-18T22:02:06","modified_gmt":"2025-12-18T22:02:06","slug":"tocobo-cotton-soft-sun-stick-spf-50-pa-19g","status":"publish","type":"product","link":"https:\/\/stylingagenten.com\/sv\/produkt\/tocobo-cotton-soft-sun-stick-spf-50-pa-19g\/","title":{"rendered":"TOCOBO Cotton Soft Sun Stick SPF 50+ Pa++++ 19g"},"content":{"rendered":"<div>TOCOBO Cotton Soft Sun Stick SPF 50+ Pa++++ \u00e4r en mjuk solkr\u00e4m som har en silkeslen textur. Det allergiv\u00e4nliga mjuka solsticket inneh\u00e5ller bomullsextrakt f\u00f6r att h\u00e5lla huden \u00e5terfuktad samt ett \u00f6rtkomplex som hj\u00e4lper till att lugna och skydda k\u00e4nslig hud.<\/p>\n<p>19g<\/p><\/div>\n","protected":false},"excerpt":{"rendered":"<p>TOCOBO Cotton Soft Sun Stick SPF 50+ Pa++++ \u00e4r en mjuk solkr\u00e4m som har en silkeslen textur. Det allergiv\u00e4nliga mjuka solsticket inneh\u00e5ller bomullsextrakt f\u00f6r att h\u00e5lla huden \u00e5terfuktad samt ett \u00f6rtkomplex som hj\u00e4lper till att lugna och skydda k\u00e4nslig hud. 19g<\/p>\n","protected":false},"featured_media":10138,"comment_status":"open","ping_status":"closed","template":"","meta":{"_trash_the_other_posts":false},"product_brand":[],"product_cat":[573],"product_tag":[],"berocket_brand":[1423],"class_list":{"0":"post-10150","1":"product","2":"type-product","3":"status-publish","4":"has-post-thumbnail","6":"product_cat-solskydd","7":"pa_brand-tocobo","8":"berocket_brand-tocobo","10":"first","11":"instock","12":"sale","13":"taxable","14":"shipping-taxable","15":"purchasable","16":"product-type-simple"},"_links":{"self":[{"href":"https:\/\/stylingagenten.com\/sv\/wp-json\/wp\/v2\/product\/10150","targetHints":{"allow":["GET"]}}],"collection":[{"href":"https:\/\/stylingagenten.com\/sv\/wp-json\/wp\/v2\/product"}],"about":[{"href":"https:\/\/stylingagenten.com\/sv\/wp-json\/wp\/v2\/types\/product"}],"replies":[{"embeddable":true,"href":"https:\/\/stylingagenten.com\/sv\/wp-json\/wp\/v2\/comments?post=10150"}],"version-history":[{"count":0,"href":"https:\/\/stylingagenten.com\/sv\/wp-json\/wp\/v2\/product\/10150\/revisions"}],"wp:featuredmedia":[{"embeddable":true,"href":"https:\/\/stylingagenten.com\/sv\/wp-json\/wp\/v2\/media\/10138"}],"wp:attachment":[{"href":"https:\/\/stylingagenten.com\/sv\/wp-json\/wp\/v2\/media?parent=10150"}],"wp:term":[{"taxonomy":"product_brand","embeddable":true,"href":"https:\/\/stylingagenten.com\/sv\/wp-json\/wp\/v2\/product_brand?post=10150"},{"taxonomy":"product_cat","embeddable":true,"href":"https:\/\/stylingagenten.com\/sv\/wp-json\/wp\/v2\/product_cat?post=10150"},{"taxonomy":"product_tag","embeddable":true,"href":"https:\/\/stylingagenten.com\/sv\/wp-json\/wp\/v2\/product_tag?post=10150"},{"taxonomy":"berocket_brand","embeddable":true,"href":"https:\/\/stylingagenten.com\/sv\/wp-json\/wp\/v2\/berocket_brand?post=10150"}],"curies":[{"name":"wp","href":"https:\/\/api.w.org\/{rel}","templated":true}]}}