{"id":10148,"date":"2025-01-24T11:36:58","date_gmt":"2025-01-24T11:36:58","guid":{"rendered":"https:\/\/staging2.stylingagenten.com\/sv\/produkt\/tocobo-coconut-clay-cleansing-foam-150ml\/"},"modified":"2026-03-12T19:06:23","modified_gmt":"2026-03-12T19:06:23","slug":"tocobo-coconut-clay-cleansing-foam-150ml","status":"publish","type":"product","link":"https:\/\/stylingagenten.com\/sv\/produkt\/tocobo-coconut-clay-cleansing-foam-150ml\/","title":{"rendered":"TOCOBO Coconut Clay Cleansing Foam 150ml"},"content":{"rendered":"<p>TOCOBO Coconut Clay Cleansing Foam \u00e4r ett reng\u00f6ringsskum med kokos, minerallera och naturlig rosa lera som effektivt eliminerar smuts och talg.<\/p>\n<p>Aktiv ingrediens fr\u00e5n kokospalm, 27 procent.<br \/>\n<br \/>Rosa lera och minerallera, 10 000 ppm.<br \/>\n<br \/>S\u00e5pnejlikeextrakt, 100 ppm.<\/p>\n<p>150ml<br \/>\n <\/p>\n","protected":false},"excerpt":{"rendered":"<p>TOCOBO Coconut Clay Cleansing Foam \u00e4r ett reng\u00f6ringsskum med kokos, minerallera och naturlig rosa lera som effektivt eliminerar smuts och talg. Aktiv ingrediens fr\u00e5n kokospalm, 27 procent. Rosa lera och minerallera, 10 000 ppm. S\u00e5pnejlikeextrakt, 100 ppm. 150ml<\/p>\n","protected":false},"featured_media":10134,"comment_status":"open","ping_status":"closed","template":"","meta":{"_trash_the_other_posts":false},"product_brand":[],"product_cat":[609],"product_tag":[],"berocket_brand":[1423],"class_list":{"0":"post-10148","1":"product","2":"type-product","3":"status-publish","4":"has-post-thumbnail","6":"product_cat-ansiktsrengoring","7":"pa_brand-tocobo","8":"berocket_brand-tocobo","10":"first","11":"instock","12":"sale","13":"taxable","14":"shipping-taxable","15":"purchasable","16":"product-type-simple"},"_links":{"self":[{"href":"https:\/\/stylingagenten.com\/sv\/wp-json\/wp\/v2\/product\/10148","targetHints":{"allow":["GET"]}}],"collection":[{"href":"https:\/\/stylingagenten.com\/sv\/wp-json\/wp\/v2\/product"}],"about":[{"href":"https:\/\/stylingagenten.com\/sv\/wp-json\/wp\/v2\/types\/product"}],"replies":[{"embeddable":true,"href":"https:\/\/stylingagenten.com\/sv\/wp-json\/wp\/v2\/comments?post=10148"}],"version-history":[{"count":0,"href":"https:\/\/stylingagenten.com\/sv\/wp-json\/wp\/v2\/product\/10148\/revisions"}],"wp:featuredmedia":[{"embeddable":true,"href":"https:\/\/stylingagenten.com\/sv\/wp-json\/wp\/v2\/media\/10134"}],"wp:attachment":[{"href":"https:\/\/stylingagenten.com\/sv\/wp-json\/wp\/v2\/media?parent=10148"}],"wp:term":[{"taxonomy":"product_brand","embeddable":true,"href":"https:\/\/stylingagenten.com\/sv\/wp-json\/wp\/v2\/product_brand?post=10148"},{"taxonomy":"product_cat","embeddable":true,"href":"https:\/\/stylingagenten.com\/sv\/wp-json\/wp\/v2\/product_cat?post=10148"},{"taxonomy":"product_tag","embeddable":true,"href":"https:\/\/stylingagenten.com\/sv\/wp-json\/wp\/v2\/product_tag?post=10148"},{"taxonomy":"berocket_brand","embeddable":true,"href":"https:\/\/stylingagenten.com\/sv\/wp-json\/wp\/v2\/berocket_brand?post=10148"}],"curies":[{"name":"wp","href":"https:\/\/api.w.org\/{rel}","templated":true}]}}