{"id":10136,"date":"2025-01-24T11:36:56","date_gmt":"2025-01-24T11:36:56","guid":{"rendered":"https:\/\/staging2.stylingagenten.com\/sv\/produkt\/tocobo-bio-watery-sun-cream-spf-50-pa-50ml\/"},"modified":"2025-12-18T22:02:11","modified_gmt":"2025-12-18T22:02:11","slug":"tocobo-bio-watery-sun-cream-spf-50-pa-50ml","status":"publish","type":"product","link":"https:\/\/stylingagenten.com\/sv\/produkt\/tocobo-bio-watery-sun-cream-spf-50-pa-50ml\/","title":{"rendered":"TOCOBO Bio Watery Sun Cream SPF 50+ Pa++++ 50ml"},"content":{"rendered":"<div>TOCOBO Bio Watery Sun Cream SPF 50+ Pa++++ \u00e4r en fuktgivande &amp; allergiv\u00e4nlig solkr\u00e4m som inneh\u00e5ller mungb\u00f6nsextrakt och bio hyaluronsyra som ger djup \u00e5terfuktning och uppfriskar huden.<\/p>\n<p>Bio Hyaluronsyra<br \/>Vigna Radiata-fr\u00f6extrakt<\/p>\n<p>50ml<\/p><\/div>\n","protected":false},"excerpt":{"rendered":"<p>TOCOBO Bio Watery Sun Cream SPF 50+ Pa++++ \u00e4r en fuktgivande &amp; allergiv\u00e4nlig solkr\u00e4m som inneh\u00e5ller mungb\u00f6nsextrakt och bio hyaluronsyra som ger djup \u00e5terfuktning och uppfriskar huden. Bio HyaluronsyraVigna Radiata-fr\u00f6extrakt 50ml<\/p>\n","protected":false},"featured_media":10127,"comment_status":"open","ping_status":"closed","template":"","meta":{"_trash_the_other_posts":false},"product_brand":[],"product_cat":[573],"product_tag":[],"berocket_brand":[1423],"class_list":{"0":"post-10136","1":"product","2":"type-product","3":"status-publish","4":"has-post-thumbnail","6":"product_cat-solskydd","7":"pa_brand-tocobo","8":"berocket_brand-tocobo","10":"first","11":"instock","12":"sale","13":"taxable","14":"shipping-taxable","15":"purchasable","16":"product-type-simple"},"_links":{"self":[{"href":"https:\/\/stylingagenten.com\/sv\/wp-json\/wp\/v2\/product\/10136","targetHints":{"allow":["GET"]}}],"collection":[{"href":"https:\/\/stylingagenten.com\/sv\/wp-json\/wp\/v2\/product"}],"about":[{"href":"https:\/\/stylingagenten.com\/sv\/wp-json\/wp\/v2\/types\/product"}],"replies":[{"embeddable":true,"href":"https:\/\/stylingagenten.com\/sv\/wp-json\/wp\/v2\/comments?post=10136"}],"version-history":[{"count":0,"href":"https:\/\/stylingagenten.com\/sv\/wp-json\/wp\/v2\/product\/10136\/revisions"}],"wp:featuredmedia":[{"embeddable":true,"href":"https:\/\/stylingagenten.com\/sv\/wp-json\/wp\/v2\/media\/10127"}],"wp:attachment":[{"href":"https:\/\/stylingagenten.com\/sv\/wp-json\/wp\/v2\/media?parent=10136"}],"wp:term":[{"taxonomy":"product_brand","embeddable":true,"href":"https:\/\/stylingagenten.com\/sv\/wp-json\/wp\/v2\/product_brand?post=10136"},{"taxonomy":"product_cat","embeddable":true,"href":"https:\/\/stylingagenten.com\/sv\/wp-json\/wp\/v2\/product_cat?post=10136"},{"taxonomy":"product_tag","embeddable":true,"href":"https:\/\/stylingagenten.com\/sv\/wp-json\/wp\/v2\/product_tag?post=10136"},{"taxonomy":"berocket_brand","embeddable":true,"href":"https:\/\/stylingagenten.com\/sv\/wp-json\/wp\/v2\/berocket_brand?post=10136"}],"curies":[{"name":"wp","href":"https:\/\/api.w.org\/{rel}","templated":true}]}}