{"id":10114,"date":"2025-01-24T11:36:52","date_gmt":"2025-01-24T11:36:52","guid":{"rendered":"https:\/\/staging2.stylingagenten.com\/sv\/produkt\/purito-fermented-complex-94-boosting-essence-150ml\/"},"modified":"2025-12-18T21:58:23","modified_gmt":"2025-12-18T21:58:23","slug":"purito-fermented-complex-94-boosting-essence-150ml","status":"publish","type":"product","link":"https:\/\/stylingagenten.com\/sv\/produkt\/purito-fermented-complex-94-boosting-essence-150ml\/","title":{"rendered":"Purito Fermented Complex 94 Boosting Essence 150ml"},"content":{"rendered":"<div>Purito Fermented Complex 94 Boosting Essence \u00e4r en effektiv essens med 94% j\u00e4sta komplex.<br \/>Laktobacillus \/ risfermentatet verkar smidigt p\u00e5 hudtonen och motverkar hyperpigmentering, och bifida ferment lysat verkar f\u00f6r att f\u00e4sta och genomfukta huden och motverkar hudskador.<\/p>\n<p>Essensen inneh\u00e5ller ocks\u00e5 3% niacinamid, en ingrediens som m\u00e5nga h\u00e4nvisar till som ett m\u00e5ste i hudv\u00e5rd, och som bland annat bidrar till en mjukare hudton.<\/p>\n<p>150ml<\/p><\/div>\n","protected":false},"excerpt":{"rendered":"<p>Purito Fermented Complex 94 Boosting Essence \u00e4r en effektiv essens med 94% j\u00e4sta komplex.Laktobacillus \/ risfermentatet verkar smidigt p\u00e5 hudtonen och motverkar hyperpigmentering, och bifida ferment lysat verkar f\u00f6r att f\u00e4sta och genomfukta huden och motverkar hudskador. Essensen inneh\u00e5ller ocks\u00e5 3% niacinamid, en ingrediens som m\u00e5nga h\u00e4nvisar till som ett m\u00e5ste i hudv\u00e5rd, och som [&hellip;]<\/p>\n","protected":false},"featured_media":10095,"comment_status":"open","ping_status":"closed","template":"","meta":{"_trash_the_other_posts":false},"product_brand":[],"product_cat":[614],"product_tag":[],"berocket_brand":[1412],"class_list":{"0":"post-10114","1":"product","2":"type-product","3":"status-publish","4":"has-post-thumbnail","6":"product_cat-serum","7":"pa_brand-purito","8":"berocket_brand-purito","10":"first","11":"instock","12":"sale","13":"taxable","14":"shipping-taxable","15":"purchasable","16":"product-type-simple"},"_links":{"self":[{"href":"https:\/\/stylingagenten.com\/sv\/wp-json\/wp\/v2\/product\/10114","targetHints":{"allow":["GET"]}}],"collection":[{"href":"https:\/\/stylingagenten.com\/sv\/wp-json\/wp\/v2\/product"}],"about":[{"href":"https:\/\/stylingagenten.com\/sv\/wp-json\/wp\/v2\/types\/product"}],"replies":[{"embeddable":true,"href":"https:\/\/stylingagenten.com\/sv\/wp-json\/wp\/v2\/comments?post=10114"}],"version-history":[{"count":0,"href":"https:\/\/stylingagenten.com\/sv\/wp-json\/wp\/v2\/product\/10114\/revisions"}],"wp:featuredmedia":[{"embeddable":true,"href":"https:\/\/stylingagenten.com\/sv\/wp-json\/wp\/v2\/media\/10095"}],"wp:attachment":[{"href":"https:\/\/stylingagenten.com\/sv\/wp-json\/wp\/v2\/media?parent=10114"}],"wp:term":[{"taxonomy":"product_brand","embeddable":true,"href":"https:\/\/stylingagenten.com\/sv\/wp-json\/wp\/v2\/product_brand?post=10114"},{"taxonomy":"product_cat","embeddable":true,"href":"https:\/\/stylingagenten.com\/sv\/wp-json\/wp\/v2\/product_cat?post=10114"},{"taxonomy":"product_tag","embeddable":true,"href":"https:\/\/stylingagenten.com\/sv\/wp-json\/wp\/v2\/product_tag?post=10114"},{"taxonomy":"berocket_brand","embeddable":true,"href":"https:\/\/stylingagenten.com\/sv\/wp-json\/wp\/v2\/berocket_brand?post=10114"}],"curies":[{"name":"wp","href":"https:\/\/api.w.org\/{rel}","templated":true}]}}