{"id":10103,"date":"2025-01-24T11:36:51","date_gmt":"2025-01-24T11:36:51","guid":{"rendered":"https:\/\/staging2.stylingagenten.com\/sv\/produkt\/skin1004-madagascar-centella-toning-toner-210ml\/"},"modified":"2026-01-20T23:26:32","modified_gmt":"2026-01-20T23:26:32","slug":"skin1004-madagascar-centella-toning-toner-210ml","status":"publish","type":"product","link":"https:\/\/stylingagenten.com\/sv\/produkt\/skin1004-madagascar-centella-toning-toner-210ml\/","title":{"rendered":"SKIN1004 Madagascar Centella Toning Toner 210ml"},"content":{"rendered":"<div>SKIN1004 Madagascar Centella Toning Toner \u00e4r en milt exfolierande toner med l\u00e4tt, vattnig konsistens \u2013 Vardagstoner med 84 % Centella asiatica-extrakt och PHA, en mild exfoliator. \u2013 PHA, mild exfolierande formel aktiveras gradvis p\u00e5 huden f\u00f6r att f\u00f6rsiktigt ta bort talg och d\u00f6da hudceller \u2013 Certifierade uppljusnings- och anti-age-f\u00f6rdelar f\u00f6r klar och elastisk hud \u2013 Icke-komedogent test genomf\u00f6rt, s\u00e4ker f\u00f6r akneben\u00e4gen hud och passar \u00e4ven alla andra hudtyper.<\/p>\n<p>210ml<\/p><\/div>\n","protected":false},"excerpt":{"rendered":"<p>SKIN1004 Madagascar Centella Toning Toner \u00e4r en milt exfolierande toner med l\u00e4tt, vattnig konsistens \u2013 Vardagstoner med 84 % Centella asiatica-extrakt och PHA, en mild exfoliator. \u2013 PHA, mild exfolierande formel aktiveras gradvis p\u00e5 huden f\u00f6r att f\u00f6rsiktigt ta bort talg och d\u00f6da hudceller \u2013 Certifierade uppljusnings- och anti-age-f\u00f6rdelar f\u00f6r klar och elastisk hud \u2013 [&hellip;]<\/p>\n","protected":false},"featured_media":10090,"comment_status":"open","ping_status":"closed","template":"","meta":{"_trash_the_other_posts":false},"product_brand":[],"product_cat":[571],"product_tag":[],"berocket_brand":[1422],"class_list":{"0":"post-10103","1":"product","2":"type-product","3":"status-publish","4":"has-post-thumbnail","6":"product_cat-ansiktsvatten","7":"pa_brand-skin1006","8":"berocket_brand-skin1004","10":"first","11":"instock","12":"sale","13":"taxable","14":"shipping-taxable","15":"purchasable","16":"product-type-simple"},"_links":{"self":[{"href":"https:\/\/stylingagenten.com\/sv\/wp-json\/wp\/v2\/product\/10103","targetHints":{"allow":["GET"]}}],"collection":[{"href":"https:\/\/stylingagenten.com\/sv\/wp-json\/wp\/v2\/product"}],"about":[{"href":"https:\/\/stylingagenten.com\/sv\/wp-json\/wp\/v2\/types\/product"}],"replies":[{"embeddable":true,"href":"https:\/\/stylingagenten.com\/sv\/wp-json\/wp\/v2\/comments?post=10103"}],"version-history":[{"count":0,"href":"https:\/\/stylingagenten.com\/sv\/wp-json\/wp\/v2\/product\/10103\/revisions"}],"wp:featuredmedia":[{"embeddable":true,"href":"https:\/\/stylingagenten.com\/sv\/wp-json\/wp\/v2\/media\/10090"}],"wp:attachment":[{"href":"https:\/\/stylingagenten.com\/sv\/wp-json\/wp\/v2\/media?parent=10103"}],"wp:term":[{"taxonomy":"product_brand","embeddable":true,"href":"https:\/\/stylingagenten.com\/sv\/wp-json\/wp\/v2\/product_brand?post=10103"},{"taxonomy":"product_cat","embeddable":true,"href":"https:\/\/stylingagenten.com\/sv\/wp-json\/wp\/v2\/product_cat?post=10103"},{"taxonomy":"product_tag","embeddable":true,"href":"https:\/\/stylingagenten.com\/sv\/wp-json\/wp\/v2\/product_tag?post=10103"},{"taxonomy":"berocket_brand","embeddable":true,"href":"https:\/\/stylingagenten.com\/sv\/wp-json\/wp\/v2\/berocket_brand?post=10103"}],"curies":[{"name":"wp","href":"https:\/\/api.w.org\/{rel}","templated":true}]}}