{"id":10089,"date":"2025-01-24T11:36:48","date_gmt":"2025-01-24T11:36:48","guid":{"rendered":"https:\/\/staging2.stylingagenten.com\/sv\/produkt\/replay-green-on-me-man-edt-100ml\/"},"modified":"2026-03-17T07:58:18","modified_gmt":"2026-03-17T07:58:18","slug":"replay-green-on-me-man-edt-100ml","status":"publish","type":"product","link":"https:\/\/stylingagenten.com\/sv\/produkt\/replay-green-on-me-man-edt-100ml\/","title":{"rendered":"Replay Green On Me Man Edt 100ml"},"content":{"rendered":"<p>Replay Green On Me Man Edt tar med dig p\u00e5 en resa in i bergen d\u00e4r gr\u00f6nskan breder ut sig, bland friska och klara k\u00e4llor med berusande dofter av naturen. Livliga l\u00f6v ramar in landskapet och skapar harmoniska ljuseffekter \u2013 en upplevelse som omfamnar naturens rikedom.<\/p>\n<p>Toppnoter: Kardemumma, Vitpeppar, Apelsin<br \/>\n<br \/>Hj\u00e4rtnoter: Cannabisblomma, Nejlika, Mal\u00f6rt<br \/>\n<br \/>Basnoter: Sandeltr\u00e4, Iso e super, Ambertr\u00e4<\/p>\n<p>100ml<\/p>\n","protected":false},"excerpt":{"rendered":"<p>Replay Green On Me Man Edt tar med dig p\u00e5 en resa in i bergen d\u00e4r gr\u00f6nskan breder ut sig, bland friska och klara k\u00e4llor med berusande dofter av naturen. Livliga l\u00f6v ramar in landskapet och skapar harmoniska ljuseffekter \u2013 en upplevelse som omfamnar naturens rikedom. Toppnoter: Kardemumma, Vitpeppar, Apelsin Hj\u00e4rtnoter: Cannabisblomma, Nejlika, Mal\u00f6rt Basnoter: [&hellip;]<\/p>\n","protected":false},"featured_media":10082,"comment_status":"open","ping_status":"closed","template":"","meta":{"_trash_the_other_posts":false},"product_brand":[],"product_cat":[709,735,1000],"product_tag":[4047],"berocket_brand":[1120],"class_list":{"0":"post-10089","1":"product","2":"type-product","3":"status-publish","4":"has-post-thumbnail","6":"product_cat-eau-de-toilette-herr","7":"product_cat-kampanj","8":"product_cat-kampanj-for-honom","9":"product_tag-replay-green-on-me-man-edt","10":"pa_brand-replay","11":"pa_variant-100ml","12":"berocket_brand-replay","14":"first","15":"instock","16":"sale","17":"taxable","18":"shipping-taxable","19":"purchasable","20":"product-type-simple"},"_links":{"self":[{"href":"https:\/\/stylingagenten.com\/sv\/wp-json\/wp\/v2\/product\/10089","targetHints":{"allow":["GET"]}}],"collection":[{"href":"https:\/\/stylingagenten.com\/sv\/wp-json\/wp\/v2\/product"}],"about":[{"href":"https:\/\/stylingagenten.com\/sv\/wp-json\/wp\/v2\/types\/product"}],"replies":[{"embeddable":true,"href":"https:\/\/stylingagenten.com\/sv\/wp-json\/wp\/v2\/comments?post=10089"}],"version-history":[{"count":0,"href":"https:\/\/stylingagenten.com\/sv\/wp-json\/wp\/v2\/product\/10089\/revisions"}],"wp:featuredmedia":[{"embeddable":true,"href":"https:\/\/stylingagenten.com\/sv\/wp-json\/wp\/v2\/media\/10082"}],"wp:attachment":[{"href":"https:\/\/stylingagenten.com\/sv\/wp-json\/wp\/v2\/media?parent=10089"}],"wp:term":[{"taxonomy":"product_brand","embeddable":true,"href":"https:\/\/stylingagenten.com\/sv\/wp-json\/wp\/v2\/product_brand?post=10089"},{"taxonomy":"product_cat","embeddable":true,"href":"https:\/\/stylingagenten.com\/sv\/wp-json\/wp\/v2\/product_cat?post=10089"},{"taxonomy":"product_tag","embeddable":true,"href":"https:\/\/stylingagenten.com\/sv\/wp-json\/wp\/v2\/product_tag?post=10089"},{"taxonomy":"berocket_brand","embeddable":true,"href":"https:\/\/stylingagenten.com\/sv\/wp-json\/wp\/v2\/berocket_brand?post=10089"}],"curies":[{"name":"wp","href":"https:\/\/api.w.org\/{rel}","templated":true}]}}