{"id":10085,"date":"2025-01-24T11:36:47","date_gmt":"2025-01-24T11:36:47","guid":{"rendered":"https:\/\/staging2.stylingagenten.com\/sv\/produkt\/replay-green-on-me-woman-edp-30ml\/"},"modified":"2026-04-02T13:58:02","modified_gmt":"2026-04-02T13:58:02","slug":"replay-green-on-me-woman-edp-30ml","status":"publish","type":"product","link":"https:\/\/stylingagenten.com\/sv\/produkt\/replay-green-on-me-woman-edp-30ml\/","title":{"rendered":"Replay Green On Me Woman Edp 30ml"},"content":{"rendered":"<p>Replay Green On Me Woman Edp ska v\u00e4cka k\u00e4nslorna av ett v\u00e4xthus tidigt p\u00e5 morgonen. Solens str\u00e5lar b\u00f6rjar sila in genom f\u00f6nstren, som fortfarande \u00e4r immiga fr\u00e5n eftermiddagens v\u00e4rme. Blommorna, fortfarande fuktiga av dagg, b\u00f6rjar sl\u00e5 ut och avsl\u00f6jar f\u00f6rsiktigt sina klara f\u00e4rger samtidigt som de sprider naturens f\u00f6rf\u00f6riska doft.<\/p>\n<p>Toppnoter: bergamott, gul mandarin, murgr\u00f6na<br \/>\n<br \/>Hj\u00e4rtnoter: heliotrop, apelsinblomma, gr\u00f6nt \u00e4pple<br \/>\n<br \/>Basnoter: vanilj, sandeltr\u00e4, patchouliblad.<\/p>\n<p>30ml<\/p>\n","protected":false},"excerpt":{"rendered":"<p>Replay Green On Me Woman Edp ska v\u00e4cka k\u00e4nslorna av ett v\u00e4xthus tidigt p\u00e5 morgonen. Solens str\u00e5lar b\u00f6rjar sila in genom f\u00f6nstren, som fortfarande \u00e4r immiga fr\u00e5n eftermiddagens v\u00e4rme. Blommorna, fortfarande fuktiga av dagg, b\u00f6rjar sl\u00e5 ut och avsl\u00f6jar f\u00f6rsiktigt sina klara f\u00e4rger samtidigt som de sprider naturens f\u00f6rf\u00f6riska doft. Toppnoter: bergamott, gul mandarin, murgr\u00f6na [&hellip;]<\/p>\n","protected":false},"featured_media":10071,"comment_status":"open","ping_status":"closed","template":"","meta":{"_trash_the_other_posts":false},"product_brand":[],"product_cat":[706,735,999],"product_tag":[4048],"berocket_brand":[1120],"class_list":{"0":"post-10085","1":"product","2":"type-product","3":"status-publish","4":"has-post-thumbnail","6":"product_cat-eau-de-parfum-dam","7":"product_cat-kampanj","8":"product_cat-kampanj-for-henne","9":"product_tag-replay-green-on-me-woman-edp","10":"pa_brand-replay","11":"pa_variant-30ml","12":"berocket_brand-replay","14":"first","15":"instock","16":"sale","17":"taxable","18":"shipping-taxable","19":"purchasable","20":"product-type-simple"},"_links":{"self":[{"href":"https:\/\/stylingagenten.com\/sv\/wp-json\/wp\/v2\/product\/10085","targetHints":{"allow":["GET"]}}],"collection":[{"href":"https:\/\/stylingagenten.com\/sv\/wp-json\/wp\/v2\/product"}],"about":[{"href":"https:\/\/stylingagenten.com\/sv\/wp-json\/wp\/v2\/types\/product"}],"replies":[{"embeddable":true,"href":"https:\/\/stylingagenten.com\/sv\/wp-json\/wp\/v2\/comments?post=10085"}],"version-history":[{"count":0,"href":"https:\/\/stylingagenten.com\/sv\/wp-json\/wp\/v2\/product\/10085\/revisions"}],"wp:featuredmedia":[{"embeddable":true,"href":"https:\/\/stylingagenten.com\/sv\/wp-json\/wp\/v2\/media\/10071"}],"wp:attachment":[{"href":"https:\/\/stylingagenten.com\/sv\/wp-json\/wp\/v2\/media?parent=10085"}],"wp:term":[{"taxonomy":"product_brand","embeddable":true,"href":"https:\/\/stylingagenten.com\/sv\/wp-json\/wp\/v2\/product_brand?post=10085"},{"taxonomy":"product_cat","embeddable":true,"href":"https:\/\/stylingagenten.com\/sv\/wp-json\/wp\/v2\/product_cat?post=10085"},{"taxonomy":"product_tag","embeddable":true,"href":"https:\/\/stylingagenten.com\/sv\/wp-json\/wp\/v2\/product_tag?post=10085"},{"taxonomy":"berocket_brand","embeddable":true,"href":"https:\/\/stylingagenten.com\/sv\/wp-json\/wp\/v2\/berocket_brand?post=10085"}],"curies":[{"name":"wp","href":"https:\/\/api.w.org\/{rel}","templated":true}]}}