{"id":10065,"date":"2025-01-24T11:36:44","date_gmt":"2025-01-24T11:36:44","guid":{"rendered":"https:\/\/staging2.stylingagenten.com\/sv\/produkt\/giftset-replay-signature-lovers-man-edt-100ml-pochette\/"},"modified":"2026-03-05T13:37:22","modified_gmt":"2026-03-05T13:37:22","slug":"giftset-replay-signature-lovers-man-edt-100ml-pochette","status":"publish","type":"product","link":"https:\/\/stylingagenten.com\/sv\/produkt\/giftset-replay-signature-lovers-man-edt-100ml-pochette\/","title":{"rendered":"Giftset Replay Signature Lovers Man Edt 100ml + Pochette"},"content":{"rendered":"<p>Replay Signature Lovers Man \u00e4r dekorerad med prestigefyllda tatueringar som kommunicerar ett budskap om positiv k\u00e4rlek i Biker Replay-stil. Doften \u00f6ppnar med fruktiga toner av Plommon, Mandarin och Pomelo; f\u00f6r att sammanfl\u00e4ta med hj\u00e4rtnoterna av Kardemumma, Lavendel och Violett p\u00e5 en bas av Labdanum, Guajaktr\u00e4 och Bourbon Vetiver.<\/p>\n<p>Toppnoter: Plommon, Mandarin, Pomelo<br \/>\n<br \/>Hj\u00e4rtnoter: Kardemumma, Lavendel, Violett<br \/>\n<br \/>Basnoter: Labdanum, Guajaktr\u00e4, Bourbon Vetiver<\/p>\n<p>Giftsetet inneh\u00e5ller:<br \/>\n<br \/>Replay Signature Lovers Man Edt 100ml<br \/>\n<br \/>Replay Denim Pochette<\/p>\n","protected":false},"excerpt":{"rendered":"<p>Replay Signature Lovers Man \u00e4r dekorerad med prestigefyllda tatueringar som kommunicerar ett budskap om positiv k\u00e4rlek i Biker Replay-stil. Doften \u00f6ppnar med fruktiga toner av Plommon, Mandarin och Pomelo; f\u00f6r att sammanfl\u00e4ta med hj\u00e4rtnoterna av Kardemumma, Lavendel och Violett p\u00e5 en bas av Labdanum, Guajaktr\u00e4 och Bourbon Vetiver. Toppnoter: Plommon, Mandarin, Pomelo Hj\u00e4rtnoter: Kardemumma, Lavendel, [&hellip;]<\/p>\n","protected":false},"featured_media":10062,"comment_status":"open","ping_status":"closed","template":"","meta":{"_trash_the_other_posts":false},"product_brand":[],"product_cat":[709,548,735,1000],"product_tag":[],"berocket_brand":[1343,1120],"class_list":{"0":"post-10065","1":"product","2":"type-product","3":"status-publish","4":"has-post-thumbnail","6":"product_cat-eau-de-toilette-herr","7":"product_cat-giftset-parfym-herr","8":"product_cat-kampanj","9":"product_cat-kampanj-for-honom","10":"pa_brand-replay","11":"berocket_brand-i-love","12":"berocket_brand-replay","14":"first","15":"instock","16":"sale","17":"taxable","18":"shipping-taxable","19":"purchasable","20":"product-type-simple"},"_links":{"self":[{"href":"https:\/\/stylingagenten.com\/sv\/wp-json\/wp\/v2\/product\/10065","targetHints":{"allow":["GET"]}}],"collection":[{"href":"https:\/\/stylingagenten.com\/sv\/wp-json\/wp\/v2\/product"}],"about":[{"href":"https:\/\/stylingagenten.com\/sv\/wp-json\/wp\/v2\/types\/product"}],"replies":[{"embeddable":true,"href":"https:\/\/stylingagenten.com\/sv\/wp-json\/wp\/v2\/comments?post=10065"}],"version-history":[{"count":0,"href":"https:\/\/stylingagenten.com\/sv\/wp-json\/wp\/v2\/product\/10065\/revisions"}],"wp:featuredmedia":[{"embeddable":true,"href":"https:\/\/stylingagenten.com\/sv\/wp-json\/wp\/v2\/media\/10062"}],"wp:attachment":[{"href":"https:\/\/stylingagenten.com\/sv\/wp-json\/wp\/v2\/media?parent=10065"}],"wp:term":[{"taxonomy":"product_brand","embeddable":true,"href":"https:\/\/stylingagenten.com\/sv\/wp-json\/wp\/v2\/product_brand?post=10065"},{"taxonomy":"product_cat","embeddable":true,"href":"https:\/\/stylingagenten.com\/sv\/wp-json\/wp\/v2\/product_cat?post=10065"},{"taxonomy":"product_tag","embeddable":true,"href":"https:\/\/stylingagenten.com\/sv\/wp-json\/wp\/v2\/product_tag?post=10065"},{"taxonomy":"berocket_brand","embeddable":true,"href":"https:\/\/stylingagenten.com\/sv\/wp-json\/wp\/v2\/berocket_brand?post=10065"}],"curies":[{"name":"wp","href":"https:\/\/api.w.org\/{rel}","templated":true}]}}