{"id":10041,"date":"2025-01-24T11:36:38","date_gmt":"2025-01-24T11:36:38","guid":{"rendered":"https:\/\/staging2.stylingagenten.com\/sv\/produkt\/replay-denim-pochette\/"},"modified":"2026-01-13T19:36:38","modified_gmt":"2026-01-13T19:36:38","slug":"replay-denim-pochette","status":"publish","type":"product","link":"https:\/\/stylingagenten.com\/sv\/produkt\/replay-denim-pochette\/","title":{"rendered":"Replay Denim Pochette"},"content":{"rendered":"<p>Replay Denim Pochette \u2013 Din perfekta resekamrat!<br \/>\n<br \/>Ge dina sk\u00f6nhetsfavoriter en stilfull plats att bo under resan. Replay Pochette Denim \u00e4r b\u00e5de snygg och praktisk, designad f\u00f6r att rymma allt du beh\u00f6ver f\u00f6r att h\u00e5lla dig fr\u00e4sch p\u00e5 spr\u00e5ng. Den erbjuder lagom med utrymme f\u00f6r dina essentiella produkter utan att ta f\u00f6r mycket plats.<\/p>\n<p>Oavsett om du \u00e4r p\u00e5 v\u00e4g till en weekendresa eller bara beh\u00f6ver en praktisk l\u00f6sning f\u00f6r f\u00f6rvaring av dina sk\u00f6nhetsartiklar, ger denna necess\u00e4r dig b\u00e5de funktion och stil i ett. Det slitstarka denimtyget ger en trendig och modern look, medan den smarta designen h\u00e5ller dina produkter organiserade och l\u00e4ttillg\u00e4ngliga.<\/p>\n<p>M\u00e5tt: 19 x 9,5 x 9,5 cm<\/p>\n","protected":false},"excerpt":{"rendered":"<p>Replay Denim Pochette \u2013 Din perfekta resekamrat! Ge dina sk\u00f6nhetsfavoriter en stilfull plats att bo under resan. Replay Pochette Denim \u00e4r b\u00e5de snygg och praktisk, designad f\u00f6r att rymma allt du beh\u00f6ver f\u00f6r att h\u00e5lla dig fr\u00e4sch p\u00e5 spr\u00e5ng. Den erbjuder lagom med utrymme f\u00f6r dina essentiella produkter utan att ta f\u00f6r mycket plats. Oavsett [&hellip;]<\/p>\n","protected":false},"featured_media":10040,"comment_status":"open","ping_status":"closed","template":"","meta":{"_trash_the_other_posts":false},"product_brand":[],"product_cat":[557],"product_tag":[],"berocket_brand":[1120],"class_list":{"0":"post-10041","1":"product","2":"type-product","3":"status-publish","4":"has-post-thumbnail","6":"product_cat-verktyg","7":"pa_brand-replay","8":"berocket_brand-replay","10":"first","11":"instock","12":"sale","13":"taxable","14":"shipping-taxable","15":"purchasable","16":"product-type-simple"},"_links":{"self":[{"href":"https:\/\/stylingagenten.com\/sv\/wp-json\/wp\/v2\/product\/10041","targetHints":{"allow":["GET"]}}],"collection":[{"href":"https:\/\/stylingagenten.com\/sv\/wp-json\/wp\/v2\/product"}],"about":[{"href":"https:\/\/stylingagenten.com\/sv\/wp-json\/wp\/v2\/types\/product"}],"replies":[{"embeddable":true,"href":"https:\/\/stylingagenten.com\/sv\/wp-json\/wp\/v2\/comments?post=10041"}],"version-history":[{"count":0,"href":"https:\/\/stylingagenten.com\/sv\/wp-json\/wp\/v2\/product\/10041\/revisions"}],"wp:featuredmedia":[{"embeddable":true,"href":"https:\/\/stylingagenten.com\/sv\/wp-json\/wp\/v2\/media\/10040"}],"wp:attachment":[{"href":"https:\/\/stylingagenten.com\/sv\/wp-json\/wp\/v2\/media?parent=10041"}],"wp:term":[{"taxonomy":"product_brand","embeddable":true,"href":"https:\/\/stylingagenten.com\/sv\/wp-json\/wp\/v2\/product_brand?post=10041"},{"taxonomy":"product_cat","embeddable":true,"href":"https:\/\/stylingagenten.com\/sv\/wp-json\/wp\/v2\/product_cat?post=10041"},{"taxonomy":"product_tag","embeddable":true,"href":"https:\/\/stylingagenten.com\/sv\/wp-json\/wp\/v2\/product_tag?post=10041"},{"taxonomy":"berocket_brand","embeddable":true,"href":"https:\/\/stylingagenten.com\/sv\/wp-json\/wp\/v2\/berocket_brand?post=10041"}],"curies":[{"name":"wp","href":"https:\/\/api.w.org\/{rel}","templated":true}]}}