{"id":10037,"date":"2025-01-24T11:36:38","date_gmt":"2025-01-24T11:36:38","guid":{"rendered":"https:\/\/staging2.stylingagenten.com\/sv\/produkt\/giftset-replay-source-of-life-man-edt-100ml-pochette\/"},"modified":"2026-03-16T10:25:23","modified_gmt":"2026-03-16T10:25:23","slug":"giftset-replay-source-of-life-man-edt-100ml-pochette","status":"publish","type":"product","link":"https:\/\/stylingagenten.com\/sv\/produkt\/giftset-replay-source-of-life-man-edt-100ml-pochette\/","title":{"rendered":"Giftset Replay Source Of Life Man Edt 100ml + Pochette"},"content":{"rendered":"<p>Source of Life Man Eau de Toilette \u00e4r en hyllning till v\u00e5r planet och sk\u00f6nheten i dess element. En doft som f\u00e5ngar essensen av fuktiga jordnoter och ger dina sinnen en vital och uppfriskande upplevelse. Den perfekta doften f\u00f6r mannen som vill ha en gnista av energi i sin dagliga rutin.<\/p>\n<p>Toppnoter: Elemi fr\u00e5n Filippinerna, Pepparmynta fr\u00e5n v\u00e4stra USA, Balsam Resinoid<br \/>\n<br \/>Hj\u00e4rtnoter: Lavandin Grosso fr\u00e5n Frankrike Orpur\u00ae, Kanelzest fr\u00e5n Laos Orpur\u00ae, Kardemumma Insia Orpur\u00ae<br \/>\n<br \/>Basnoter: Virginia Cedertr\u00e4 Orpur\u00ae, Crunch Accord Naturlig Vanillin (fr\u00e5n kryddnejlikor)<\/p>\n<p>Giftsetet inneh\u00e5ller:<br \/>\n<br \/>Replay Source Of Life Man Edt 100ml<br \/>\n<br \/>Replay Denim Pochette<\/p>\n","protected":false},"excerpt":{"rendered":"<p>Source of Life Man Eau de Toilette \u00e4r en hyllning till v\u00e5r planet och sk\u00f6nheten i dess element. En doft som f\u00e5ngar essensen av fuktiga jordnoter och ger dina sinnen en vital och uppfriskande upplevelse. Den perfekta doften f\u00f6r mannen som vill ha en gnista av energi i sin dagliga rutin. Toppnoter: Elemi fr\u00e5n Filippinerna, [&hellip;]<\/p>\n","protected":false},"featured_media":10030,"comment_status":"open","ping_status":"closed","template":"","meta":{"_trash_the_other_posts":false},"product_brand":[],"product_cat":[709,548,735,1000],"product_tag":[],"berocket_brand":[1120],"class_list":{"0":"post-10037","1":"product","2":"type-product","3":"status-publish","4":"has-post-thumbnail","6":"product_cat-eau-de-toilette-herr","7":"product_cat-giftset-parfym-herr","8":"product_cat-kampanj","9":"product_cat-kampanj-for-honom","10":"pa_brand-replay","11":"berocket_brand-replay","13":"first","14":"instock","15":"sale","16":"taxable","17":"shipping-taxable","18":"purchasable","19":"product-type-simple"},"_links":{"self":[{"href":"https:\/\/stylingagenten.com\/sv\/wp-json\/wp\/v2\/product\/10037","targetHints":{"allow":["GET"]}}],"collection":[{"href":"https:\/\/stylingagenten.com\/sv\/wp-json\/wp\/v2\/product"}],"about":[{"href":"https:\/\/stylingagenten.com\/sv\/wp-json\/wp\/v2\/types\/product"}],"replies":[{"embeddable":true,"href":"https:\/\/stylingagenten.com\/sv\/wp-json\/wp\/v2\/comments?post=10037"}],"version-history":[{"count":0,"href":"https:\/\/stylingagenten.com\/sv\/wp-json\/wp\/v2\/product\/10037\/revisions"}],"wp:featuredmedia":[{"embeddable":true,"href":"https:\/\/stylingagenten.com\/sv\/wp-json\/wp\/v2\/media\/10030"}],"wp:attachment":[{"href":"https:\/\/stylingagenten.com\/sv\/wp-json\/wp\/v2\/media?parent=10037"}],"wp:term":[{"taxonomy":"product_brand","embeddable":true,"href":"https:\/\/stylingagenten.com\/sv\/wp-json\/wp\/v2\/product_brand?post=10037"},{"taxonomy":"product_cat","embeddable":true,"href":"https:\/\/stylingagenten.com\/sv\/wp-json\/wp\/v2\/product_cat?post=10037"},{"taxonomy":"product_tag","embeddable":true,"href":"https:\/\/stylingagenten.com\/sv\/wp-json\/wp\/v2\/product_tag?post=10037"},{"taxonomy":"berocket_brand","embeddable":true,"href":"https:\/\/stylingagenten.com\/sv\/wp-json\/wp\/v2\/berocket_brand?post=10037"}],"curies":[{"name":"wp","href":"https:\/\/api.w.org\/{rel}","templated":true}]}}