{"id":10034,"date":"2025-01-24T11:36:37","date_gmt":"2025-01-24T11:36:37","guid":{"rendered":"https:\/\/staging2.stylingagenten.com\/sv\/produkt\/giftset-replay-signature-woman-edp-100ml-pochette\/"},"modified":"2026-03-30T08:48:35","modified_gmt":"2026-03-30T08:48:35","slug":"giftset-replay-signature-woman-edp-100ml-pochette","status":"publish","type":"product","link":"https:\/\/stylingagenten.com\/sv\/produkt\/giftset-replay-signature-woman-edp-100ml-pochette\/","title":{"rendered":"Giftset Replay Signature Woman Edp 100ml + Pochette"},"content":{"rendered":"<p>Med sin innovativa design str\u00e4var Replay Signature efter att \u00f6verf\u00f6ra andan fr\u00e5n Replay modekollektion till parfymv\u00e4rlden. Den institutionella formen p\u00e5 flaskan f\u00f6rst\u00e4rks av nitar p\u00e5 b\u00e5da sidorna. Det blommiga motivet dekorerar hela flaskan och g\u00f6r den otroligt elegant. Doften \u00e4r en distinkt chypre-komposition med en modern femininitet och f\u00f6rf\u00f6risk kraft. I toppnoten sprider citrusfrukter sin doft f\u00f6r att skapa en k\u00e4nsla av naturlig fr\u00e4sch\u00f6r. Luften \u00e4r doftande av s\u00f6t mandarin och saftig nektarin. Den f\u00f6rtrollande hj\u00e4rtnoten kombinerar en bukett av sensuell geranium, bed\u00f6vande jasmin och exotisk ylang ylang som sm\u00e4lter samman och sprider ren charm. Den eleganta basen av m\u00f6rk vetiver, jordig patchouli, \u00e4del amber och ren mysk harmoniserar detta exceptionella m\u00e4sterverk.<\/p>\n<p>Toppnoter: Nektarin, Mandarin, Citrus<br \/>\n<br \/>Hj\u00e4rtnoter: Ylang Ylang, Jasmin, Geranium<br \/>\n<br \/>Basnoter: Patchouli, Musk, Amber, Vetiver<\/p>\n<p>Giftsetet inneh\u00e5ller:<br \/>\n<br \/>Replay Signature Woman Edp 100ml<br \/>\n<br \/>Replay Denim Pochette<\/p>\n","protected":false},"excerpt":{"rendered":"<p>Med sin innovativa design str\u00e4var Replay Signature efter att \u00f6verf\u00f6ra andan fr\u00e5n Replay modekollektion till parfymv\u00e4rlden. Den institutionella formen p\u00e5 flaskan f\u00f6rst\u00e4rks av nitar p\u00e5 b\u00e5da sidorna. Det blommiga motivet dekorerar hela flaskan och g\u00f6r den otroligt elegant. Doften \u00e4r en distinkt chypre-komposition med en modern femininitet och f\u00f6rf\u00f6risk kraft. I toppnoten sprider citrusfrukter sin [&hellip;]<\/p>\n","protected":false},"featured_media":10026,"comment_status":"open","ping_status":"closed","template":"","meta":{"_trash_the_other_posts":false},"product_brand":[],"product_cat":[706,544,735,999],"product_tag":[],"berocket_brand":[1120],"class_list":{"0":"post-10034","1":"product","2":"type-product","3":"status-publish","4":"has-post-thumbnail","6":"product_cat-eau-de-parfum-dam","7":"product_cat-giftset-parfym-dam","8":"product_cat-kampanj","9":"product_cat-kampanj-for-henne","10":"pa_brand-replay","11":"berocket_brand-replay","13":"first","14":"instock","15":"sale","16":"taxable","17":"shipping-taxable","18":"purchasable","19":"product-type-simple"},"_links":{"self":[{"href":"https:\/\/stylingagenten.com\/sv\/wp-json\/wp\/v2\/product\/10034","targetHints":{"allow":["GET"]}}],"collection":[{"href":"https:\/\/stylingagenten.com\/sv\/wp-json\/wp\/v2\/product"}],"about":[{"href":"https:\/\/stylingagenten.com\/sv\/wp-json\/wp\/v2\/types\/product"}],"replies":[{"embeddable":true,"href":"https:\/\/stylingagenten.com\/sv\/wp-json\/wp\/v2\/comments?post=10034"}],"version-history":[{"count":0,"href":"https:\/\/stylingagenten.com\/sv\/wp-json\/wp\/v2\/product\/10034\/revisions"}],"wp:featuredmedia":[{"embeddable":true,"href":"https:\/\/stylingagenten.com\/sv\/wp-json\/wp\/v2\/media\/10026"}],"wp:attachment":[{"href":"https:\/\/stylingagenten.com\/sv\/wp-json\/wp\/v2\/media?parent=10034"}],"wp:term":[{"taxonomy":"product_brand","embeddable":true,"href":"https:\/\/stylingagenten.com\/sv\/wp-json\/wp\/v2\/product_brand?post=10034"},{"taxonomy":"product_cat","embeddable":true,"href":"https:\/\/stylingagenten.com\/sv\/wp-json\/wp\/v2\/product_cat?post=10034"},{"taxonomy":"product_tag","embeddable":true,"href":"https:\/\/stylingagenten.com\/sv\/wp-json\/wp\/v2\/product_tag?post=10034"},{"taxonomy":"berocket_brand","embeddable":true,"href":"https:\/\/stylingagenten.com\/sv\/wp-json\/wp\/v2\/berocket_brand?post=10034"}],"curies":[{"name":"wp","href":"https:\/\/api.w.org\/{rel}","templated":true}]}}