{"id":10029,"date":"2025-01-24T11:36:37","date_gmt":"2025-01-24T11:36:37","guid":{"rendered":"https:\/\/staging2.stylingagenten.com\/sv\/produkt\/giftset-replay-signature-secret-woman-edt-100ml-pochette\/"},"modified":"2026-04-04T16:48:38","modified_gmt":"2026-04-04T16:48:38","slug":"giftset-replay-signature-secret-woman-edt-100ml-pochette","status":"publish","type":"product","link":"https:\/\/stylingagenten.com\/sv\/produkt\/giftset-replay-signature-secret-woman-edt-100ml-pochette\/","title":{"rendered":"Giftset Replay Signature Secret Woman Edt 100ml + Pochette"},"content":{"rendered":"<p>Replay Signature Secret for Woman \u00e4r den nya doften som berikar Replay Signature-serien. En idyllisk tr\u00e4dg\u00e5rd dekorerar flaskan och bjuder in till vacker natur. Denna skapelse hyllar kvinnors mystiska, mjuka och idylliska sj\u00e4l. Doften \u00e4r en energisk komposition som \u00f6ppnar med en f\u00e4ngslande harmoni av sprudlande bergamott och saftigt p\u00e4ron. Hj\u00e4rtat \u00e5terspeglar femininiteten hos en stark och kraftfull kvinna med en blommig bukett av fr\u00e4sch fresia och sensuell sambac jasmin. En varm och inb\u00e4ddande bas av sammetslen kashmirtr\u00e4 och kr\u00e4mig vanilj knyter samman hela kompositionen.<\/p>\n<p>Toppnoter: Bergamott, P\u00e4ron, Petitgrain<br \/>\n<br \/>Hj\u00e4rtnoter: Fresia, Jasmin Sambac , Apelsinblomma<br \/>\n<br \/>Basnoter: Vit Musk, Vanilj, Kashmirtr\u00e4<\/p>\n<p>Giftsetet inneh\u00e5ller:<br \/>\n<br \/>Replay Signature Secret Woman Edt 100ml<br \/>\n<br \/>Replay Denim Pochette<\/p>\n","protected":false},"excerpt":{"rendered":"<p>Replay Signature Secret for Woman \u00e4r den nya doften som berikar Replay Signature-serien. En idyllisk tr\u00e4dg\u00e5rd dekorerar flaskan och bjuder in till vacker natur. Denna skapelse hyllar kvinnors mystiska, mjuka och idylliska sj\u00e4l. Doften \u00e4r en energisk komposition som \u00f6ppnar med en f\u00e4ngslande harmoni av sprudlande bergamott och saftigt p\u00e4ron. Hj\u00e4rtat \u00e5terspeglar femininiteten hos en [&hellip;]<\/p>\n","protected":false},"featured_media":10024,"comment_status":"open","ping_status":"closed","template":"","meta":{"_trash_the_other_posts":false},"product_brand":[],"product_cat":[706,544,735,999],"product_tag":[],"berocket_brand":[1120],"class_list":{"0":"post-10029","1":"product","2":"type-product","3":"status-publish","4":"has-post-thumbnail","6":"product_cat-eau-de-parfum-dam","7":"product_cat-giftset-parfym-dam","8":"product_cat-kampanj","9":"product_cat-kampanj-for-henne","10":"pa_brand-replay","11":"berocket_brand-replay","13":"first","14":"instock","15":"sale","16":"taxable","17":"shipping-taxable","18":"purchasable","19":"product-type-simple"},"_links":{"self":[{"href":"https:\/\/stylingagenten.com\/sv\/wp-json\/wp\/v2\/product\/10029","targetHints":{"allow":["GET"]}}],"collection":[{"href":"https:\/\/stylingagenten.com\/sv\/wp-json\/wp\/v2\/product"}],"about":[{"href":"https:\/\/stylingagenten.com\/sv\/wp-json\/wp\/v2\/types\/product"}],"replies":[{"embeddable":true,"href":"https:\/\/stylingagenten.com\/sv\/wp-json\/wp\/v2\/comments?post=10029"}],"version-history":[{"count":0,"href":"https:\/\/stylingagenten.com\/sv\/wp-json\/wp\/v2\/product\/10029\/revisions"}],"wp:featuredmedia":[{"embeddable":true,"href":"https:\/\/stylingagenten.com\/sv\/wp-json\/wp\/v2\/media\/10024"}],"wp:attachment":[{"href":"https:\/\/stylingagenten.com\/sv\/wp-json\/wp\/v2\/media?parent=10029"}],"wp:term":[{"taxonomy":"product_brand","embeddable":true,"href":"https:\/\/stylingagenten.com\/sv\/wp-json\/wp\/v2\/product_brand?post=10029"},{"taxonomy":"product_cat","embeddable":true,"href":"https:\/\/stylingagenten.com\/sv\/wp-json\/wp\/v2\/product_cat?post=10029"},{"taxonomy":"product_tag","embeddable":true,"href":"https:\/\/stylingagenten.com\/sv\/wp-json\/wp\/v2\/product_tag?post=10029"},{"taxonomy":"berocket_brand","embeddable":true,"href":"https:\/\/stylingagenten.com\/sv\/wp-json\/wp\/v2\/berocket_brand?post=10029"}],"curies":[{"name":"wp","href":"https:\/\/api.w.org\/{rel}","templated":true}]}}