{"id":469477,"date":"2026-04-09T09:02:44","date_gmt":"2026-04-09T09:02:44","guid":{"rendered":"https:\/\/stylingagenten.com\/no\/produkt\/hugo-boss-boss-bottled-shower-gel-150ml\/"},"modified":"2026-04-13T05:37:36","modified_gmt":"2026-04-13T05:37:36","slug":"hugo-boss-boss-bottled-shower-gel-150ml","status":"publish","type":"product","link":"https:\/\/stylingagenten.com\/no\/produkt\/hugo-boss-boss-bottled-shower-gel-150ml\/","title":{"rendered":"Hugo Boss Boss Bottled Shower Gel 150ml"},"content":{"rendered":"<p>Hugo Boss Boss Bottled Shower Gel med samme ikoniske duft som bestselgeren fra Hugo Boss!<\/p>\n<p>BOSS Bottled er en av verdens mest solgte herreparfymer. Duften utstr\u00e5ler selvtillit og retter seg mot mannen som \u00f8nsker \u00e5 fremheve den sensuelle og emosjonelle siden av sin maskuline karakter. BOSS Bottled er selve symbolet p\u00e5 den moderne og suksessfulle mannen.<\/p>\n<p>En topp av spr\u00f8tt r\u00f8dt eple, sitron og plomme gir en interessant, fruktig og varm karakter. Gr\u00f8nn geranium, kanel og nellik i hjertet. Pulserende trenoter sammen med vanilje i basen gir dybde til duften og formidler en sterk maskulin signatur.<\/p>\n<p>150 ml<\/p>\n","protected":false},"excerpt":{"rendered":"<p>Hugo Boss Boss Bottled Shower Gel med samme ikoniske duft som bestselgeren fra Hugo Boss! BOSS Bottled er en av verdens mest solgte herreparfymer. Duften utstr\u00e5ler selvtillit og retter seg mot mannen som \u00f8nsker \u00e5 fremheve den sensuelle og emosjonelle siden av sin maskuline karakter. BOSS Bottled er selve symbolet p\u00e5 den moderne og suksessfulle [&hellip;]<\/p>\n","protected":false},"featured_media":469476,"comment_status":"open","ping_status":"closed","template":"","meta":{"_trash_the_other_posts":false},"product_brand":[],"product_cat":[560],"product_tag":[],"berocket_brand":[],"class_list":{"0":"post-469477","1":"product","2":"type-product","3":"status-publish","4":"has-post-thumbnail","6":"product_cat-shower-gel","7":"pa_brand-hugo-boss","9":"first","10":"instock","11":"sale","12":"taxable","13":"shipping-taxable","14":"purchasable","15":"product-type-simple"},"_links":{"self":[{"href":"https:\/\/stylingagenten.com\/no\/wp-json\/wp\/v2\/product\/469477","targetHints":{"allow":["GET"]}}],"collection":[{"href":"https:\/\/stylingagenten.com\/no\/wp-json\/wp\/v2\/product"}],"about":[{"href":"https:\/\/stylingagenten.com\/no\/wp-json\/wp\/v2\/types\/product"}],"replies":[{"embeddable":true,"href":"https:\/\/stylingagenten.com\/no\/wp-json\/wp\/v2\/comments?post=469477"}],"version-history":[{"count":0,"href":"https:\/\/stylingagenten.com\/no\/wp-json\/wp\/v2\/product\/469477\/revisions"}],"wp:featuredmedia":[{"embeddable":true,"href":"https:\/\/stylingagenten.com\/no\/wp-json\/wp\/v2\/media\/469476"}],"wp:attachment":[{"href":"https:\/\/stylingagenten.com\/no\/wp-json\/wp\/v2\/media?parent=469477"}],"wp:term":[{"taxonomy":"product_brand","embeddable":true,"href":"https:\/\/stylingagenten.com\/no\/wp-json\/wp\/v2\/product_brand?post=469477"},{"taxonomy":"product_cat","embeddable":true,"href":"https:\/\/stylingagenten.com\/no\/wp-json\/wp\/v2\/product_cat?post=469477"},{"taxonomy":"product_tag","embeddable":true,"href":"https:\/\/stylingagenten.com\/no\/wp-json\/wp\/v2\/product_tag?post=469477"},{"taxonomy":"berocket_brand","embeddable":true,"href":"https:\/\/stylingagenten.com\/no\/wp-json\/wp\/v2\/berocket_brand?post=469477"}],"curies":[{"name":"wp","href":"https:\/\/api.w.org\/{rel}","templated":true}]}}