{"id":469463,"date":"2026-04-09T07:36:52","date_gmt":"2026-04-09T07:36:52","guid":{"rendered":"https:\/\/stylingagenten.com\/no\/produkt\/shiseido-future-solution-lx-concentrated-brightening-softener-170ml\/"},"modified":"2026-04-09T07:36:52","modified_gmt":"2026-04-09T07:36:52","slug":"shiseido-future-solution-lx-concentrated-brightening-softener-170ml","status":"publish","type":"product","link":"https:\/\/stylingagenten.com\/no\/produkt\/shiseido-future-solution-lx-concentrated-brightening-softener-170ml\/","title":{"rendered":"Shiseido Future Solution LX Concentrated Brightening Softener 170ml"},"content":{"rendered":"<p>Shiseido Future Solution LX Concentrated Brightening Softener er en innovativ, mykgj\u00f8rende lotion basert p\u00e5 over 40 \u00e5rs genetisk forskning. Den bidrar til \u00e5 lysne m\u00f8rke flekker og styrker hudbarrieren, for en smidig og fuktet hud med vakker gl\u00f8d. I kliniske studier opplevde 84 % en jevnere hudtone*. Formelen er beriket med eksklusive japanske botaniske ingredienser. Den silkemyke teksturen absorberes raskt og etterlater huden med en luksuri\u00f8s, glatt f\u00f8lelse.<\/p>\n<p>170 ml<\/p>\n","protected":false},"excerpt":{"rendered":"<p>Shiseido Future Solution LX Concentrated Brightening Softener er en innovativ, mykgj\u00f8rende lotion basert p\u00e5 over 40 \u00e5rs genetisk forskning. Den bidrar til \u00e5 lysne m\u00f8rke flekker og styrker hudbarrieren, for en smidig og fuktet hud med vakker gl\u00f8d. I kliniske studier opplevde 84 % en jevnere hudtone*. Formelen er beriket med eksklusive japanske botaniske ingredienser. [&hellip;]<\/p>\n","protected":false},"featured_media":469461,"comment_status":"open","ping_status":"closed","template":"","meta":{"_trash_the_other_posts":false},"product_brand":[],"product_cat":[571],"product_tag":[],"berocket_brand":[],"class_list":{"0":"post-469463","1":"product","2":"type-product","3":"status-publish","4":"has-post-thumbnail","6":"product_cat-ansiktsvann","7":"pa_brand-shiseido","9":"first","10":"instock","11":"sale","12":"taxable","13":"shipping-taxable","14":"purchasable","15":"product-type-simple"},"_links":{"self":[{"href":"https:\/\/stylingagenten.com\/no\/wp-json\/wp\/v2\/product\/469463","targetHints":{"allow":["GET"]}}],"collection":[{"href":"https:\/\/stylingagenten.com\/no\/wp-json\/wp\/v2\/product"}],"about":[{"href":"https:\/\/stylingagenten.com\/no\/wp-json\/wp\/v2\/types\/product"}],"replies":[{"embeddable":true,"href":"https:\/\/stylingagenten.com\/no\/wp-json\/wp\/v2\/comments?post=469463"}],"version-history":[{"count":0,"href":"https:\/\/stylingagenten.com\/no\/wp-json\/wp\/v2\/product\/469463\/revisions"}],"wp:featuredmedia":[{"embeddable":true,"href":"https:\/\/stylingagenten.com\/no\/wp-json\/wp\/v2\/media\/469461"}],"wp:attachment":[{"href":"https:\/\/stylingagenten.com\/no\/wp-json\/wp\/v2\/media?parent=469463"}],"wp:term":[{"taxonomy":"product_brand","embeddable":true,"href":"https:\/\/stylingagenten.com\/no\/wp-json\/wp\/v2\/product_brand?post=469463"},{"taxonomy":"product_cat","embeddable":true,"href":"https:\/\/stylingagenten.com\/no\/wp-json\/wp\/v2\/product_cat?post=469463"},{"taxonomy":"product_tag","embeddable":true,"href":"https:\/\/stylingagenten.com\/no\/wp-json\/wp\/v2\/product_tag?post=469463"},{"taxonomy":"berocket_brand","embeddable":true,"href":"https:\/\/stylingagenten.com\/no\/wp-json\/wp\/v2\/berocket_brand?post=469463"}],"curies":[{"name":"wp","href":"https:\/\/api.w.org\/{rel}","templated":true}]}}