{"id":469430,"date":"2026-04-09T07:36:15","date_gmt":"2026-04-09T07:36:15","guid":{"rendered":"https:\/\/stylingagenten.com\/no\/produkt\/filorga-global-repair-advanced-cream-50ml\/"},"modified":"2026-04-09T07:36:15","modified_gmt":"2026-04-09T07:36:15","slug":"filorga-global-repair-advanced-cream-50ml","status":"publish","type":"product","link":"https:\/\/stylingagenten.com\/no\/produkt\/filorga-global-repair-advanced-cream-50ml\/","title":{"rendered":"Filorga Global-Repair Advanced Cream 50ml"},"content":{"rendered":"<p>Filorga Global-Repair Advanced Cream er en eksepsjonell ansiktskrem som motvirker ti aldringstegn, booster hudens reparasjonsprosess og gjenoppretter et mer ungdommelig utseende. Ansiktskremen \u2013 som har en lett og smeltende tekstur \u2013 er beriket med fransk pionekstrakt som har en oppstrammende effekt og bidrar til \u00e5 gjenopprette ansiktets konturer, for en fastere og mer definert hud. Filorgas Global-Repair-serie anbefales for moden hud.<\/p>\n<p>\u2022 Motvirker ti aldringstegn<br \/>\u2022 Gj\u00f8r huden fastere<br \/>\u2022 Passer for moden hud<\/p>\n<p>En kombinasjon av avanserte ingredienser (omstrukturerende peptider, lipidkompleks og botanisk ekstrakt) bidrar til \u00e5 \u00f8ke hudens naturlige reparasjonsprosess for \u00e5 gjenopprette et mer ungdommelig utseende.<\/p>\n<p>50 ml<\/p>\n","protected":false},"excerpt":{"rendered":"<p>Filorga Global-Repair Advanced Cream er en eksepsjonell ansiktskrem som motvirker ti aldringstegn, booster hudens reparasjonsprosess og gjenoppretter et mer ungdommelig utseende. Ansiktskremen \u2013 som har en lett og smeltende tekstur \u2013 er beriket med fransk pionekstrakt som har en oppstrammende effekt og bidrar til \u00e5 gjenopprette ansiktets konturer, for en fastere og mer definert hud. [&hellip;]<\/p>\n","protected":false},"featured_media":469426,"comment_status":"open","ping_status":"closed","template":"","meta":{"_trash_the_other_posts":false},"product_brand":[],"product_cat":[559],"product_tag":[],"berocket_brand":[],"class_list":{"0":"post-469430","1":"product","2":"type-product","3":"status-publish","4":"has-post-thumbnail","6":"product_cat-ansiktskrem","7":"pa_brand-filorga","9":"first","10":"instock","11":"sale","12":"taxable","13":"shipping-taxable","14":"purchasable","15":"product-type-simple"},"_links":{"self":[{"href":"https:\/\/stylingagenten.com\/no\/wp-json\/wp\/v2\/product\/469430","targetHints":{"allow":["GET"]}}],"collection":[{"href":"https:\/\/stylingagenten.com\/no\/wp-json\/wp\/v2\/product"}],"about":[{"href":"https:\/\/stylingagenten.com\/no\/wp-json\/wp\/v2\/types\/product"}],"replies":[{"embeddable":true,"href":"https:\/\/stylingagenten.com\/no\/wp-json\/wp\/v2\/comments?post=469430"}],"version-history":[{"count":0,"href":"https:\/\/stylingagenten.com\/no\/wp-json\/wp\/v2\/product\/469430\/revisions"}],"wp:featuredmedia":[{"embeddable":true,"href":"https:\/\/stylingagenten.com\/no\/wp-json\/wp\/v2\/media\/469426"}],"wp:attachment":[{"href":"https:\/\/stylingagenten.com\/no\/wp-json\/wp\/v2\/media?parent=469430"}],"wp:term":[{"taxonomy":"product_brand","embeddable":true,"href":"https:\/\/stylingagenten.com\/no\/wp-json\/wp\/v2\/product_brand?post=469430"},{"taxonomy":"product_cat","embeddable":true,"href":"https:\/\/stylingagenten.com\/no\/wp-json\/wp\/v2\/product_cat?post=469430"},{"taxonomy":"product_tag","embeddable":true,"href":"https:\/\/stylingagenten.com\/no\/wp-json\/wp\/v2\/product_tag?post=469430"},{"taxonomy":"berocket_brand","embeddable":true,"href":"https:\/\/stylingagenten.com\/no\/wp-json\/wp\/v2\/berocket_brand?post=469430"}],"curies":[{"name":"wp","href":"https:\/\/api.w.org\/{rel}","templated":true}]}}