{"id":469419,"date":"2026-04-09T07:36:03","date_gmt":"2026-04-09T07:36:03","guid":{"rendered":"https:\/\/stylingagenten.com\/no\/produkt\/filorga-skin-prep-perfecting-cleansing-oil-150ml\/"},"modified":"2026-04-09T07:36:03","modified_gmt":"2026-04-09T07:36:03","slug":"filorga-skin-prep-perfecting-cleansing-oil-150ml","status":"publish","type":"product","link":"https:\/\/stylingagenten.com\/no\/produkt\/filorga-skin-prep-perfecting-cleansing-oil-150ml\/","title":{"rendered":"Filorga Skin-Prep Perfecting Cleansing Oil 150ml"},"content":{"rendered":"<p>Filorga Skin-Prep Perfecting Cleansing Oil er en renseolje som effektivt fjerner overfl\u00f8dig talg, urenheter og sminke \u2013 inkludert vannfast sminke. Produktet er steg 1 i FILORGAs Skin-Prep-protokoll, og renser huden sk\u00e5nsomt samtidig som den forbereder huden for de p\u00e5f\u00f8lgende stegene i rutinen. Den n\u00e6rende formelen gir en umiddelbar fornyende effekt: huden blir renset, oppleves glattere og f\u00e5r \u00f8kt komfort. Inneholder 100 % ingredienser av naturlig opprinnelse. Passer for alle hudtyper, ogs\u00e5 sensitiv hud.<\/p>\n<p>\u2022 Fjerner vannfast sminke<br \/>\u2022 Gir en glattere hud<br \/>\u2022 Passer alle hudtyper<\/p>\n<p>Skin-Prep er en renseserie i tre steg \u2013 Soft Cleansing, Deep Cleansing og Extraction \u2013 som gir umiddelbare og synlige resultater for en \u201cnew skin\u201d-effekt. Utforsk alle produktene for \u00e5 finne den optimale rutinen for din hud.<\/p>\n<p>150 ml<\/p>\n","protected":false},"excerpt":{"rendered":"<p>Filorga Skin-Prep Perfecting Cleansing Oil er en renseolje som effektivt fjerner overfl\u00f8dig talg, urenheter og sminke \u2013 inkludert vannfast sminke. Produktet er steg 1 i FILORGAs Skin-Prep-protokoll, og renser huden sk\u00e5nsomt samtidig som den forbereder huden for de p\u00e5f\u00f8lgende stegene i rutinen. Den n\u00e6rende formelen gir en umiddelbar fornyende effekt: huden blir renset, oppleves glattere [&hellip;]<\/p>\n","protected":false},"featured_media":469416,"comment_status":"open","ping_status":"closed","template":"","meta":{"_trash_the_other_posts":false},"product_brand":[],"product_cat":[609],"product_tag":[],"berocket_brand":[],"class_list":{"0":"post-469419","1":"product","2":"type-product","3":"status-publish","4":"has-post-thumbnail","6":"product_cat-ansiktsrens","7":"pa_brand-filorga","9":"first","10":"instock","11":"sale","12":"taxable","13":"shipping-taxable","14":"purchasable","15":"product-type-simple"},"_links":{"self":[{"href":"https:\/\/stylingagenten.com\/no\/wp-json\/wp\/v2\/product\/469419","targetHints":{"allow":["GET"]}}],"collection":[{"href":"https:\/\/stylingagenten.com\/no\/wp-json\/wp\/v2\/product"}],"about":[{"href":"https:\/\/stylingagenten.com\/no\/wp-json\/wp\/v2\/types\/product"}],"replies":[{"embeddable":true,"href":"https:\/\/stylingagenten.com\/no\/wp-json\/wp\/v2\/comments?post=469419"}],"version-history":[{"count":0,"href":"https:\/\/stylingagenten.com\/no\/wp-json\/wp\/v2\/product\/469419\/revisions"}],"wp:featuredmedia":[{"embeddable":true,"href":"https:\/\/stylingagenten.com\/no\/wp-json\/wp\/v2\/media\/469416"}],"wp:attachment":[{"href":"https:\/\/stylingagenten.com\/no\/wp-json\/wp\/v2\/media?parent=469419"}],"wp:term":[{"taxonomy":"product_brand","embeddable":true,"href":"https:\/\/stylingagenten.com\/no\/wp-json\/wp\/v2\/product_brand?post=469419"},{"taxonomy":"product_cat","embeddable":true,"href":"https:\/\/stylingagenten.com\/no\/wp-json\/wp\/v2\/product_cat?post=469419"},{"taxonomy":"product_tag","embeddable":true,"href":"https:\/\/stylingagenten.com\/no\/wp-json\/wp\/v2\/product_tag?post=469419"},{"taxonomy":"berocket_brand","embeddable":true,"href":"https:\/\/stylingagenten.com\/no\/wp-json\/wp\/v2\/berocket_brand?post=469419"}],"curies":[{"name":"wp","href":"https:\/\/api.w.org\/{rel}","templated":true}]}}