{"id":469412,"date":"2026-04-09T07:35:52","date_gmt":"2026-04-09T07:35:52","guid":{"rendered":"https:\/\/stylingagenten.com\/no\/produkt\/shiseido-benefiance-overnight-wrinkle-resisting-cream-50ml\/"},"modified":"2026-04-09T07:35:52","modified_gmt":"2026-04-09T07:35:52","slug":"shiseido-benefiance-overnight-wrinkle-resisting-cream-50ml","status":"publish","type":"product","link":"https:\/\/stylingagenten.com\/no\/produkt\/shiseido-benefiance-overnight-wrinkle-resisting-cream-50ml\/","title":{"rendered":"Shiseido Benefiance Overnight Wrinkle Resisting Cream 50ml"},"content":{"rendered":"<p>Shiseido Benefiance Overnight Wrinkle Resisting Cream er en nattkrem som virker over natten for \u00e5 motvirke rynker for\u00e5rsaket av d\u00e5rlig s\u00f8vn (if\u00f8lge forskere reduseres hudens naturlige fuktighetsniv\u00e5, og rynker dannes lettere n\u00e5r s\u00f8vnen blir avbrutt i l\u00f8pet av natten). V\u00e5kn opp til en jevnere, mer elastisk og str\u00e5lende hud p\u00e5 bare \u00e9n natt. Brukes som siste steg i hudpleierutinen om kvelden.<\/p>\n<p>50 ml<\/p>\n","protected":false},"excerpt":{"rendered":"<p>Shiseido Benefiance Overnight Wrinkle Resisting Cream er en nattkrem som virker over natten for \u00e5 motvirke rynker for\u00e5rsaket av d\u00e5rlig s\u00f8vn (if\u00f8lge forskere reduseres hudens naturlige fuktighetsniv\u00e5, og rynker dannes lettere n\u00e5r s\u00f8vnen blir avbrutt i l\u00f8pet av natten). V\u00e5kn opp til en jevnere, mer elastisk og str\u00e5lende hud p\u00e5 bare \u00e9n natt. Brukes som [&hellip;]<\/p>\n","protected":false},"featured_media":469409,"comment_status":"open","ping_status":"closed","template":"","meta":{"_trash_the_other_posts":false},"product_brand":[],"product_cat":[559],"product_tag":[],"berocket_brand":[],"class_list":{"0":"post-469412","1":"product","2":"type-product","3":"status-publish","4":"has-post-thumbnail","6":"product_cat-ansiktskrem","7":"pa_brand-shiseido","9":"first","10":"instock","11":"sale","12":"taxable","13":"shipping-taxable","14":"purchasable","15":"product-type-simple"},"_links":{"self":[{"href":"https:\/\/stylingagenten.com\/no\/wp-json\/wp\/v2\/product\/469412","targetHints":{"allow":["GET"]}}],"collection":[{"href":"https:\/\/stylingagenten.com\/no\/wp-json\/wp\/v2\/product"}],"about":[{"href":"https:\/\/stylingagenten.com\/no\/wp-json\/wp\/v2\/types\/product"}],"replies":[{"embeddable":true,"href":"https:\/\/stylingagenten.com\/no\/wp-json\/wp\/v2\/comments?post=469412"}],"version-history":[{"count":0,"href":"https:\/\/stylingagenten.com\/no\/wp-json\/wp\/v2\/product\/469412\/revisions"}],"wp:featuredmedia":[{"embeddable":true,"href":"https:\/\/stylingagenten.com\/no\/wp-json\/wp\/v2\/media\/469409"}],"wp:attachment":[{"href":"https:\/\/stylingagenten.com\/no\/wp-json\/wp\/v2\/media?parent=469412"}],"wp:term":[{"taxonomy":"product_brand","embeddable":true,"href":"https:\/\/stylingagenten.com\/no\/wp-json\/wp\/v2\/product_brand?post=469412"},{"taxonomy":"product_cat","embeddable":true,"href":"https:\/\/stylingagenten.com\/no\/wp-json\/wp\/v2\/product_cat?post=469412"},{"taxonomy":"product_tag","embeddable":true,"href":"https:\/\/stylingagenten.com\/no\/wp-json\/wp\/v2\/product_tag?post=469412"},{"taxonomy":"berocket_brand","embeddable":true,"href":"https:\/\/stylingagenten.com\/no\/wp-json\/wp\/v2\/berocket_brand?post=469412"}],"curies":[{"name":"wp","href":"https:\/\/api.w.org\/{rel}","templated":true}]}}