{"id":469405,"date":"2026-04-09T07:35:39","date_gmt":"2026-04-09T07:35:39","guid":{"rendered":"https:\/\/stylingagenten.com\/no\/produkt\/filorga-time-filler-intensive-5xp-serum-30ml\/"},"modified":"2026-04-09T07:35:39","modified_gmt":"2026-04-09T07:35:39","slug":"filorga-time-filler-intensive-5xp-serum-30ml","status":"publish","type":"product","link":"https:\/\/stylingagenten.com\/no\/produkt\/filorga-time-filler-intensive-5xp-serum-30ml\/","title":{"rendered":"Filorga Time-Filler Intensive 5XP Serum 30ml"},"content":{"rendered":"<p>Filorga Time-Filler Intensive 5XP Serum er et anti-age-serum som jobber for \u00e5 glatte ut fem typer rynker og fine linjer. Formelen inneholder FILORGAs 5XP-kompleks, inspirert av estetiske behandlinger, og den avslappende effekten fremmer umiddelbar og langvarig korrigering av mimikkrynker, dype rynker, overfladiske rynker, t\u00f8rrhetslinjer og halsrynker. Den silkemyke teksturen glir lett over huden og gir en oppfriskende f\u00f8lelse. Kliniske studier har vist imponerende resultater: 97 % rapporterte en umiddelbar utglattende effekt og at huden s\u00e5 glattere ut etter f\u00f8rste p\u00e5f\u00f8ring. Etter 7 dagers bruk opplevde 94 % at ansiktstrekkene s\u00e5 mykere ut, og etter 28 dager opplevde 82 % at rynkene var mindre synlige.*<\/p>\n<p>\u2022 Glatter ut fem typer rynker og fine linjer<br \/>\u2022 Gir b\u00e5de umiddelbare og langvarige resultater<br \/>\u2022 Passer alle hudtyper<\/p>\n<p>Aktive ingredienser i Time-Filler Intensive 5XP:<br \/>5XP-komplekset inneholder et nevropeptid (4 %) som etterligner effekten av botulinumtoksin ved \u00e5 blokkere muskelsammentrekninger \u2013 for en kraftig anti-age-effekt. Hyaluronsyre tilf\u00f8rer fuktighet, mens en blanding av umiddelbart utglattende ingredienser bidrar til \u00e5 forbedre hudens struktur og utseende.<\/p>\n<p>Klinisk studie \u2013 30 personer \u2013 etter 1, 7 og 28 dager, n\u00e5r Time-Filler Intensive 5XP er p\u00e5f\u00f8rt ansikt og hals to ganger daglig.<\/p>\n<p>30 ml<\/p>\n","protected":false},"excerpt":{"rendered":"<p>Filorga Time-Filler Intensive 5XP Serum er et anti-age-serum som jobber for \u00e5 glatte ut fem typer rynker og fine linjer. Formelen inneholder FILORGAs 5XP-kompleks, inspirert av estetiske behandlinger, og den avslappende effekten fremmer umiddelbar og langvarig korrigering av mimikkrynker, dype rynker, overfladiske rynker, t\u00f8rrhetslinjer og halsrynker. Den silkemyke teksturen glir lett over huden og gir [&hellip;]<\/p>\n","protected":false},"featured_media":469402,"comment_status":"open","ping_status":"closed","template":"","meta":{"_trash_the_other_posts":false},"product_brand":[],"product_cat":[614],"product_tag":[],"berocket_brand":[],"class_list":{"0":"post-469405","1":"product","2":"type-product","3":"status-publish","4":"has-post-thumbnail","6":"product_cat-serum","7":"pa_brand-filorga","9":"first","10":"instock","11":"sale","12":"taxable","13":"shipping-taxable","14":"purchasable","15":"product-type-simple"},"_links":{"self":[{"href":"https:\/\/stylingagenten.com\/no\/wp-json\/wp\/v2\/product\/469405","targetHints":{"allow":["GET"]}}],"collection":[{"href":"https:\/\/stylingagenten.com\/no\/wp-json\/wp\/v2\/product"}],"about":[{"href":"https:\/\/stylingagenten.com\/no\/wp-json\/wp\/v2\/types\/product"}],"replies":[{"embeddable":true,"href":"https:\/\/stylingagenten.com\/no\/wp-json\/wp\/v2\/comments?post=469405"}],"version-history":[{"count":0,"href":"https:\/\/stylingagenten.com\/no\/wp-json\/wp\/v2\/product\/469405\/revisions"}],"wp:featuredmedia":[{"embeddable":true,"href":"https:\/\/stylingagenten.com\/no\/wp-json\/wp\/v2\/media\/469402"}],"wp:attachment":[{"href":"https:\/\/stylingagenten.com\/no\/wp-json\/wp\/v2\/media?parent=469405"}],"wp:term":[{"taxonomy":"product_brand","embeddable":true,"href":"https:\/\/stylingagenten.com\/no\/wp-json\/wp\/v2\/product_brand?post=469405"},{"taxonomy":"product_cat","embeddable":true,"href":"https:\/\/stylingagenten.com\/no\/wp-json\/wp\/v2\/product_cat?post=469405"},{"taxonomy":"product_tag","embeddable":true,"href":"https:\/\/stylingagenten.com\/no\/wp-json\/wp\/v2\/product_tag?post=469405"},{"taxonomy":"berocket_brand","embeddable":true,"href":"https:\/\/stylingagenten.com\/no\/wp-json\/wp\/v2\/berocket_brand?post=469405"}],"curies":[{"name":"wp","href":"https:\/\/api.w.org\/{rel}","templated":true}]}}