{"id":463609,"date":"2026-01-21T15:00:42","date_gmt":"2026-01-21T15:00:42","guid":{"rendered":"https:\/\/stylingagenten.com\/no\/produkt\/le-couvent-singuliere-hattai-edp-50ml\/"},"modified":"2026-03-26T21:31:44","modified_gmt":"2026-03-26T21:31:44","slug":"le-couvent-singuliere-hattai-edp-50ml","status":"publish","type":"product","link":"https:\/\/stylingagenten.com\/no\/produkt\/le-couvent-singuliere-hattai-edp-50ml\/","title":{"rendered":"Le Couvent Singuli\u00e8re &#8211; Hattai Edp 50ml"},"content":{"rendered":"<p>Le Couvent Singuli\u00e8re &#8211; Hattai EDP \u2013 Hunnens instinkt. Langt borte, s\u00e5 langt \u00f8yet kan se, ugjennomtrengelige skoger. Et fortryllende landskap, en gl\u00f8dende kappe. Marken er dekket av r\u00f8dskimrende blader. Plutselig brytes stillheten av hunnens mektige steg. I skumringen viser naturen sin styrke: en duft av ambertre, et hint av kakao, myk brennende ros\u00e9pepper. Hunnens unnvikende karakter. 100 % vegansk.<\/p>\n<p>Toppnoter: Ros\u00e9pepper, Kardemomme<br \/>Hjertenoter: Kanel, Kakao<br \/>Basnoter: R\u00f8de b\u00e6r, Einer<\/p>\n<p>50ml<\/p>\n","protected":false},"excerpt":{"rendered":"<p>Le Couvent Singuli\u00e8re &#8211; Hattai EDP \u2013 Hunnens instinkt. Langt borte, s\u00e5 langt \u00f8yet kan se, ugjennomtrengelige skoger. Et fortryllende landskap, en gl\u00f8dende kappe. Marken er dekket av r\u00f8dskimrende blader. Plutselig brytes stillheten av hunnens mektige steg. I skumringen viser naturen sin styrke: en duft av ambertre, et hint av kakao, myk brennende ros\u00e9pepper. Hunnens [&hellip;]<\/p>\n","protected":false},"featured_media":463604,"comment_status":"open","ping_status":"closed","template":"","meta":{"_trash_the_other_posts":false},"product_brand":[],"product_cat":[729,735,999],"product_tag":[],"berocket_brand":[],"class_list":{"0":"post-463609","1":"product","2":"type-product","3":"status-publish","4":"has-post-thumbnail","6":"product_cat-eau-de-parfum-unisex","7":"product_cat-kampanje","8":"product_cat-kampanjetilbud-for-henne","9":"pa_brand-le-couvent","11":"first","12":"instock","13":"sale","14":"taxable","15":"shipping-taxable","16":"purchasable","17":"product-type-simple"},"_links":{"self":[{"href":"https:\/\/stylingagenten.com\/no\/wp-json\/wp\/v2\/product\/463609","targetHints":{"allow":["GET"]}}],"collection":[{"href":"https:\/\/stylingagenten.com\/no\/wp-json\/wp\/v2\/product"}],"about":[{"href":"https:\/\/stylingagenten.com\/no\/wp-json\/wp\/v2\/types\/product"}],"replies":[{"embeddable":true,"href":"https:\/\/stylingagenten.com\/no\/wp-json\/wp\/v2\/comments?post=463609"}],"version-history":[{"count":0,"href":"https:\/\/stylingagenten.com\/no\/wp-json\/wp\/v2\/product\/463609\/revisions"}],"wp:featuredmedia":[{"embeddable":true,"href":"https:\/\/stylingagenten.com\/no\/wp-json\/wp\/v2\/media\/463604"}],"wp:attachment":[{"href":"https:\/\/stylingagenten.com\/no\/wp-json\/wp\/v2\/media?parent=463609"}],"wp:term":[{"taxonomy":"product_brand","embeddable":true,"href":"https:\/\/stylingagenten.com\/no\/wp-json\/wp\/v2\/product_brand?post=463609"},{"taxonomy":"product_cat","embeddable":true,"href":"https:\/\/stylingagenten.com\/no\/wp-json\/wp\/v2\/product_cat?post=463609"},{"taxonomy":"product_tag","embeddable":true,"href":"https:\/\/stylingagenten.com\/no\/wp-json\/wp\/v2\/product_tag?post=463609"},{"taxonomy":"berocket_brand","embeddable":true,"href":"https:\/\/stylingagenten.com\/no\/wp-json\/wp\/v2\/berocket_brand?post=463609"}],"curies":[{"name":"wp","href":"https:\/\/api.w.org\/{rel}","templated":true}]}}