{"id":463603,"date":"2026-01-21T15:00:32","date_gmt":"2026-01-21T15:00:32","guid":{"rendered":"https:\/\/stylingagenten.com\/no\/produkt\/le-couvent-singuliere-lysandra-edp-50ml\/"},"modified":"2026-03-26T21:31:42","modified_gmt":"2026-03-26T21:31:42","slug":"le-couvent-singuliere-lysandra-edp-50ml","status":"publish","type":"product","link":"https:\/\/stylingagenten.com\/no\/produkt\/le-couvent-singuliere-lysandra-edp-50ml\/","title":{"rendered":"Le Couvent Singuli\u00e8re &#8211; Lysandra Edp 50ml"},"content":{"rendered":"<p>Le Couvent Singuli\u00e8re &#8211; Lysandra EDP \u2013 Sommerfuglens grasi\u00f8se bevegelse.<br \/>Ved kanten av en skoglysning str\u00f8mmer et mildt lys over den nyv\u00e5kne naturen. Sommerfuglen flagrer i vinden, lander p\u00e5 blomstene og danser sin egen vals. Den ber\u00f8rer alt og sprer sanselig det myke pudret med vingene sine. En flyktig duft av Jasminum grandiflorum og sm\u00e5 hint av mandarin og labdanum virvler frem og tilbake. Sommerfuglens uts\u00f8kte duftspor.<\/p>\n<p>Topp: Solb\u00e6rknopp, Mandarin<br \/>Hjerte: Grandiflorum Jasmin<br \/>Base: Patchouli, Labdanum<\/p>\n<p>50ml<\/p>\n","protected":false},"excerpt":{"rendered":"<p>Le Couvent Singuli\u00e8re &#8211; Lysandra EDP \u2013 Sommerfuglens grasi\u00f8se bevegelse.Ved kanten av en skoglysning str\u00f8mmer et mildt lys over den nyv\u00e5kne naturen. Sommerfuglen flagrer i vinden, lander p\u00e5 blomstene og danser sin egen vals. Den ber\u00f8rer alt og sprer sanselig det myke pudret med vingene sine. En flyktig duft av Jasminum grandiflorum og sm\u00e5 hint [&hellip;]<\/p>\n","protected":false},"featured_media":463598,"comment_status":"open","ping_status":"closed","template":"","meta":{"_trash_the_other_posts":false},"product_brand":[],"product_cat":[729,735,999],"product_tag":[],"berocket_brand":[],"class_list":{"0":"post-463603","1":"product","2":"type-product","3":"status-publish","4":"has-post-thumbnail","6":"product_cat-eau-de-parfum-unisex","7":"product_cat-kampanje","8":"product_cat-kampanjetilbud-for-henne","9":"pa_brand-le-couvent","11":"first","12":"instock","13":"sale","14":"taxable","15":"shipping-taxable","16":"purchasable","17":"product-type-simple"},"_links":{"self":[{"href":"https:\/\/stylingagenten.com\/no\/wp-json\/wp\/v2\/product\/463603","targetHints":{"allow":["GET"]}}],"collection":[{"href":"https:\/\/stylingagenten.com\/no\/wp-json\/wp\/v2\/product"}],"about":[{"href":"https:\/\/stylingagenten.com\/no\/wp-json\/wp\/v2\/types\/product"}],"replies":[{"embeddable":true,"href":"https:\/\/stylingagenten.com\/no\/wp-json\/wp\/v2\/comments?post=463603"}],"version-history":[{"count":0,"href":"https:\/\/stylingagenten.com\/no\/wp-json\/wp\/v2\/product\/463603\/revisions"}],"wp:featuredmedia":[{"embeddable":true,"href":"https:\/\/stylingagenten.com\/no\/wp-json\/wp\/v2\/media\/463598"}],"wp:attachment":[{"href":"https:\/\/stylingagenten.com\/no\/wp-json\/wp\/v2\/media?parent=463603"}],"wp:term":[{"taxonomy":"product_brand","embeddable":true,"href":"https:\/\/stylingagenten.com\/no\/wp-json\/wp\/v2\/product_brand?post=463603"},{"taxonomy":"product_cat","embeddable":true,"href":"https:\/\/stylingagenten.com\/no\/wp-json\/wp\/v2\/product_cat?post=463603"},{"taxonomy":"product_tag","embeddable":true,"href":"https:\/\/stylingagenten.com\/no\/wp-json\/wp\/v2\/product_tag?post=463603"},{"taxonomy":"berocket_brand","embeddable":true,"href":"https:\/\/stylingagenten.com\/no\/wp-json\/wp\/v2\/berocket_brand?post=463603"}],"curies":[{"name":"wp","href":"https:\/\/api.w.org\/{rel}","templated":true}]}}