{"id":463584,"date":"2026-01-21T14:45:03","date_gmt":"2026-01-21T14:45:03","guid":{"rendered":"https:\/\/stylingagenten.com\/no\/produkt\/le-couvent-parfums-remarquables-sperone-edp-50ml\/"},"modified":"2026-03-26T21:31:59","modified_gmt":"2026-03-26T21:31:59","slug":"le-couvent-parfums-remarquables-sperone-edp-50ml","status":"publish","type":"product","link":"https:\/\/stylingagenten.com\/no\/produkt\/le-couvent-parfums-remarquables-sperone-edp-50ml\/","title":{"rendered":"Le Couvent Parfums Remarquables &#8211; Sperone Edp 50ml"},"content":{"rendered":"<p>Le Couvent Parfums Remarquables \u2013 Sperone EDP er en sensuell, varm og kraftfull parfyme med tydelige innslag av tre, blomster og amber. Duften er inspirert av en varm sommerkveld p\u00e5 en paradisstrand p\u00e5 \u00f8ya Korsika.<\/p>\n<p>P\u00e5 Korsikas s\u00f8rligste spiss, ikke langt fra Bonifacio, skjuler Sperone seg \u2013 en fantastisk vakker paradisstrand med hvit sand, turkist hav og t\u00f8rr, velduftende luft. I kveldens fralandsvinder n\u00e5r duften av labdanum fra cistusbusker og immortelleblomster sitt fulle uttrykk og utstr\u00e5ler varme, sensuelle aromaer. Det eneste som gjenst\u00e5r er den beroligende lyden av b\u00f8lger som sl\u00e5r mot klippene.<\/p>\n<p>Sperone EDP inneholder ingredienser av 89 % naturlig opprinnelse, er 100 % vegansk og produseres i Grasse, Frankrike.<\/p>\n<p>Topp: Essens av bergamot og timian<br \/>Hjerte: Immortelleblomst absolutt, sort pepper<br \/>Base: Labdanum absolutt, sedertre<\/p>\n<p>50ml<\/p>\n","protected":false},"excerpt":{"rendered":"<p>Le Couvent Parfums Remarquables \u2013 Sperone EDP er en sensuell, varm og kraftfull parfyme med tydelige innslag av tre, blomster og amber. Duften er inspirert av en varm sommerkveld p\u00e5 en paradisstrand p\u00e5 \u00f8ya Korsika. P\u00e5 Korsikas s\u00f8rligste spiss, ikke langt fra Bonifacio, skjuler Sperone seg \u2013 en fantastisk vakker paradisstrand med hvit sand, turkist [&hellip;]<\/p>\n","protected":false},"featured_media":463580,"comment_status":"open","ping_status":"closed","template":"","meta":{"_trash_the_other_posts":false},"product_brand":[],"product_cat":[729,735,1000],"product_tag":[],"berocket_brand":[],"class_list":{"0":"post-463584","1":"product","2":"type-product","3":"status-publish","4":"has-post-thumbnail","6":"product_cat-eau-de-parfum-unisex","7":"product_cat-kampanje","8":"product_cat-kampanjetilbud-for-ham","9":"pa_brand-le-couvent","11":"first","12":"instock","13":"sale","14":"taxable","15":"shipping-taxable","16":"purchasable","17":"product-type-simple"},"_links":{"self":[{"href":"https:\/\/stylingagenten.com\/no\/wp-json\/wp\/v2\/product\/463584","targetHints":{"allow":["GET"]}}],"collection":[{"href":"https:\/\/stylingagenten.com\/no\/wp-json\/wp\/v2\/product"}],"about":[{"href":"https:\/\/stylingagenten.com\/no\/wp-json\/wp\/v2\/types\/product"}],"replies":[{"embeddable":true,"href":"https:\/\/stylingagenten.com\/no\/wp-json\/wp\/v2\/comments?post=463584"}],"version-history":[{"count":0,"href":"https:\/\/stylingagenten.com\/no\/wp-json\/wp\/v2\/product\/463584\/revisions"}],"wp:featuredmedia":[{"embeddable":true,"href":"https:\/\/stylingagenten.com\/no\/wp-json\/wp\/v2\/media\/463580"}],"wp:attachment":[{"href":"https:\/\/stylingagenten.com\/no\/wp-json\/wp\/v2\/media?parent=463584"}],"wp:term":[{"taxonomy":"product_brand","embeddable":true,"href":"https:\/\/stylingagenten.com\/no\/wp-json\/wp\/v2\/product_brand?post=463584"},{"taxonomy":"product_cat","embeddable":true,"href":"https:\/\/stylingagenten.com\/no\/wp-json\/wp\/v2\/product_cat?post=463584"},{"taxonomy":"product_tag","embeddable":true,"href":"https:\/\/stylingagenten.com\/no\/wp-json\/wp\/v2\/product_tag?post=463584"},{"taxonomy":"berocket_brand","embeddable":true,"href":"https:\/\/stylingagenten.com\/no\/wp-json\/wp\/v2\/berocket_brand?post=463584"}],"curies":[{"name":"wp","href":"https:\/\/api.w.org\/{rel}","templated":true}]}}