{"id":463579,"date":"2026-01-21T14:44:53","date_gmt":"2026-01-21T14:44:53","guid":{"rendered":"https:\/\/stylingagenten.com\/no\/produkt\/le-couvent-parfums-remarquables-porto-bello-edp-50ml\/"},"modified":"2026-03-26T21:32:07","modified_gmt":"2026-03-26T21:32:07","slug":"le-couvent-parfums-remarquables-porto-bello-edp-50ml","status":"publish","type":"product","link":"https:\/\/stylingagenten.com\/no\/produkt\/le-couvent-parfums-remarquables-porto-bello-edp-50ml\/","title":{"rendered":"Le Couvent Parfums Remarquables &#8211; Porto Bello Edp 50ml"},"content":{"rendered":"<p>Le Couvent Parfums Remarquables &#8211; Porto Bello EDP har et uts\u00f8kt duftspor av tre, s\u00f8t appelsin, krydder og olibanum, som fremkaller de sensuelle og fengslende duftene fra Panamabukten.<br \/>En unik skapelse utviklet i hjertet av den franske parfymekunsten, basert p\u00e5 edle, fjerne essenser inspirert av botanikeren Louis Feuill\u00e9es reiser.<br \/>100 % vegansk.<\/p>\n<p>Topp: Appelsin<br \/>Hjerte: Davana<br \/>Base: R\u00f8kelse<\/p>\n<p>50ml<\/p>\n","protected":false},"excerpt":{"rendered":"<p>Le Couvent Parfums Remarquables &#8211; Porto Bello EDP har et uts\u00f8kt duftspor av tre, s\u00f8t appelsin, krydder og olibanum, som fremkaller de sensuelle og fengslende duftene fra Panamabukten.En unik skapelse utviklet i hjertet av den franske parfymekunsten, basert p\u00e5 edle, fjerne essenser inspirert av botanikeren Louis Feuill\u00e9es reiser.100 % vegansk. Topp: AppelsinHjerte: DavanaBase: R\u00f8kelse 50ml<\/p>\n","protected":false},"featured_media":463575,"comment_status":"open","ping_status":"closed","template":"","meta":{"_trash_the_other_posts":false},"product_brand":[],"product_cat":[729,735,1000],"product_tag":[],"berocket_brand":[],"class_list":{"0":"post-463579","1":"product","2":"type-product","3":"status-publish","4":"has-post-thumbnail","6":"product_cat-eau-de-parfum-unisex","7":"product_cat-kampanje","8":"product_cat-kampanjetilbud-for-ham","9":"pa_brand-le-couvent","11":"first","12":"instock","13":"sale","14":"taxable","15":"shipping-taxable","16":"purchasable","17":"product-type-simple"},"_links":{"self":[{"href":"https:\/\/stylingagenten.com\/no\/wp-json\/wp\/v2\/product\/463579","targetHints":{"allow":["GET"]}}],"collection":[{"href":"https:\/\/stylingagenten.com\/no\/wp-json\/wp\/v2\/product"}],"about":[{"href":"https:\/\/stylingagenten.com\/no\/wp-json\/wp\/v2\/types\/product"}],"replies":[{"embeddable":true,"href":"https:\/\/stylingagenten.com\/no\/wp-json\/wp\/v2\/comments?post=463579"}],"version-history":[{"count":0,"href":"https:\/\/stylingagenten.com\/no\/wp-json\/wp\/v2\/product\/463579\/revisions"}],"wp:featuredmedia":[{"embeddable":true,"href":"https:\/\/stylingagenten.com\/no\/wp-json\/wp\/v2\/media\/463575"}],"wp:attachment":[{"href":"https:\/\/stylingagenten.com\/no\/wp-json\/wp\/v2\/media?parent=463579"}],"wp:term":[{"taxonomy":"product_brand","embeddable":true,"href":"https:\/\/stylingagenten.com\/no\/wp-json\/wp\/v2\/product_brand?post=463579"},{"taxonomy":"product_cat","embeddable":true,"href":"https:\/\/stylingagenten.com\/no\/wp-json\/wp\/v2\/product_cat?post=463579"},{"taxonomy":"product_tag","embeddable":true,"href":"https:\/\/stylingagenten.com\/no\/wp-json\/wp\/v2\/product_tag?post=463579"},{"taxonomy":"berocket_brand","embeddable":true,"href":"https:\/\/stylingagenten.com\/no\/wp-json\/wp\/v2\/berocket_brand?post=463579"}],"curies":[{"name":"wp","href":"https:\/\/api.w.org\/{rel}","templated":true}]}}