{"id":463569,"date":"2026-01-21T14:44:34","date_gmt":"2026-01-21T14:44:34","guid":{"rendered":"https:\/\/stylingagenten.com\/no\/produkt\/le-couvent-parfums-remarquables-fort-royal-edp-50ml\/"},"modified":"2026-03-26T21:32:05","modified_gmt":"2026-03-26T21:32:05","slug":"le-couvent-parfums-remarquables-fort-royal-edp-50ml","status":"publish","type":"product","link":"https:\/\/stylingagenten.com\/no\/produkt\/le-couvent-parfums-remarquables-fort-royal-edp-50ml\/","title":{"rendered":"Le Couvent Parfums Remarquables &#8211; Fort Royal Edp 50ml"},"content":{"rendered":"<p>Le Couvent Parfums Remarquables &#8211; Fort Royal EDP har et orientalsk duftspor med vaniljen fra benzoinharpiks, krydret med vill ros\u00e9pepper, som forteller om den frodige og s\u00f8te naturen p\u00e5 de karibiske \u00f8yene.<br \/>En unik skapelse utviklet i hjertet av den franske parfymekunsten, basert p\u00e5 edle, fjerne essenser inspirert av botanikeren Louis Feuill\u00e9es reiser.<br \/>100 % vegansk.<br \/>Opptil 86 % naturlige ingredienser.<\/p>\n<p>Topp: Ville b\u00e6r, Appelsin<br \/>Hjerte: Cistusblomst<br \/>Base: Benzoin, Vanilje, Patchouli<\/p>\n<p>50ml<\/p>\n","protected":false},"excerpt":{"rendered":"<p>Le Couvent Parfums Remarquables &#8211; Fort Royal EDP har et orientalsk duftspor med vaniljen fra benzoinharpiks, krydret med vill ros\u00e9pepper, som forteller om den frodige og s\u00f8te naturen p\u00e5 de karibiske \u00f8yene.En unik skapelse utviklet i hjertet av den franske parfymekunsten, basert p\u00e5 edle, fjerne essenser inspirert av botanikeren Louis Feuill\u00e9es reiser.100 % vegansk.Opptil 86 [&hellip;]<\/p>\n","protected":false},"featured_media":463565,"comment_status":"open","ping_status":"closed","template":"","meta":{"_trash_the_other_posts":false},"product_brand":[],"product_cat":[729,735,1000],"product_tag":[],"berocket_brand":[],"class_list":{"0":"post-463569","1":"product","2":"type-product","3":"status-publish","4":"has-post-thumbnail","6":"product_cat-eau-de-parfum-unisex","7":"product_cat-kampanje","8":"product_cat-kampanjetilbud-for-ham","9":"pa_brand-le-couvent","11":"first","12":"instock","13":"sale","14":"taxable","15":"shipping-taxable","16":"purchasable","17":"product-type-simple"},"_links":{"self":[{"href":"https:\/\/stylingagenten.com\/no\/wp-json\/wp\/v2\/product\/463569","targetHints":{"allow":["GET"]}}],"collection":[{"href":"https:\/\/stylingagenten.com\/no\/wp-json\/wp\/v2\/product"}],"about":[{"href":"https:\/\/stylingagenten.com\/no\/wp-json\/wp\/v2\/types\/product"}],"replies":[{"embeddable":true,"href":"https:\/\/stylingagenten.com\/no\/wp-json\/wp\/v2\/comments?post=463569"}],"version-history":[{"count":0,"href":"https:\/\/stylingagenten.com\/no\/wp-json\/wp\/v2\/product\/463569\/revisions"}],"wp:featuredmedia":[{"embeddable":true,"href":"https:\/\/stylingagenten.com\/no\/wp-json\/wp\/v2\/media\/463565"}],"wp:attachment":[{"href":"https:\/\/stylingagenten.com\/no\/wp-json\/wp\/v2\/media?parent=463569"}],"wp:term":[{"taxonomy":"product_brand","embeddable":true,"href":"https:\/\/stylingagenten.com\/no\/wp-json\/wp\/v2\/product_brand?post=463569"},{"taxonomy":"product_cat","embeddable":true,"href":"https:\/\/stylingagenten.com\/no\/wp-json\/wp\/v2\/product_cat?post=463569"},{"taxonomy":"product_tag","embeddable":true,"href":"https:\/\/stylingagenten.com\/no\/wp-json\/wp\/v2\/product_tag?post=463569"},{"taxonomy":"berocket_brand","embeddable":true,"href":"https:\/\/stylingagenten.com\/no\/wp-json\/wp\/v2\/berocket_brand?post=463569"}],"curies":[{"name":"wp","href":"https:\/\/api.w.org\/{rel}","templated":true}]}}