{"id":463560,"date":"2026-01-21T14:41:20","date_gmt":"2026-01-21T14:41:20","guid":{"rendered":"https:\/\/stylingagenten.com\/no\/produkt\/le-couvent-cologne-botanique-aqua-palmaris-edt-50ml\/"},"modified":"2026-04-02T08:48:41","modified_gmt":"2026-04-02T08:48:41","slug":"le-couvent-cologne-botanique-aqua-palmaris-edt-50ml","status":"publish","type":"product","link":"https:\/\/stylingagenten.com\/no\/produkt\/le-couvent-cologne-botanique-aqua-palmaris-edt-50ml\/","title":{"rendered":"Le Couvent Cologne Botanique &#8211; Aqua Palmaris Edt 50ml"},"content":{"rendered":"<p>Le Couvent Cologne Botanique &#8211; Aqua Palmaris EDT \u2013 De andalusiske underverkene, hagene i Alhambra med sine frukthager, fanges i det str\u00e5lende lyset fra den stigende solen n\u00e5r daggryet bryter horisonten. En bukett av blomster og blomstrende neroli \u00e5pner opp til en myk, pudret blomsterduft som fanger f\u00f8lelsen av h\u00f8ylandet.<\/p>\n<p>Toppnoter: Pomerans, Appelsin<br \/>Hjertenoter: Neroli Essence<br \/>Basnoter: Appelsinblomst, Vanilje, Hvit Musk<\/p>\n<p>50ml<\/p>\n","protected":false},"excerpt":{"rendered":"<p>Le Couvent Cologne Botanique &#8211; Aqua Palmaris EDT \u2013 De andalusiske underverkene, hagene i Alhambra med sine frukthager, fanges i det str\u00e5lende lyset fra den stigende solen n\u00e5r daggryet bryter horisonten. En bukett av blomster og blomstrende neroli \u00e5pner opp til en myk, pudret blomsterduft som fanger f\u00f8lelsen av h\u00f8ylandet. Toppnoter: Pomerans, AppelsinHjertenoter: Neroli EssenceBasnoter: [&hellip;]<\/p>\n","protected":false},"featured_media":463557,"comment_status":"open","ping_status":"closed","template":"","meta":{"_trash_the_other_posts":false},"product_brand":[],"product_cat":[730,735,999],"product_tag":[],"berocket_brand":[],"class_list":{"0":"post-463560","1":"product","2":"type-product","3":"status-publish","4":"has-post-thumbnail","6":"product_cat-eau-de-toilette-unisex","7":"product_cat-kampanje","8":"product_cat-kampanjetilbud-for-henne","9":"pa_brand-le-couvent","11":"first","12":"instock","13":"sale","14":"taxable","15":"shipping-taxable","16":"purchasable","17":"product-type-simple"},"_links":{"self":[{"href":"https:\/\/stylingagenten.com\/no\/wp-json\/wp\/v2\/product\/463560","targetHints":{"allow":["GET"]}}],"collection":[{"href":"https:\/\/stylingagenten.com\/no\/wp-json\/wp\/v2\/product"}],"about":[{"href":"https:\/\/stylingagenten.com\/no\/wp-json\/wp\/v2\/types\/product"}],"replies":[{"embeddable":true,"href":"https:\/\/stylingagenten.com\/no\/wp-json\/wp\/v2\/comments?post=463560"}],"version-history":[{"count":0,"href":"https:\/\/stylingagenten.com\/no\/wp-json\/wp\/v2\/product\/463560\/revisions"}],"wp:featuredmedia":[{"embeddable":true,"href":"https:\/\/stylingagenten.com\/no\/wp-json\/wp\/v2\/media\/463557"}],"wp:attachment":[{"href":"https:\/\/stylingagenten.com\/no\/wp-json\/wp\/v2\/media?parent=463560"}],"wp:term":[{"taxonomy":"product_brand","embeddable":true,"href":"https:\/\/stylingagenten.com\/no\/wp-json\/wp\/v2\/product_brand?post=463560"},{"taxonomy":"product_cat","embeddable":true,"href":"https:\/\/stylingagenten.com\/no\/wp-json\/wp\/v2\/product_cat?post=463560"},{"taxonomy":"product_tag","embeddable":true,"href":"https:\/\/stylingagenten.com\/no\/wp-json\/wp\/v2\/product_tag?post=463560"},{"taxonomy":"berocket_brand","embeddable":true,"href":"https:\/\/stylingagenten.com\/no\/wp-json\/wp\/v2\/berocket_brand?post=463560"}],"curies":[{"name":"wp","href":"https:\/\/api.w.org\/{rel}","templated":true}]}}