{"id":463552,"date":"2026-01-21T14:41:06","date_gmt":"2026-01-21T14:41:06","guid":{"rendered":"https:\/\/stylingagenten.com\/no\/produkt\/le-couvent-cologne-botanique-aqua-nymphae-edt-50ml\/"},"modified":"2026-03-26T21:31:46","modified_gmt":"2026-03-26T21:31:46","slug":"le-couvent-cologne-botanique-aqua-nymphae-edt-50ml","status":"publish","type":"product","link":"https:\/\/stylingagenten.com\/no\/produkt\/le-couvent-cologne-botanique-aqua-nymphae-edt-50ml\/","title":{"rendered":"Le Couvent Cologne Botanique &#8211; Aqua Nymphae Edt 50ml"},"content":{"rendered":"<p>Le Couvent Cologne Botanique &#8211; Aqua Nymphae EDT \u2013 En dr\u00f8m i Water Reed Garden i Le Couvent des Minimes. Et fredelig sted hvor tiden st\u00e5r stille. I skyggene av majestetiske tr\u00e6r ligger en myteomspunnet kilde. I den milde brisen hvisker sivet med friske vannaktige toner og treaktig papyrus. En uts\u00f8kt botanisk cologne, som et ekko av en uendelig dr\u00f8m.<\/p>\n<p>Toppnoter: Sitron<br \/>Hjertenoter: Aprikos, Osmanthus, Kalmus, Fiolblad<br \/>Basnoter: Svart pepper, Cypriol Papyrus, Sandeltre, Hvit Musk<\/p>\n<p>50ml<\/p>\n","protected":false},"excerpt":{"rendered":"<p>Le Couvent Cologne Botanique &#8211; Aqua Nymphae EDT \u2013 En dr\u00f8m i Water Reed Garden i Le Couvent des Minimes. Et fredelig sted hvor tiden st\u00e5r stille. I skyggene av majestetiske tr\u00e6r ligger en myteomspunnet kilde. I den milde brisen hvisker sivet med friske vannaktige toner og treaktig papyrus. En uts\u00f8kt botanisk cologne, som et [&hellip;]<\/p>\n","protected":false},"featured_media":463548,"comment_status":"open","ping_status":"closed","template":"","meta":{"_trash_the_other_posts":false},"product_brand":[],"product_cat":[730,735,999],"product_tag":[],"berocket_brand":[],"class_list":{"0":"post-463552","1":"product","2":"type-product","3":"status-publish","4":"has-post-thumbnail","6":"product_cat-eau-de-toilette-unisex","7":"product_cat-kampanje","8":"product_cat-kampanjetilbud-for-henne","9":"pa_brand-le-couvent","11":"first","12":"instock","13":"sale","14":"taxable","15":"shipping-taxable","16":"purchasable","17":"product-type-simple"},"_links":{"self":[{"href":"https:\/\/stylingagenten.com\/no\/wp-json\/wp\/v2\/product\/463552","targetHints":{"allow":["GET"]}}],"collection":[{"href":"https:\/\/stylingagenten.com\/no\/wp-json\/wp\/v2\/product"}],"about":[{"href":"https:\/\/stylingagenten.com\/no\/wp-json\/wp\/v2\/types\/product"}],"replies":[{"embeddable":true,"href":"https:\/\/stylingagenten.com\/no\/wp-json\/wp\/v2\/comments?post=463552"}],"version-history":[{"count":0,"href":"https:\/\/stylingagenten.com\/no\/wp-json\/wp\/v2\/product\/463552\/revisions"}],"wp:featuredmedia":[{"embeddable":true,"href":"https:\/\/stylingagenten.com\/no\/wp-json\/wp\/v2\/media\/463548"}],"wp:attachment":[{"href":"https:\/\/stylingagenten.com\/no\/wp-json\/wp\/v2\/media?parent=463552"}],"wp:term":[{"taxonomy":"product_brand","embeddable":true,"href":"https:\/\/stylingagenten.com\/no\/wp-json\/wp\/v2\/product_brand?post=463552"},{"taxonomy":"product_cat","embeddable":true,"href":"https:\/\/stylingagenten.com\/no\/wp-json\/wp\/v2\/product_cat?post=463552"},{"taxonomy":"product_tag","embeddable":true,"href":"https:\/\/stylingagenten.com\/no\/wp-json\/wp\/v2\/product_tag?post=463552"},{"taxonomy":"berocket_brand","embeddable":true,"href":"https:\/\/stylingagenten.com\/no\/wp-json\/wp\/v2\/berocket_brand?post=463552"}],"curies":[{"name":"wp","href":"https:\/\/api.w.org\/{rel}","templated":true}]}}