{"id":460280,"date":"2025-12-11T11:41:55","date_gmt":"2025-12-11T11:41:55","guid":{"rendered":"https:\/\/stylingagenten.com\/no\/produkt\/bumble-and-bumble-thickening-volume-conditioner-250ml\/"},"modified":"2026-04-08T15:32:12","modified_gmt":"2026-04-08T15:32:12","slug":"bumble-and-bumble-thickening-volume-conditioner-250ml","status":"publish","type":"product","link":"https:\/\/stylingagenten.com\/no\/produkt\/bumble-and-bumble-thickening-volume-conditioner-250ml\/","title":{"rendered":"Bumble and bumble Thickening Volume Conditioner 250ml"},"content":{"rendered":"<p>Bumble and bumble Thickening Volume Conditioner er en lett balsam som l\u00f8fter og forbedrer h\u00e5ret for umiddelbar fylde.<\/p>\n<p>HVA DET ER<br \/>Ny formel, samme navn, stor volum. V\u00e5r lette, fuktgivende balsam gir spenst og umiddelbar fylde. Infundert med enda mer Strand-Plumping Technology, bygger denne umiddelbare volumboosteren opp h\u00e5ret fra r\u00f8tter til tupper for et tykkere utseende \u2013 en boost for fint, tynt h\u00e5r eller alt h\u00e5r som \u00f8nsker fyldige resultater.<\/p>\n<p>HVORDAN DET FUNGERER<br \/>Strand-Plumping Technology tykner hvert h\u00e5rstr\u00e5 umiddelbart.<br \/>Formulert med Panthenol (Pro-Vitamin B5), tilf\u00f8rer denne balsamen fuktighet og fremmer et sunt utseende.<\/p>\n<p>FORMULERT FOR<br \/>Ideell for fint til medium h\u00e5r som \u00f8nsker en lett volumgivende balsam.<br \/>Tilstander: Ubehandlet, Fargebehandlet, T\u00f8rt<br \/>Diameter: Fint til Medium<br \/>M\u00f8nstre: B\u00f8lgete (2A\u20132C) til Rett (1A)<\/p>\n<p>250 ml<\/p>\n","protected":false},"excerpt":{"rendered":"<p>Bumble and bumble Thickening Volume Conditioner er en lett balsam som l\u00f8fter og forbedrer h\u00e5ret for umiddelbar fylde. HVA DET ERNy formel, samme navn, stor volum. V\u00e5r lette, fuktgivende balsam gir spenst og umiddelbar fylde. Infundert med enda mer Strand-Plumping Technology, bygger denne umiddelbare volumboosteren opp h\u00e5ret fra r\u00f8tter til tupper for et tykkere utseende [&hellip;]<\/p>\n","protected":false},"featured_media":460276,"comment_status":"open","ping_status":"closed","template":"","meta":{"_trash_the_other_posts":false},"product_brand":[],"product_cat":[587],"product_tag":[],"berocket_brand":[6711],"class_list":{"0":"post-460280","1":"product","2":"type-product","3":"status-publish","4":"has-post-thumbnail","6":"product_cat-balsam","7":"pa_brand-bumble-and-bumble","8":"berocket_brand-bumble-and-bumble","10":"first","11":"instock","12":"sale","13":"taxable","14":"shipping-taxable","15":"purchasable","16":"product-type-simple"},"_links":{"self":[{"href":"https:\/\/stylingagenten.com\/no\/wp-json\/wp\/v2\/product\/460280","targetHints":{"allow":["GET"]}}],"collection":[{"href":"https:\/\/stylingagenten.com\/no\/wp-json\/wp\/v2\/product"}],"about":[{"href":"https:\/\/stylingagenten.com\/no\/wp-json\/wp\/v2\/types\/product"}],"replies":[{"embeddable":true,"href":"https:\/\/stylingagenten.com\/no\/wp-json\/wp\/v2\/comments?post=460280"}],"version-history":[{"count":0,"href":"https:\/\/stylingagenten.com\/no\/wp-json\/wp\/v2\/product\/460280\/revisions"}],"wp:featuredmedia":[{"embeddable":true,"href":"https:\/\/stylingagenten.com\/no\/wp-json\/wp\/v2\/media\/460276"}],"wp:attachment":[{"href":"https:\/\/stylingagenten.com\/no\/wp-json\/wp\/v2\/media?parent=460280"}],"wp:term":[{"taxonomy":"product_brand","embeddable":true,"href":"https:\/\/stylingagenten.com\/no\/wp-json\/wp\/v2\/product_brand?post=460280"},{"taxonomy":"product_cat","embeddable":true,"href":"https:\/\/stylingagenten.com\/no\/wp-json\/wp\/v2\/product_cat?post=460280"},{"taxonomy":"product_tag","embeddable":true,"href":"https:\/\/stylingagenten.com\/no\/wp-json\/wp\/v2\/product_tag?post=460280"},{"taxonomy":"berocket_brand","embeddable":true,"href":"https:\/\/stylingagenten.com\/no\/wp-json\/wp\/v2\/berocket_brand?post=460280"}],"curies":[{"name":"wp","href":"https:\/\/api.w.org\/{rel}","templated":true}]}}