{"id":460270,"date":"2025-12-11T11:41:36","date_gmt":"2025-12-11T11:41:36","guid":{"rendered":"https:\/\/stylingagenten.com\/no\/produkt\/bumble-and-bumble-thickening-go-big-plumping-treatment-250ml\/"},"modified":"2026-04-08T15:32:11","modified_gmt":"2026-04-08T15:32:11","slug":"bumble-and-bumble-thickening-go-big-plumping-treatment-250ml","status":"publish","type":"product","link":"https:\/\/stylingagenten.com\/no\/produkt\/bumble-and-bumble-thickening-go-big-plumping-treatment-250ml\/","title":{"rendered":"Bumble and bumble Thickening Go Big Plumping Treatment 250ml"},"content":{"rendered":"<p>Bumble and bumble Thickening Go Big Plumping Treatment gir volum til b\u00e5de hverdag og fest. Denne leave-in-sprayen med Emblica-teknologi gj\u00f8r hvert h\u00e5rstr\u00e5 fyldigere samtidig som den gir n\u00e6ring og fuktighet for mykt, luftig volum som varer hele dagen. Den pleier h\u00e5ret p\u00e5 alle m\u00e5ter, reduserer frizz hele dagen, styrker mot brekkasje og beskytter h\u00e5ret mot varmebehandling.<\/p>\n<p>250 ml<\/p>\n","protected":false},"excerpt":{"rendered":"<p>Bumble and bumble Thickening Go Big Plumping Treatment gir volum til b\u00e5de hverdag og fest. Denne leave-in-sprayen med Emblica-teknologi gj\u00f8r hvert h\u00e5rstr\u00e5 fyldigere samtidig som den gir n\u00e6ring og fuktighet for mykt, luftig volum som varer hele dagen. Den pleier h\u00e5ret p\u00e5 alle m\u00e5ter, reduserer frizz hele dagen, styrker mot brekkasje og beskytter h\u00e5ret mot [&hellip;]<\/p>\n","protected":false},"featured_media":460267,"comment_status":"open","ping_status":"closed","template":"","meta":{"_trash_the_other_posts":false},"product_brand":[],"product_cat":[615],"product_tag":[],"berocket_brand":[6711],"class_list":{"0":"post-460270","1":"product","2":"type-product","3":"status-publish","4":"has-post-thumbnail","6":"product_cat-harserum","7":"pa_brand-bumble-and-bumble","8":"berocket_brand-bumble-and-bumble","10":"first","11":"instock","12":"sale","13":"taxable","14":"shipping-taxable","15":"purchasable","16":"product-type-simple"},"_links":{"self":[{"href":"https:\/\/stylingagenten.com\/no\/wp-json\/wp\/v2\/product\/460270","targetHints":{"allow":["GET"]}}],"collection":[{"href":"https:\/\/stylingagenten.com\/no\/wp-json\/wp\/v2\/product"}],"about":[{"href":"https:\/\/stylingagenten.com\/no\/wp-json\/wp\/v2\/types\/product"}],"replies":[{"embeddable":true,"href":"https:\/\/stylingagenten.com\/no\/wp-json\/wp\/v2\/comments?post=460270"}],"version-history":[{"count":0,"href":"https:\/\/stylingagenten.com\/no\/wp-json\/wp\/v2\/product\/460270\/revisions"}],"wp:featuredmedia":[{"embeddable":true,"href":"https:\/\/stylingagenten.com\/no\/wp-json\/wp\/v2\/media\/460267"}],"wp:attachment":[{"href":"https:\/\/stylingagenten.com\/no\/wp-json\/wp\/v2\/media?parent=460270"}],"wp:term":[{"taxonomy":"product_brand","embeddable":true,"href":"https:\/\/stylingagenten.com\/no\/wp-json\/wp\/v2\/product_brand?post=460270"},{"taxonomy":"product_cat","embeddable":true,"href":"https:\/\/stylingagenten.com\/no\/wp-json\/wp\/v2\/product_cat?post=460270"},{"taxonomy":"product_tag","embeddable":true,"href":"https:\/\/stylingagenten.com\/no\/wp-json\/wp\/v2\/product_tag?post=460270"},{"taxonomy":"berocket_brand","embeddable":true,"href":"https:\/\/stylingagenten.com\/no\/wp-json\/wp\/v2\/berocket_brand?post=460270"}],"curies":[{"name":"wp","href":"https:\/\/api.w.org\/{rel}","templated":true}]}}