{"id":460263,"date":"2025-12-11T11:36:27","date_gmt":"2025-12-11T11:36:27","guid":{"rendered":"https:\/\/stylingagenten.com\/no\/produkt\/bumble-and-bumble-thickening-dryspun-texture-spray-150ml\/"},"modified":"2026-04-09T20:48:47","modified_gmt":"2026-04-09T20:48:47","slug":"bumble-and-bumble-thickening-dryspun-texture-spray-150ml","status":"publish","type":"product","link":"https:\/\/stylingagenten.com\/no\/produkt\/bumble-and-bumble-thickening-dryspun-texture-spray-150ml\/","title":{"rendered":"Bumble and bumble Thickening Dryspun Texture Spray 150ml"},"content":{"rendered":"<p>Bumble and bumble Thickening Dryspun Texture Spray er en bestselgende finishspray som gir l\u00f8ft og luftig volum.<\/p>\n<p>HVA DET ER<br \/>Denne usynlige t\u00f8rre finishsprayen gir +40 % mer volum umiddelbart sammenlignet med ubehandlet h\u00e5r (som varer hele dagen), samt l\u00f8ft og luftig tekstur.<\/p>\n<p>HVORDAN DET FUNGERER<br \/>Formulert med en teksturiserende blanding av zeolitt og silkepulver.<\/p>\n<p>FORMULERT FOR<br \/>Ideell for fint til medium h\u00e5r som \u00f8nsker volum, l\u00f8ft og luftig tekstur.<br \/>Tilstander: Ubehandlet, T\u00f8rt, Varmeskadet<br \/>Diameter: Fint til Medium<br \/>M\u00f8nstre: B\u00f8lgete (2A\u20132C) til Rett (1A)<\/p>\n<p>150 ml<\/p>\n","protected":false},"excerpt":{"rendered":"<p>Bumble and bumble Thickening Dryspun Texture Spray er en bestselgende finishspray som gir l\u00f8ft og luftig volum. HVA DET ERDenne usynlige t\u00f8rre finishsprayen gir +40 % mer volum umiddelbart sammenlignet med ubehandlet h\u00e5r (som varer hele dagen), samt l\u00f8ft og luftig tekstur. HVORDAN DET FUNGERERFormulert med en teksturiserende blanding av zeolitt og silkepulver. FORMULERT FORIdeell [&hellip;]<\/p>\n","protected":false},"featured_media":460259,"comment_status":"open","ping_status":"closed","template":"","meta":{"_trash_the_other_posts":false},"product_brand":[],"product_cat":[576],"product_tag":[],"berocket_brand":[6711],"class_list":{"0":"post-460263","1":"product","2":"type-product","3":"status-publish","4":"has-post-thumbnail","6":"product_cat-harspray","7":"pa_brand-bumble-and-bumble","8":"berocket_brand-bumble-and-bumble","10":"first","11":"instock","12":"sale","13":"taxable","14":"shipping-taxable","15":"purchasable","16":"product-type-simple"},"_links":{"self":[{"href":"https:\/\/stylingagenten.com\/no\/wp-json\/wp\/v2\/product\/460263","targetHints":{"allow":["GET"]}}],"collection":[{"href":"https:\/\/stylingagenten.com\/no\/wp-json\/wp\/v2\/product"}],"about":[{"href":"https:\/\/stylingagenten.com\/no\/wp-json\/wp\/v2\/types\/product"}],"replies":[{"embeddable":true,"href":"https:\/\/stylingagenten.com\/no\/wp-json\/wp\/v2\/comments?post=460263"}],"version-history":[{"count":0,"href":"https:\/\/stylingagenten.com\/no\/wp-json\/wp\/v2\/product\/460263\/revisions"}],"wp:featuredmedia":[{"embeddable":true,"href":"https:\/\/stylingagenten.com\/no\/wp-json\/wp\/v2\/media\/460259"}],"wp:attachment":[{"href":"https:\/\/stylingagenten.com\/no\/wp-json\/wp\/v2\/media?parent=460263"}],"wp:term":[{"taxonomy":"product_brand","embeddable":true,"href":"https:\/\/stylingagenten.com\/no\/wp-json\/wp\/v2\/product_brand?post=460263"},{"taxonomy":"product_cat","embeddable":true,"href":"https:\/\/stylingagenten.com\/no\/wp-json\/wp\/v2\/product_cat?post=460263"},{"taxonomy":"product_tag","embeddable":true,"href":"https:\/\/stylingagenten.com\/no\/wp-json\/wp\/v2\/product_tag?post=460263"},{"taxonomy":"berocket_brand","embeddable":true,"href":"https:\/\/stylingagenten.com\/no\/wp-json\/wp\/v2\/berocket_brand?post=460263"}],"curies":[{"name":"wp","href":"https:\/\/api.w.org\/{rel}","templated":true}]}}