{"id":460243,"date":"2025-12-11T11:31:33","date_gmt":"2025-12-11T11:31:33","guid":{"rendered":"https:\/\/stylingagenten.com\/no\/produkt\/bumble-and-bumble-surf-foam-wash-shampoo-250ml\/"},"modified":"2026-04-08T15:32:14","modified_gmt":"2026-04-08T15:32:14","slug":"bumble-and-bumble-surf-foam-wash-shampoo-250ml","status":"publish","type":"product","link":"https:\/\/stylingagenten.com\/no\/produkt\/bumble-and-bumble-surf-foam-wash-shampoo-250ml\/","title":{"rendered":"Bumble and bumble Surf Foam Wash Shampoo 250ml"},"content":{"rendered":"<p>Bumble and bumble Surf Foam Wash Shampoo er en rensende formel som legger grunnlaget for livlig, myk, saltkysset tekstur.<\/p>\n<p>Hvem: Alle h\u00e5rtyper og teksturer. Spesielt for de som \u00f8nsker volum, tekstur og forbedrede naturlige b\u00f8lger eller kr\u00f8ller.<br \/>N\u00e5r: Daglig, etterfulgt av Surf Creme Rinse Conditioner.<\/p>\n<p>250 ml<\/p>\n","protected":false},"excerpt":{"rendered":"<p>Bumble and bumble Surf Foam Wash Shampoo er en rensende formel som legger grunnlaget for livlig, myk, saltkysset tekstur. Hvem: Alle h\u00e5rtyper og teksturer. Spesielt for de som \u00f8nsker volum, tekstur og forbedrede naturlige b\u00f8lger eller kr\u00f8ller.N\u00e5r: Daglig, etterfulgt av Surf Creme Rinse Conditioner. 250 ml<\/p>\n","protected":false},"featured_media":460240,"comment_status":"open","ping_status":"closed","template":"","meta":{"_trash_the_other_posts":false},"product_brand":[],"product_cat":[563],"product_tag":[],"berocket_brand":[6711],"class_list":{"0":"post-460243","1":"product","2":"type-product","3":"status-publish","4":"has-post-thumbnail","6":"product_cat-sjampo","7":"pa_brand-bumble-and-bumble","8":"berocket_brand-bumble-and-bumble","10":"first","11":"instock","12":"sale","13":"taxable","14":"shipping-taxable","15":"purchasable","16":"product-type-simple"},"_links":{"self":[{"href":"https:\/\/stylingagenten.com\/no\/wp-json\/wp\/v2\/product\/460243","targetHints":{"allow":["GET"]}}],"collection":[{"href":"https:\/\/stylingagenten.com\/no\/wp-json\/wp\/v2\/product"}],"about":[{"href":"https:\/\/stylingagenten.com\/no\/wp-json\/wp\/v2\/types\/product"}],"replies":[{"embeddable":true,"href":"https:\/\/stylingagenten.com\/no\/wp-json\/wp\/v2\/comments?post=460243"}],"version-history":[{"count":0,"href":"https:\/\/stylingagenten.com\/no\/wp-json\/wp\/v2\/product\/460243\/revisions"}],"wp:featuredmedia":[{"embeddable":true,"href":"https:\/\/stylingagenten.com\/no\/wp-json\/wp\/v2\/media\/460240"}],"wp:attachment":[{"href":"https:\/\/stylingagenten.com\/no\/wp-json\/wp\/v2\/media?parent=460243"}],"wp:term":[{"taxonomy":"product_brand","embeddable":true,"href":"https:\/\/stylingagenten.com\/no\/wp-json\/wp\/v2\/product_brand?post=460243"},{"taxonomy":"product_cat","embeddable":true,"href":"https:\/\/stylingagenten.com\/no\/wp-json\/wp\/v2\/product_cat?post=460243"},{"taxonomy":"product_tag","embeddable":true,"href":"https:\/\/stylingagenten.com\/no\/wp-json\/wp\/v2\/product_tag?post=460243"},{"taxonomy":"berocket_brand","embeddable":true,"href":"https:\/\/stylingagenten.com\/no\/wp-json\/wp\/v2\/berocket_brand?post=460243"}],"curies":[{"name":"wp","href":"https:\/\/api.w.org\/{rel}","templated":true}]}}