{"id":460238,"date":"2025-12-11T11:27:08","date_gmt":"2025-12-11T11:27:08","guid":{"rendered":"https:\/\/stylingagenten.com\/no\/produkt\/bumble-and-bumble-surf-saltwater-spray-125ml\/"},"modified":"2026-04-08T15:32:14","modified_gmt":"2026-04-08T15:32:14","slug":"bumble-and-bumble-surf-saltwater-spray-125ml","status":"publish","type":"product","link":"https:\/\/stylingagenten.com\/no\/produkt\/bumble-and-bumble-surf-saltwater-spray-125ml\/","title":{"rendered":"Bumble and bumble Surf Saltwater Spray 125ml"},"content":{"rendered":"<p>Bumble and bumble Surf Saltwater Spray \u2013 Saltfylt for sexy, vindbl\u00e5st, saltvannsstruktur (n\u00e5r som helst, hvor som helst).<\/p>\n<p>Hvem: For alle (ikke bare strandede surfere). Gir volum, lett hold og en matt finish. Fungerer perfekt p\u00e5 alle h\u00e5rtyper.<br \/>N\u00e5r: Alltid.<\/p>\n<p>125 ml<\/p>\n","protected":false},"excerpt":{"rendered":"<p>Bumble and bumble Surf Saltwater Spray \u2013 Saltfylt for sexy, vindbl\u00e5st, saltvannsstruktur (n\u00e5r som helst, hvor som helst). Hvem: For alle (ikke bare strandede surfere). Gir volum, lett hold og en matt finish. Fungerer perfekt p\u00e5 alle h\u00e5rtyper.N\u00e5r: Alltid. 125 ml<\/p>\n","protected":false},"featured_media":460234,"comment_status":"open","ping_status":"closed","template":"","meta":{"_trash_the_other_posts":false},"product_brand":[],"product_cat":[603],"product_tag":[],"berocket_brand":[6711],"class_list":{"0":"post-460238","1":"product","2":"type-product","3":"status-publish","4":"has-post-thumbnail","6":"product_cat-saltvannsspray","7":"pa_brand-bumble-and-bumble","8":"berocket_brand-bumble-and-bumble","10":"first","11":"instock","12":"sale","13":"taxable","14":"shipping-taxable","15":"purchasable","16":"product-type-simple"},"_links":{"self":[{"href":"https:\/\/stylingagenten.com\/no\/wp-json\/wp\/v2\/product\/460238","targetHints":{"allow":["GET"]}}],"collection":[{"href":"https:\/\/stylingagenten.com\/no\/wp-json\/wp\/v2\/product"}],"about":[{"href":"https:\/\/stylingagenten.com\/no\/wp-json\/wp\/v2\/types\/product"}],"replies":[{"embeddable":true,"href":"https:\/\/stylingagenten.com\/no\/wp-json\/wp\/v2\/comments?post=460238"}],"version-history":[{"count":0,"href":"https:\/\/stylingagenten.com\/no\/wp-json\/wp\/v2\/product\/460238\/revisions"}],"wp:featuredmedia":[{"embeddable":true,"href":"https:\/\/stylingagenten.com\/no\/wp-json\/wp\/v2\/media\/460234"}],"wp:attachment":[{"href":"https:\/\/stylingagenten.com\/no\/wp-json\/wp\/v2\/media?parent=460238"}],"wp:term":[{"taxonomy":"product_brand","embeddable":true,"href":"https:\/\/stylingagenten.com\/no\/wp-json\/wp\/v2\/product_brand?post=460238"},{"taxonomy":"product_cat","embeddable":true,"href":"https:\/\/stylingagenten.com\/no\/wp-json\/wp\/v2\/product_cat?post=460238"},{"taxonomy":"product_tag","embeddable":true,"href":"https:\/\/stylingagenten.com\/no\/wp-json\/wp\/v2\/product_tag?post=460238"},{"taxonomy":"berocket_brand","embeddable":true,"href":"https:\/\/stylingagenten.com\/no\/wp-json\/wp\/v2\/berocket_brand?post=460238"}],"curies":[{"name":"wp","href":"https:\/\/api.w.org\/{rel}","templated":true}]}}