{"id":460208,"date":"2025-12-11T11:20:49","date_gmt":"2025-12-11T11:20:49","guid":{"rendered":"https:\/\/stylingagenten.com\/no\/produkt\/bumble-and-bumble-sunday-shampoo-250ml\/"},"modified":"2026-04-13T07:16:37","modified_gmt":"2026-04-13T07:16:37","slug":"bumble-and-bumble-sunday-shampoo-250ml","status":"publish","type":"product","link":"https:\/\/stylingagenten.com\/no\/produkt\/bumble-and-bumble-sunday-shampoo-250ml\/","title":{"rendered":"Bumble and bumble Sunday Shampoo 250ml"},"content":{"rendered":"<p>Bumble and bumble Sunday Shampoo er en ukentlig detox som fjerner produktrester, mineraler fra hardt vann og forurensninger fra h\u00e5ret. Perfekt for produktentusiaster og for deg som sjelden vasker h\u00e5ret.<\/p>\n<p>Hvem: Alle h\u00e5rtyper (unntatt fargebehandlet h\u00e5r). Ideell \u00e5 bruke f\u00f8r h\u00e5rmasker og\/eller farging eller andre kjemiske behandlinger.<br \/>N\u00e5r: En gang i uken (ikke n\u00f8dvendigvis p\u00e5 s\u00f8ndager). F\u00f8r h\u00e5rmasker og\/eller farging eller andre kjemiske behandlinger.<\/p>\n<p>250 ml<\/p>\n","protected":false},"excerpt":{"rendered":"<p>Bumble and bumble Sunday Shampoo er en ukentlig detox som fjerner produktrester, mineraler fra hardt vann og forurensninger fra h\u00e5ret. Perfekt for produktentusiaster og for deg som sjelden vasker h\u00e5ret. Hvem: Alle h\u00e5rtyper (unntatt fargebehandlet h\u00e5r). Ideell \u00e5 bruke f\u00f8r h\u00e5rmasker og\/eller farging eller andre kjemiske behandlinger.N\u00e5r: En gang i uken (ikke n\u00f8dvendigvis p\u00e5 s\u00f8ndager). [&hellip;]<\/p>\n","protected":false},"featured_media":460204,"comment_status":"open","ping_status":"closed","template":"","meta":{"_trash_the_other_posts":false},"product_brand":[],"product_cat":[563],"product_tag":[],"berocket_brand":[6711],"class_list":{"0":"post-460208","1":"product","2":"type-product","3":"status-publish","4":"has-post-thumbnail","6":"product_cat-sjampo","7":"pa_brand-bumble-and-bumble","8":"berocket_brand-bumble-and-bumble","10":"first","11":"instock","12":"sale","13":"taxable","14":"shipping-taxable","15":"purchasable","16":"product-type-simple"},"_links":{"self":[{"href":"https:\/\/stylingagenten.com\/no\/wp-json\/wp\/v2\/product\/460208","targetHints":{"allow":["GET"]}}],"collection":[{"href":"https:\/\/stylingagenten.com\/no\/wp-json\/wp\/v2\/product"}],"about":[{"href":"https:\/\/stylingagenten.com\/no\/wp-json\/wp\/v2\/types\/product"}],"replies":[{"embeddable":true,"href":"https:\/\/stylingagenten.com\/no\/wp-json\/wp\/v2\/comments?post=460208"}],"version-history":[{"count":0,"href":"https:\/\/stylingagenten.com\/no\/wp-json\/wp\/v2\/product\/460208\/revisions"}],"wp:featuredmedia":[{"embeddable":true,"href":"https:\/\/stylingagenten.com\/no\/wp-json\/wp\/v2\/media\/460204"}],"wp:attachment":[{"href":"https:\/\/stylingagenten.com\/no\/wp-json\/wp\/v2\/media?parent=460208"}],"wp:term":[{"taxonomy":"product_brand","embeddable":true,"href":"https:\/\/stylingagenten.com\/no\/wp-json\/wp\/v2\/product_brand?post=460208"},{"taxonomy":"product_cat","embeddable":true,"href":"https:\/\/stylingagenten.com\/no\/wp-json\/wp\/v2\/product_cat?post=460208"},{"taxonomy":"product_tag","embeddable":true,"href":"https:\/\/stylingagenten.com\/no\/wp-json\/wp\/v2\/product_tag?post=460208"},{"taxonomy":"berocket_brand","embeddable":true,"href":"https:\/\/stylingagenten.com\/no\/wp-json\/wp\/v2\/berocket_brand?post=460208"}],"curies":[{"name":"wp","href":"https:\/\/api.w.org\/{rel}","templated":true}]}}