{"id":460195,"date":"2025-12-11T11:16:23","date_gmt":"2025-12-11T11:16:23","guid":{"rendered":"https:\/\/stylingagenten.com\/no\/produkt\/bumble-and-bumble-semisumo-styling-pomade-50ml\/"},"modified":"2026-04-08T15:32:21","modified_gmt":"2026-04-08T15:32:21","slug":"bumble-and-bumble-semisumo-styling-pomade-50ml","status":"publish","type":"product","link":"https:\/\/stylingagenten.com\/no\/produkt\/bumble-and-bumble-semisumo-styling-pomade-50ml\/","title":{"rendered":"Bumble and bumble Semisumo Styling Pomade 50ml"},"content":{"rendered":"<p>Bumble and bumble Semisumo Styling Pomade \u2013 Denne elegante pomaden gir kraftig glans og lett hold med seks enkle ingredienser (og en fantastisk duft).<\/p>\n<p>Hvem: Passer alle h\u00e5rtyper, spesielt medium til kraftige. Passer ogs\u00e5 for farget eller kjemisk behandlet h\u00e5r.<br \/>N\u00e5r: Som base f\u00f8r h\u00e5rpudder (t\u00f8rrsjampo) for bedre feste og en matt effekt, eller som et lag over grunnleggende produkter (Styling Lotion, Thickening Hairspray, Styling Creme) for mer kontroll. Bruk i medium til langt h\u00e5r etter f\u00f8ning for \u00e5 roe ned, fjerne frizz og gi kontroll. Ogs\u00e5 flott til \u00e5 glatte ut en oppsatt frisyre for ekstra glans og definisjon. Bruk i kort h\u00e5r for detaljer.<\/p>\n<p>50 ml<\/p>\n","protected":false},"excerpt":{"rendered":"<p>Bumble and bumble Semisumo Styling Pomade \u2013 Denne elegante pomaden gir kraftig glans og lett hold med seks enkle ingredienser (og en fantastisk duft). Hvem: Passer alle h\u00e5rtyper, spesielt medium til kraftige. Passer ogs\u00e5 for farget eller kjemisk behandlet h\u00e5r.N\u00e5r: Som base f\u00f8r h\u00e5rpudder (t\u00f8rrsjampo) for bedre feste og en matt effekt, eller som et [&hellip;]<\/p>\n","protected":false},"featured_media":460191,"comment_status":"open","ping_status":"closed","template":"","meta":{"_trash_the_other_posts":false},"product_brand":[],"product_cat":[703],"product_tag":[],"berocket_brand":[6711],"class_list":{"0":"post-460195","1":"product","2":"type-product","3":"status-publish","4":"has-post-thumbnail","6":"product_cat-pomade","7":"pa_brand-bumble-and-bumble","8":"berocket_brand-bumble-and-bumble","10":"first","11":"instock","12":"sale","13":"taxable","14":"shipping-taxable","15":"purchasable","16":"product-type-simple"},"_links":{"self":[{"href":"https:\/\/stylingagenten.com\/no\/wp-json\/wp\/v2\/product\/460195","targetHints":{"allow":["GET"]}}],"collection":[{"href":"https:\/\/stylingagenten.com\/no\/wp-json\/wp\/v2\/product"}],"about":[{"href":"https:\/\/stylingagenten.com\/no\/wp-json\/wp\/v2\/types\/product"}],"replies":[{"embeddable":true,"href":"https:\/\/stylingagenten.com\/no\/wp-json\/wp\/v2\/comments?post=460195"}],"version-history":[{"count":0,"href":"https:\/\/stylingagenten.com\/no\/wp-json\/wp\/v2\/product\/460195\/revisions"}],"wp:featuredmedia":[{"embeddable":true,"href":"https:\/\/stylingagenten.com\/no\/wp-json\/wp\/v2\/media\/460191"}],"wp:attachment":[{"href":"https:\/\/stylingagenten.com\/no\/wp-json\/wp\/v2\/media?parent=460195"}],"wp:term":[{"taxonomy":"product_brand","embeddable":true,"href":"https:\/\/stylingagenten.com\/no\/wp-json\/wp\/v2\/product_brand?post=460195"},{"taxonomy":"product_cat","embeddable":true,"href":"https:\/\/stylingagenten.com\/no\/wp-json\/wp\/v2\/product_cat?post=460195"},{"taxonomy":"product_tag","embeddable":true,"href":"https:\/\/stylingagenten.com\/no\/wp-json\/wp\/v2\/product_tag?post=460195"},{"taxonomy":"berocket_brand","embeddable":true,"href":"https:\/\/stylingagenten.com\/no\/wp-json\/wp\/v2\/berocket_brand?post=460195"}],"curies":[{"name":"wp","href":"https:\/\/api.w.org\/{rel}","templated":true}]}}