{"id":460168,"date":"2025-12-11T11:10:50","date_gmt":"2025-12-11T11:10:50","guid":{"rendered":"https:\/\/stylingagenten.com\/no\/produkt\/bumble-and-bumble-seaweed-air-dry-cream-150ml\/"},"modified":"2026-04-08T15:32:11","modified_gmt":"2026-04-08T15:32:11","slug":"bumble-and-bumble-seaweed-air-dry-cream-150ml","status":"publish","type":"product","link":"https:\/\/stylingagenten.com\/no\/produkt\/bumble-and-bumble-seaweed-air-dry-cream-150ml\/","title":{"rendered":"Bumble and bumble Seaweed Air Dry Cream 150ml"},"content":{"rendered":"<p>Bumble and bumble Seaweed Air Dry Cream er en lett leave-in balsam + stylingkrem som gir h\u00e5ret hold og fuktighet hele dagen.<\/p>\n<p>HVA: Seaweed styling (h\u00e5ret ditt vil takke deg senere). Denne allsidige leave-in, beriket med en trio av n\u00e6ringsrike kongelig sukkertare, Stillehavstare og gr\u00f8nne mikroalger, er et enkelt hjelpemiddel for enkle luftt\u00f8rkede frisyrer og gir en umiddelbar dobbel reduksjon av frizz som varer hele dagen sammenlignet med ubehandlet h\u00e5r. Like deler leave-in balsam og stylingkrem \u2014 den gir n\u00e6rende fukt hele dagen, reduserer frizz og flyveh\u00e5r, og gir myk hold for perfekt luftt\u00f8rket stil (dag eller natt). Den hjelper ogs\u00e5 med \u00e5 opprettholde et optimalt hodebunnsmilj\u00f8. En stilfull look uten innsats? Fra hav til by til salong, v\u00e5r Seaweed gir deg akkurat det.<\/p>\n<p>FOR: Ideell for alle h\u00e5rtyper som \u00f8nsker lett fukt og pleie for h\u00e5r og hodebunn.<\/p>\n<p>150ml<\/p>\n","protected":false},"excerpt":{"rendered":"<p>Bumble and bumble Seaweed Air Dry Cream er en lett leave-in balsam + stylingkrem som gir h\u00e5ret hold og fuktighet hele dagen. HVA: Seaweed styling (h\u00e5ret ditt vil takke deg senere). Denne allsidige leave-in, beriket med en trio av n\u00e6ringsrike kongelig sukkertare, Stillehavstare og gr\u00f8nne mikroalger, er et enkelt hjelpemiddel for enkle luftt\u00f8rkede frisyrer og [&hellip;]<\/p>\n","protected":false},"featured_media":460164,"comment_status":"open","ping_status":"closed","template":"","meta":{"_trash_the_other_posts":false},"product_brand":[],"product_cat":[546],"product_tag":[],"berocket_brand":[6711],"class_list":{"0":"post-460168","1":"product","2":"type-product","3":"status-publish","4":"has-post-thumbnail","6":"product_cat-harstyling","7":"pa_brand-bumble-and-bumble","8":"berocket_brand-bumble-and-bumble","10":"first","11":"instock","12":"sale","13":"taxable","14":"shipping-taxable","15":"purchasable","16":"product-type-simple"},"_links":{"self":[{"href":"https:\/\/stylingagenten.com\/no\/wp-json\/wp\/v2\/product\/460168","targetHints":{"allow":["GET"]}}],"collection":[{"href":"https:\/\/stylingagenten.com\/no\/wp-json\/wp\/v2\/product"}],"about":[{"href":"https:\/\/stylingagenten.com\/no\/wp-json\/wp\/v2\/types\/product"}],"replies":[{"embeddable":true,"href":"https:\/\/stylingagenten.com\/no\/wp-json\/wp\/v2\/comments?post=460168"}],"version-history":[{"count":0,"href":"https:\/\/stylingagenten.com\/no\/wp-json\/wp\/v2\/product\/460168\/revisions"}],"wp:featuredmedia":[{"embeddable":true,"href":"https:\/\/stylingagenten.com\/no\/wp-json\/wp\/v2\/media\/460164"}],"wp:attachment":[{"href":"https:\/\/stylingagenten.com\/no\/wp-json\/wp\/v2\/media?parent=460168"}],"wp:term":[{"taxonomy":"product_brand","embeddable":true,"href":"https:\/\/stylingagenten.com\/no\/wp-json\/wp\/v2\/product_brand?post=460168"},{"taxonomy":"product_cat","embeddable":true,"href":"https:\/\/stylingagenten.com\/no\/wp-json\/wp\/v2\/product_cat?post=460168"},{"taxonomy":"product_tag","embeddable":true,"href":"https:\/\/stylingagenten.com\/no\/wp-json\/wp\/v2\/product_tag?post=460168"},{"taxonomy":"berocket_brand","embeddable":true,"href":"https:\/\/stylingagenten.com\/no\/wp-json\/wp\/v2\/berocket_brand?post=460168"}],"curies":[{"name":"wp","href":"https:\/\/api.w.org\/{rel}","templated":true}]}}