{"id":460163,"date":"2025-12-11T11:10:43","date_gmt":"2025-12-11T11:10:43","guid":{"rendered":"https:\/\/stylingagenten.com\/no\/produkt\/bumble-and-bumble-seaweed-shampoo-250ml\/"},"modified":"2026-04-08T15:32:15","modified_gmt":"2026-04-08T15:32:15","slug":"bumble-and-bumble-seaweed-shampoo-250ml","status":"publish","type":"product","link":"https:\/\/stylingagenten.com\/no\/produkt\/bumble-and-bumble-seaweed-shampoo-250ml\/","title":{"rendered":"Bumble and bumble Seaweed Shampoo 250ml"},"content":{"rendered":"<p>Bumble and bumble Seaweed Shampoo er en mild, luftig rengj\u00f8ring som frisker opp h\u00e5ret og hjelper til med \u00e5 balansere fuktigheten i hodebunnen.<\/p>\n<p>HVA: Dykk ned i n\u00e6ringsfull glans med v\u00e5r milde rengj\u00f8ring med en n\u00e6ringsrik trio av kongelig sukkertare, Stillehavstare og gr\u00f8nne mikroalger. Denne luftige rengj\u00f8ringen hjelper med \u00e5 balansere fukt og gir n\u00e6ring til h\u00e5r og hodebunn. Smuss, overfl\u00f8dig olje og produktrester skylles bort uten \u00e5 skade h\u00e5ret. For h\u00e5r som f\u00f8les lett, sprettende og friskt. Ved bruk sammen med Bb. Seaweed Conditioner viste 91 % forbedret fuktighet i hodebunnen**. En ny, bevisst videreutviklet versjon av v\u00e5r opprinnelige Seaweed Shampoo-formel.<\/p>\n<p>FOR: Alle h\u00e5rtyper som \u00f8nsker lett, balansert fuktighet for h\u00e5r og hodebunn.<\/p>\n<p>**I en klinisk studie med 32 deltakere, etter bruk av Seaweed Shampoo &amp; Conditioner 3 ganger.<\/p>\n<p>250ml<\/p>\n","protected":false},"excerpt":{"rendered":"<p>Bumble and bumble Seaweed Shampoo er en mild, luftig rengj\u00f8ring som frisker opp h\u00e5ret og hjelper til med \u00e5 balansere fuktigheten i hodebunnen. HVA: Dykk ned i n\u00e6ringsfull glans med v\u00e5r milde rengj\u00f8ring med en n\u00e6ringsrik trio av kongelig sukkertare, Stillehavstare og gr\u00f8nne mikroalger. Denne luftige rengj\u00f8ringen hjelper med \u00e5 balansere fukt og gir n\u00e6ring [&hellip;]<\/p>\n","protected":false},"featured_media":460158,"comment_status":"open","ping_status":"closed","template":"","meta":{"_trash_the_other_posts":false},"product_brand":[],"product_cat":[563],"product_tag":[],"berocket_brand":[6711],"class_list":{"0":"post-460163","1":"product","2":"type-product","3":"status-publish","4":"has-post-thumbnail","6":"product_cat-sjampo","7":"pa_brand-bumble-and-bumble","8":"berocket_brand-bumble-and-bumble","10":"first","11":"instock","12":"sale","13":"taxable","14":"shipping-taxable","15":"purchasable","16":"product-type-simple"},"_links":{"self":[{"href":"https:\/\/stylingagenten.com\/no\/wp-json\/wp\/v2\/product\/460163","targetHints":{"allow":["GET"]}}],"collection":[{"href":"https:\/\/stylingagenten.com\/no\/wp-json\/wp\/v2\/product"}],"about":[{"href":"https:\/\/stylingagenten.com\/no\/wp-json\/wp\/v2\/types\/product"}],"replies":[{"embeddable":true,"href":"https:\/\/stylingagenten.com\/no\/wp-json\/wp\/v2\/comments?post=460163"}],"version-history":[{"count":0,"href":"https:\/\/stylingagenten.com\/no\/wp-json\/wp\/v2\/product\/460163\/revisions"}],"wp:featuredmedia":[{"embeddable":true,"href":"https:\/\/stylingagenten.com\/no\/wp-json\/wp\/v2\/media\/460158"}],"wp:attachment":[{"href":"https:\/\/stylingagenten.com\/no\/wp-json\/wp\/v2\/media?parent=460163"}],"wp:term":[{"taxonomy":"product_brand","embeddable":true,"href":"https:\/\/stylingagenten.com\/no\/wp-json\/wp\/v2\/product_brand?post=460163"},{"taxonomy":"product_cat","embeddable":true,"href":"https:\/\/stylingagenten.com\/no\/wp-json\/wp\/v2\/product_cat?post=460163"},{"taxonomy":"product_tag","embeddable":true,"href":"https:\/\/stylingagenten.com\/no\/wp-json\/wp\/v2\/product_tag?post=460163"},{"taxonomy":"berocket_brand","embeddable":true,"href":"https:\/\/stylingagenten.com\/no\/wp-json\/wp\/v2\/berocket_brand?post=460163"}],"curies":[{"name":"wp","href":"https:\/\/api.w.org\/{rel}","templated":true}]}}