{"id":460157,"date":"2025-12-11T11:10:33","date_gmt":"2025-12-11T11:10:33","guid":{"rendered":"https:\/\/stylingagenten.com\/no\/produkt\/bumble-and-bumble-seaweed-whipped-scalp-scrub-200ml\/"},"modified":"2026-04-08T15:31:55","modified_gmt":"2026-04-08T15:31:55","slug":"bumble-and-bumble-seaweed-whipped-scalp-scrub-200ml","status":"publish","type":"product","link":"https:\/\/stylingagenten.com\/no\/produkt\/bumble-and-bumble-seaweed-whipped-scalp-scrub-200ml\/","title":{"rendered":"Bumble and bumble Seaweed Whipped Scalp Scrub 200ml"},"content":{"rendered":"<p>Bumble and bumble Seaweed Whipped Scalp Scrub er en havsaltskrubb som forsiktig eksfolierer og renser for \u00e5 fremme et optimalt hodebunnsmilj\u00f8.<\/p>\n<p>HVA: Sk\u00e5nsom mot hodebunnen, men kraftig nok til \u00e5 rense, denne luftige scruben, beriket med D\u00f8dehavssalt, legger grunnlaget for sunt, balansert h\u00e5r og hodebunn, og gir 2x glans umiddelbart sammenlignet med uvasket h\u00e5r. Med tilsatt D\u00f8dehavssalt og en trio av n\u00e6ringsrike sj\u00f8gress, fremmer den et optimalt hodebunnsmilj\u00f8 ved \u00e5 trekke ut urenheter som smuss, overfl\u00f8dig olje og produktrester for \u00e5 friske opp og styrke. Den gir ogs\u00e5 et polert utseende og myk glans som f\u00e5r h\u00e5ret til \u00e5 f\u00f8les \u201csom \u00e5 flyte p\u00e5 havlys.\u201d<\/p>\n<p>FOR: Ideell for alle h\u00e5rtyper som \u00f8nsker \u00e5 eksfoliere og rense hodebunnen og h\u00e5ret.<\/p>\n<p>200ml<\/p>\n","protected":false},"excerpt":{"rendered":"<p>Bumble and bumble Seaweed Whipped Scalp Scrub er en havsaltskrubb som forsiktig eksfolierer og renser for \u00e5 fremme et optimalt hodebunnsmilj\u00f8. HVA: Sk\u00e5nsom mot hodebunnen, men kraftig nok til \u00e5 rense, denne luftige scruben, beriket med D\u00f8dehavssalt, legger grunnlaget for sunt, balansert h\u00e5r og hodebunn, og gir 2x glans umiddelbart sammenlignet med uvasket h\u00e5r. Med [&hellip;]<\/p>\n","protected":false},"featured_media":460153,"comment_status":"open","ping_status":"closed","template":"","meta":{"_trash_the_other_posts":false},"product_brand":[],"product_cat":[620],"product_tag":[],"berocket_brand":[6711],"class_list":{"0":"post-460157","1":"product","2":"type-product","3":"status-publish","4":"has-post-thumbnail","6":"product_cat-harmaske","7":"pa_brand-bumble-and-bumble","8":"berocket_brand-bumble-and-bumble","10":"first","11":"instock","12":"sale","13":"taxable","14":"shipping-taxable","15":"purchasable","16":"product-type-simple"},"_links":{"self":[{"href":"https:\/\/stylingagenten.com\/no\/wp-json\/wp\/v2\/product\/460157","targetHints":{"allow":["GET"]}}],"collection":[{"href":"https:\/\/stylingagenten.com\/no\/wp-json\/wp\/v2\/product"}],"about":[{"href":"https:\/\/stylingagenten.com\/no\/wp-json\/wp\/v2\/types\/product"}],"replies":[{"embeddable":true,"href":"https:\/\/stylingagenten.com\/no\/wp-json\/wp\/v2\/comments?post=460157"}],"version-history":[{"count":0,"href":"https:\/\/stylingagenten.com\/no\/wp-json\/wp\/v2\/product\/460157\/revisions"}],"wp:featuredmedia":[{"embeddable":true,"href":"https:\/\/stylingagenten.com\/no\/wp-json\/wp\/v2\/media\/460153"}],"wp:attachment":[{"href":"https:\/\/stylingagenten.com\/no\/wp-json\/wp\/v2\/media?parent=460157"}],"wp:term":[{"taxonomy":"product_brand","embeddable":true,"href":"https:\/\/stylingagenten.com\/no\/wp-json\/wp\/v2\/product_brand?post=460157"},{"taxonomy":"product_cat","embeddable":true,"href":"https:\/\/stylingagenten.com\/no\/wp-json\/wp\/v2\/product_cat?post=460157"},{"taxonomy":"product_tag","embeddable":true,"href":"https:\/\/stylingagenten.com\/no\/wp-json\/wp\/v2\/product_tag?post=460157"},{"taxonomy":"berocket_brand","embeddable":true,"href":"https:\/\/stylingagenten.com\/no\/wp-json\/wp\/v2\/berocket_brand?post=460157"}],"curies":[{"name":"wp","href":"https:\/\/api.w.org\/{rel}","templated":true}]}}