{"id":460147,"date":"2025-12-11T11:07:07","date_gmt":"2025-12-11T11:07:07","guid":{"rendered":"https:\/\/stylingagenten.com\/no\/produkt\/bumble-and-bumble-sumo-liquid-wax-finishing-spray-150ml\/"},"modified":"2026-04-08T15:31:59","modified_gmt":"2026-04-08T15:31:59","slug":"bumble-and-bumble-sumo-liquid-wax-finishing-spray-150ml","status":"publish","type":"product","link":"https:\/\/stylingagenten.com\/no\/produkt\/bumble-and-bumble-sumo-liquid-wax-finishing-spray-150ml\/","title":{"rendered":"Bumble and bumble Sumo Liquid Wax+ Finishing Spray 150ml"},"content":{"rendered":"<p>Bumble and bumble Sumo Liquid Wax+ Finishing Spray \u2013 Bruk denne teksturiserende sprayvoksen for en (bevisst) uferdig look med bygbar separasjon, lett hold og naturlig glans. Tenk: andre dags h\u00e5r, men p\u00e5 f\u00f8rste dag.<\/p>\n<p>150 ml<\/p>\n","protected":false},"excerpt":{"rendered":"<p>Bumble and bumble Sumo Liquid Wax+ Finishing Spray \u2013 Bruk denne teksturiserende sprayvoksen for en (bevisst) uferdig look med bygbar separasjon, lett hold og naturlig glans. Tenk: andre dags h\u00e5r, men p\u00e5 f\u00f8rste dag. 150 ml<\/p>\n","protected":false},"featured_media":460143,"comment_status":"open","ping_status":"closed","template":"","meta":{"_trash_the_other_posts":false},"product_brand":[],"product_cat":[576],"product_tag":[],"berocket_brand":[6711],"class_list":{"0":"post-460147","1":"product","2":"type-product","3":"status-publish","4":"has-post-thumbnail","6":"product_cat-harspray","7":"pa_brand-bumble-and-bumble","8":"berocket_brand-bumble-and-bumble","10":"first","11":"instock","12":"sale","13":"taxable","14":"shipping-taxable","15":"purchasable","16":"product-type-simple"},"_links":{"self":[{"href":"https:\/\/stylingagenten.com\/no\/wp-json\/wp\/v2\/product\/460147","targetHints":{"allow":["GET"]}}],"collection":[{"href":"https:\/\/stylingagenten.com\/no\/wp-json\/wp\/v2\/product"}],"about":[{"href":"https:\/\/stylingagenten.com\/no\/wp-json\/wp\/v2\/types\/product"}],"replies":[{"embeddable":true,"href":"https:\/\/stylingagenten.com\/no\/wp-json\/wp\/v2\/comments?post=460147"}],"version-history":[{"count":0,"href":"https:\/\/stylingagenten.com\/no\/wp-json\/wp\/v2\/product\/460147\/revisions"}],"wp:featuredmedia":[{"embeddable":true,"href":"https:\/\/stylingagenten.com\/no\/wp-json\/wp\/v2\/media\/460143"}],"wp:attachment":[{"href":"https:\/\/stylingagenten.com\/no\/wp-json\/wp\/v2\/media?parent=460147"}],"wp:term":[{"taxonomy":"product_brand","embeddable":true,"href":"https:\/\/stylingagenten.com\/no\/wp-json\/wp\/v2\/product_brand?post=460147"},{"taxonomy":"product_cat","embeddable":true,"href":"https:\/\/stylingagenten.com\/no\/wp-json\/wp\/v2\/product_cat?post=460147"},{"taxonomy":"product_tag","embeddable":true,"href":"https:\/\/stylingagenten.com\/no\/wp-json\/wp\/v2\/product_tag?post=460147"},{"taxonomy":"berocket_brand","embeddable":true,"href":"https:\/\/stylingagenten.com\/no\/wp-json\/wp\/v2\/berocket_brand?post=460147"}],"curies":[{"name":"wp","href":"https:\/\/api.w.org\/{rel}","templated":true}]}}