{"id":460104,"date":"2025-12-11T11:00:40","date_gmt":"2025-12-11T11:00:40","guid":{"rendered":"https:\/\/stylingagenten.com\/no\/produkt\/bumble-and-bumble-pret-a-powder-post-workout-dry-shampoo-mist-45ml\/"},"modified":"2026-04-08T15:31:58","modified_gmt":"2026-04-08T15:31:58","slug":"bumble-and-bumble-pret-a-powder-post-workout-dry-shampoo-mist-45ml","status":"publish","type":"product","link":"https:\/\/stylingagenten.com\/no\/produkt\/bumble-and-bumble-pret-a-powder-post-workout-dry-shampoo-mist-45ml\/","title":{"rendered":"Bumble and bumble Pr\u00eat-\u00c0-Powder Post Workout Dry Shampoo Mist 45ml"},"content":{"rendered":"<p>Bumble and bumble Pr\u00eat-\u00c0-Powder Post Workout Dry Shampoo Mist er en raskt\u00f8rkende flytende h\u00e5rmist spesielt utviklet for \u00e5 rengj\u00f8re og friske opp svett h\u00e5r. Den absorberer olje og bidrar til \u00e5 fjerne lukt. Denne aerosolfri t\u00f8rrsjampoen er perfekt som f\u00f8rste steg i din stylingrutine etter trening.<\/p>\n<p>Svett? Ingen problem. F\u00e5 rent og friskt h\u00e5r med en gang.<\/p>\n<p>45ml<\/p>\n","protected":false},"excerpt":{"rendered":"<p>Bumble and bumble Pr\u00eat-\u00c0-Powder Post Workout Dry Shampoo Mist er en raskt\u00f8rkende flytende h\u00e5rmist spesielt utviklet for \u00e5 rengj\u00f8re og friske opp svett h\u00e5r. Den absorberer olje og bidrar til \u00e5 fjerne lukt. Denne aerosolfri t\u00f8rrsjampoen er perfekt som f\u00f8rste steg i din stylingrutine etter trening. Svett? Ingen problem. F\u00e5 rent og friskt h\u00e5r med [&hellip;]<\/p>\n","protected":false},"featured_media":460100,"comment_status":"open","ping_status":"closed","template":"","meta":{"_trash_the_other_posts":false},"product_brand":[],"product_cat":[575],"product_tag":[],"berocket_brand":[6711],"class_list":{"0":"post-460104","1":"product","2":"type-product","3":"status-publish","4":"has-post-thumbnail","6":"product_cat-torr-sjampo","7":"pa_brand-bumble-and-bumble","8":"berocket_brand-bumble-and-bumble","10":"first","11":"instock","12":"sale","13":"taxable","14":"shipping-taxable","15":"purchasable","16":"product-type-simple"},"_links":{"self":[{"href":"https:\/\/stylingagenten.com\/no\/wp-json\/wp\/v2\/product\/460104","targetHints":{"allow":["GET"]}}],"collection":[{"href":"https:\/\/stylingagenten.com\/no\/wp-json\/wp\/v2\/product"}],"about":[{"href":"https:\/\/stylingagenten.com\/no\/wp-json\/wp\/v2\/types\/product"}],"replies":[{"embeddable":true,"href":"https:\/\/stylingagenten.com\/no\/wp-json\/wp\/v2\/comments?post=460104"}],"version-history":[{"count":0,"href":"https:\/\/stylingagenten.com\/no\/wp-json\/wp\/v2\/product\/460104\/revisions"}],"wp:featuredmedia":[{"embeddable":true,"href":"https:\/\/stylingagenten.com\/no\/wp-json\/wp\/v2\/media\/460100"}],"wp:attachment":[{"href":"https:\/\/stylingagenten.com\/no\/wp-json\/wp\/v2\/media?parent=460104"}],"wp:term":[{"taxonomy":"product_brand","embeddable":true,"href":"https:\/\/stylingagenten.com\/no\/wp-json\/wp\/v2\/product_brand?post=460104"},{"taxonomy":"product_cat","embeddable":true,"href":"https:\/\/stylingagenten.com\/no\/wp-json\/wp\/v2\/product_cat?post=460104"},{"taxonomy":"product_tag","embeddable":true,"href":"https:\/\/stylingagenten.com\/no\/wp-json\/wp\/v2\/product_tag?post=460104"},{"taxonomy":"berocket_brand","embeddable":true,"href":"https:\/\/stylingagenten.com\/no\/wp-json\/wp\/v2\/berocket_brand?post=460104"}],"curies":[{"name":"wp","href":"https:\/\/api.w.org\/{rel}","templated":true}]}}