{"id":460099,"date":"2025-12-11T10:59:39","date_gmt":"2025-12-11T10:59:39","guid":{"rendered":"https:\/\/stylingagenten.com\/no\/produkt\/bumble-and-bumble-illuminated-color-shampoo-250ml\/"},"modified":"2026-04-08T15:31:54","modified_gmt":"2026-04-08T15:31:54","slug":"bumble-and-bumble-illuminated-color-shampoo-250ml","status":"publish","type":"product","link":"https:\/\/stylingagenten.com\/no\/produkt\/bumble-and-bumble-illuminated-color-shampoo-250ml\/","title":{"rendered":"Bumble and bumble Illuminated Color Shampoo 250ml"},"content":{"rendered":"<p>Bumble and bumble Illuminated Color Shampoo er en sk\u00e5nsom sjampo som gir 4x fargebevarende fuktighet og opptil 90\u00a0% mer livfullhet sammenlignet med ubehandlet h\u00e5r. Den er formulert med PRO ColorShield-teknologi, en kombinasjon av beskyttende polymerer, n\u00e6rende ingredienser og vitamin E som l\u00e5ser inn fargen og beskytter mot falming. Kukui-n\u00f8tteolje tilf\u00f8rer glans og fuktighet, mens h\u00e5rets pH balanseres for \u00e5 forsegle h\u00e5rstr\u00e5et. Passer alle h\u00e5rtyper og teksturer med farget h\u00e5r som \u00f8nsker glansfull, langvarig farge.<\/p>\n<p>250ml<\/p>\n","protected":false},"excerpt":{"rendered":"<p>Bumble and bumble Illuminated Color Shampoo er en sk\u00e5nsom sjampo som gir 4x fargebevarende fuktighet og opptil 90\u00a0% mer livfullhet sammenlignet med ubehandlet h\u00e5r. Den er formulert med PRO ColorShield-teknologi, en kombinasjon av beskyttende polymerer, n\u00e6rende ingredienser og vitamin E som l\u00e5ser inn fargen og beskytter mot falming. Kukui-n\u00f8tteolje tilf\u00f8rer glans og fuktighet, mens h\u00e5rets [&hellip;]<\/p>\n","protected":false},"featured_media":460096,"comment_status":"open","ping_status":"closed","template":"","meta":{"_trash_the_other_posts":false},"product_brand":[],"product_cat":[563],"product_tag":[],"berocket_brand":[6711],"class_list":{"0":"post-460099","1":"product","2":"type-product","3":"status-publish","4":"has-post-thumbnail","6":"product_cat-sjampo","7":"pa_brand-bumble-and-bumble","8":"berocket_brand-bumble-and-bumble","10":"first","11":"instock","12":"sale","13":"taxable","14":"shipping-taxable","15":"purchasable","16":"product-type-simple"},"_links":{"self":[{"href":"https:\/\/stylingagenten.com\/no\/wp-json\/wp\/v2\/product\/460099","targetHints":{"allow":["GET"]}}],"collection":[{"href":"https:\/\/stylingagenten.com\/no\/wp-json\/wp\/v2\/product"}],"about":[{"href":"https:\/\/stylingagenten.com\/no\/wp-json\/wp\/v2\/types\/product"}],"replies":[{"embeddable":true,"href":"https:\/\/stylingagenten.com\/no\/wp-json\/wp\/v2\/comments?post=460099"}],"version-history":[{"count":0,"href":"https:\/\/stylingagenten.com\/no\/wp-json\/wp\/v2\/product\/460099\/revisions"}],"wp:featuredmedia":[{"embeddable":true,"href":"https:\/\/stylingagenten.com\/no\/wp-json\/wp\/v2\/media\/460096"}],"wp:attachment":[{"href":"https:\/\/stylingagenten.com\/no\/wp-json\/wp\/v2\/media?parent=460099"}],"wp:term":[{"taxonomy":"product_brand","embeddable":true,"href":"https:\/\/stylingagenten.com\/no\/wp-json\/wp\/v2\/product_brand?post=460099"},{"taxonomy":"product_cat","embeddable":true,"href":"https:\/\/stylingagenten.com\/no\/wp-json\/wp\/v2\/product_cat?post=460099"},{"taxonomy":"product_tag","embeddable":true,"href":"https:\/\/stylingagenten.com\/no\/wp-json\/wp\/v2\/product_tag?post=460099"},{"taxonomy":"berocket_brand","embeddable":true,"href":"https:\/\/stylingagenten.com\/no\/wp-json\/wp\/v2\/berocket_brand?post=460099"}],"curies":[{"name":"wp","href":"https:\/\/api.w.org\/{rel}","templated":true}]}}