{"id":460084,"date":"2025-12-11T10:52:28","date_gmt":"2025-12-11T10:52:28","guid":{"rendered":"https:\/\/stylingagenten.com\/no\/produkt\/bumble-and-bumble-hairdressers-invisible-hair-oil-100ml\/"},"modified":"2026-04-08T15:31:53","modified_gmt":"2026-04-08T15:31:53","slug":"bumble-and-bumble-hairdressers-invisible-hair-oil-100ml","status":"publish","type":"product","link":"https:\/\/stylingagenten.com\/no\/produkt\/bumble-and-bumble-hairdressers-invisible-hair-oil-100ml\/","title":{"rendered":"Bumble and bumble Hairdresser&#8217;s Invisible Hair Oil 100ml"},"content":{"rendered":"<p>Bumble and bumble Hairdresser&#8217;s Invisible Hair Oil \u2013 Denne blandingen av 6 n\u00e6ringsrike oljer absorberes i h\u00e5ret og gir en glatt, fj\u00e6rlett f\u00f8lelse og vakker glans.<br \/>Hvem: Alle h\u00e5rtyper (og farger).<br \/>N\u00e5r: N\u00e5r som helst, for \u00e5 glatte ut og redusere frizz, temme flyveh\u00e5r, gre ut og styrke h\u00e5ret mot brekkasje.<\/p>\n<p>100ml<\/p>\n","protected":false},"excerpt":{"rendered":"<p>Bumble and bumble Hairdresser&#8217;s Invisible Hair Oil \u2013 Denne blandingen av 6 n\u00e6ringsrike oljer absorberes i h\u00e5ret og gir en glatt, fj\u00e6rlett f\u00f8lelse og vakker glans.Hvem: Alle h\u00e5rtyper (og farger).N\u00e5r: N\u00e5r som helst, for \u00e5 glatte ut og redusere frizz, temme flyveh\u00e5r, gre ut og styrke h\u00e5ret mot brekkasje. 100ml<\/p>\n","protected":false},"featured_media":460081,"comment_status":"open","ping_status":"closed","template":"","meta":{"_trash_the_other_posts":false},"product_brand":[],"product_cat":[610],"product_tag":[],"berocket_brand":[6711],"class_list":{"0":"post-460084","1":"product","2":"type-product","3":"status-publish","4":"has-post-thumbnail","6":"product_cat-hare-olje","7":"pa_brand-bumble-and-bumble","8":"berocket_brand-bumble-and-bumble","10":"first","11":"instock","12":"sale","13":"taxable","14":"shipping-taxable","15":"purchasable","16":"product-type-simple"},"_links":{"self":[{"href":"https:\/\/stylingagenten.com\/no\/wp-json\/wp\/v2\/product\/460084","targetHints":{"allow":["GET"]}}],"collection":[{"href":"https:\/\/stylingagenten.com\/no\/wp-json\/wp\/v2\/product"}],"about":[{"href":"https:\/\/stylingagenten.com\/no\/wp-json\/wp\/v2\/types\/product"}],"replies":[{"embeddable":true,"href":"https:\/\/stylingagenten.com\/no\/wp-json\/wp\/v2\/comments?post=460084"}],"version-history":[{"count":0,"href":"https:\/\/stylingagenten.com\/no\/wp-json\/wp\/v2\/product\/460084\/revisions"}],"wp:featuredmedia":[{"embeddable":true,"href":"https:\/\/stylingagenten.com\/no\/wp-json\/wp\/v2\/media\/460081"}],"wp:attachment":[{"href":"https:\/\/stylingagenten.com\/no\/wp-json\/wp\/v2\/media?parent=460084"}],"wp:term":[{"taxonomy":"product_brand","embeddable":true,"href":"https:\/\/stylingagenten.com\/no\/wp-json\/wp\/v2\/product_brand?post=460084"},{"taxonomy":"product_cat","embeddable":true,"href":"https:\/\/stylingagenten.com\/no\/wp-json\/wp\/v2\/product_cat?post=460084"},{"taxonomy":"product_tag","embeddable":true,"href":"https:\/\/stylingagenten.com\/no\/wp-json\/wp\/v2\/product_tag?post=460084"},{"taxonomy":"berocket_brand","embeddable":true,"href":"https:\/\/stylingagenten.com\/no\/wp-json\/wp\/v2\/berocket_brand?post=460084"}],"curies":[{"name":"wp","href":"https:\/\/api.w.org\/{rel}","templated":true}]}}