{"id":460045,"date":"2025-12-11T10:42:54","date_gmt":"2025-12-11T10:42:54","guid":{"rendered":"https:\/\/stylingagenten.com\/no\/produkt\/bumble-and-bumble-grooming-creme-150ml\/"},"modified":"2026-04-13T06:03:33","modified_gmt":"2026-04-13T06:03:33","slug":"bumble-and-bumble-grooming-creme-150ml","status":"publish","type":"product","link":"https:\/\/stylingagenten.com\/no\/produkt\/bumble-and-bumble-grooming-creme-150ml\/","title":{"rendered":"Bumble and bumble Grooming Creme 150ml"},"content":{"rendered":"<p>Bumble and bumble Grooming Creme \u2013 Den litt rotete, \u201cuvaskede\u201d teksturen oppn\u00e5s enkelt med dette fuktighetsgivende stylingproduktet, som gir naturlig separasjon, diskret hold og en myk, glatt og svakt gl\u00f8dende satengfinish. Hvem: Passer alle h\u00e5rtyper. Flott for tykt, grovt, afroteksturert og t\u00f8rt h\u00e5r. Perfekt for menn, minimalister og styling p\u00e5 ett minutt. N\u00e5r: N\u00e5r som helst etter Prep eller Tonic Lotion, alene eller sammen med andre produkter for \u00e5 tilf\u00f8re tekstur eller glans.<\/p>\n<p>150ml<\/p>\n","protected":false},"excerpt":{"rendered":"<p>Bumble and bumble Grooming Creme \u2013 Den litt rotete, \u201cuvaskede\u201d teksturen oppn\u00e5s enkelt med dette fuktighetsgivende stylingproduktet, som gir naturlig separasjon, diskret hold og en myk, glatt og svakt gl\u00f8dende satengfinish. Hvem: Passer alle h\u00e5rtyper. Flott for tykt, grovt, afroteksturert og t\u00f8rt h\u00e5r. Perfekt for menn, minimalister og styling p\u00e5 ett minutt. N\u00e5r: N\u00e5r som [&hellip;]<\/p>\n","protected":false},"featured_media":460041,"comment_status":"open","ping_status":"closed","template":"","meta":{"_trash_the_other_posts":false},"product_brand":[],"product_cat":[546],"product_tag":[],"berocket_brand":[6711],"class_list":{"0":"post-460045","1":"product","2":"type-product","3":"status-publish","4":"has-post-thumbnail","6":"product_cat-harstyling","7":"pa_brand-bumble-and-bumble","8":"berocket_brand-bumble-and-bumble","10":"first","11":"instock","12":"sale","13":"taxable","14":"shipping-taxable","15":"purchasable","16":"product-type-simple"},"_links":{"self":[{"href":"https:\/\/stylingagenten.com\/no\/wp-json\/wp\/v2\/product\/460045","targetHints":{"allow":["GET"]}}],"collection":[{"href":"https:\/\/stylingagenten.com\/no\/wp-json\/wp\/v2\/product"}],"about":[{"href":"https:\/\/stylingagenten.com\/no\/wp-json\/wp\/v2\/types\/product"}],"replies":[{"embeddable":true,"href":"https:\/\/stylingagenten.com\/no\/wp-json\/wp\/v2\/comments?post=460045"}],"version-history":[{"count":0,"href":"https:\/\/stylingagenten.com\/no\/wp-json\/wp\/v2\/product\/460045\/revisions"}],"wp:featuredmedia":[{"embeddable":true,"href":"https:\/\/stylingagenten.com\/no\/wp-json\/wp\/v2\/media\/460041"}],"wp:attachment":[{"href":"https:\/\/stylingagenten.com\/no\/wp-json\/wp\/v2\/media?parent=460045"}],"wp:term":[{"taxonomy":"product_brand","embeddable":true,"href":"https:\/\/stylingagenten.com\/no\/wp-json\/wp\/v2\/product_brand?post=460045"},{"taxonomy":"product_cat","embeddable":true,"href":"https:\/\/stylingagenten.com\/no\/wp-json\/wp\/v2\/product_cat?post=460045"},{"taxonomy":"product_tag","embeddable":true,"href":"https:\/\/stylingagenten.com\/no\/wp-json\/wp\/v2\/product_tag?post=460045"},{"taxonomy":"berocket_brand","embeddable":true,"href":"https:\/\/stylingagenten.com\/no\/wp-json\/wp\/v2\/berocket_brand?post=460045"}],"curies":[{"name":"wp","href":"https:\/\/api.w.org\/{rel}","templated":true}]}}