{"id":460035,"date":"2025-12-11T10:42:38","date_gmt":"2025-12-11T10:42:38","guid":{"rendered":"https:\/\/stylingagenten.com\/no\/produkt\/bumble-and-bumble-heat-shield-thermal-protection-mist-125ml\/"},"modified":"2026-04-08T15:31:49","modified_gmt":"2026-04-08T15:31:49","slug":"bumble-and-bumble-heat-shield-thermal-protection-mist-125ml","status":"publish","type":"product","link":"https:\/\/stylingagenten.com\/no\/produkt\/bumble-and-bumble-heat-shield-thermal-protection-mist-125ml\/","title":{"rendered":"Bumble and bumble Heat Shield Thermal Protection Mist 125ml"},"content":{"rendered":"<p>Bumble and bumble Heat Shield Thermal Protection Mist er en lett spray som beskytter mot varme (opptil 230\u00b0C) og reparerer skadet h\u00e5r for sunnere og glattere h\u00e5r med Honey Protective Complex.<\/p>\n<p>HVORFOR: For skikkelig god varmebeskyttelse n\u00e5r du bruker varmeverkt\u00f8y for et komplett uttrykk.<br \/>Hvem: Alle typer skadet h\u00e5r (varme, farge og kjemikalier). Fargesikker.<br \/>125ml<\/p>\n","protected":false},"excerpt":{"rendered":"<p>Bumble and bumble Heat Shield Thermal Protection Mist er en lett spray som beskytter mot varme (opptil 230\u00b0C) og reparerer skadet h\u00e5r for sunnere og glattere h\u00e5r med Honey Protective Complex. HVORFOR: For skikkelig god varmebeskyttelse n\u00e5r du bruker varmeverkt\u00f8y for et komplett uttrykk.Hvem: Alle typer skadet h\u00e5r (varme, farge og kjemikalier). Fargesikker.125ml<\/p>\n","protected":false},"featured_media":460031,"comment_status":"open","ping_status":"closed","template":"","meta":{"_trash_the_other_posts":false},"product_brand":[],"product_cat":[624],"product_tag":[],"berocket_brand":[6711],"class_list":{"0":"post-460035","1":"product","2":"type-product","3":"status-publish","4":"has-post-thumbnail","6":"product_cat-varmebeskyttelse","7":"pa_brand-bumble-and-bumble","8":"berocket_brand-bumble-and-bumble","10":"first","11":"instock","12":"sale","13":"taxable","14":"shipping-taxable","15":"purchasable","16":"product-type-simple"},"_links":{"self":[{"href":"https:\/\/stylingagenten.com\/no\/wp-json\/wp\/v2\/product\/460035","targetHints":{"allow":["GET"]}}],"collection":[{"href":"https:\/\/stylingagenten.com\/no\/wp-json\/wp\/v2\/product"}],"about":[{"href":"https:\/\/stylingagenten.com\/no\/wp-json\/wp\/v2\/types\/product"}],"replies":[{"embeddable":true,"href":"https:\/\/stylingagenten.com\/no\/wp-json\/wp\/v2\/comments?post=460035"}],"version-history":[{"count":0,"href":"https:\/\/stylingagenten.com\/no\/wp-json\/wp\/v2\/product\/460035\/revisions"}],"wp:featuredmedia":[{"embeddable":true,"href":"https:\/\/stylingagenten.com\/no\/wp-json\/wp\/v2\/media\/460031"}],"wp:attachment":[{"href":"https:\/\/stylingagenten.com\/no\/wp-json\/wp\/v2\/media?parent=460035"}],"wp:term":[{"taxonomy":"product_brand","embeddable":true,"href":"https:\/\/stylingagenten.com\/no\/wp-json\/wp\/v2\/product_brand?post=460035"},{"taxonomy":"product_cat","embeddable":true,"href":"https:\/\/stylingagenten.com\/no\/wp-json\/wp\/v2\/product_cat?post=460035"},{"taxonomy":"product_tag","embeddable":true,"href":"https:\/\/stylingagenten.com\/no\/wp-json\/wp\/v2\/product_tag?post=460035"},{"taxonomy":"berocket_brand","embeddable":true,"href":"https:\/\/stylingagenten.com\/no\/wp-json\/wp\/v2\/berocket_brand?post=460035"}],"curies":[{"name":"wp","href":"https:\/\/api.w.org\/{rel}","templated":true}]}}