{"id":460024,"date":"2025-12-11T10:37:51","date_gmt":"2025-12-11T10:37:51","guid":{"rendered":"https:\/\/stylingagenten.com\/no\/produkt\/bumble-and-bumble-full-potential-hair-preserving-shampoo-250ml\/"},"modified":"2026-04-08T15:32:07","modified_gmt":"2026-04-08T15:32:07","slug":"bumble-and-bumble-full-potential-hair-preserving-shampoo-250ml","status":"publish","type":"product","link":"https:\/\/stylingagenten.com\/no\/produkt\/bumble-and-bumble-full-potential-hair-preserving-shampoo-250ml\/","title":{"rendered":"Bumble and bumble Full Potential Hair Preserving Shampoo 250ml"},"content":{"rendered":"<p>Bumble and bumble Full Potential Hair Preserving Shampoo er en herlig og forfriskende sjampo som styrker h\u00e5ret ditt. Sjampoen har eksfolierende egenskaper og fjerner tidligere produktrester for \u00e5 skape grunnlag for fyldigere og sunnere h\u00e5r. Bruk sammen med Bumble and bumble Full Potential Conditioner for full effekt.<\/p>\n<p>250ml<\/p>\n","protected":false},"excerpt":{"rendered":"<p>Bumble and bumble Full Potential Hair Preserving Shampoo er en herlig og forfriskende sjampo som styrker h\u00e5ret ditt. Sjampoen har eksfolierende egenskaper og fjerner tidligere produktrester for \u00e5 skape grunnlag for fyldigere og sunnere h\u00e5r. Bruk sammen med Bumble and bumble Full Potential Conditioner for full effekt. 250ml<\/p>\n","protected":false},"featured_media":460021,"comment_status":"open","ping_status":"closed","template":"","meta":{"_trash_the_other_posts":false},"product_brand":[],"product_cat":[563],"product_tag":[],"berocket_brand":[6711],"class_list":{"0":"post-460024","1":"product","2":"type-product","3":"status-publish","4":"has-post-thumbnail","6":"product_cat-sjampo","7":"pa_brand-bumble-and-bumble","8":"berocket_brand-bumble-and-bumble","10":"first","11":"instock","12":"sale","13":"taxable","14":"shipping-taxable","15":"purchasable","16":"product-type-simple"},"_links":{"self":[{"href":"https:\/\/stylingagenten.com\/no\/wp-json\/wp\/v2\/product\/460024","targetHints":{"allow":["GET"]}}],"collection":[{"href":"https:\/\/stylingagenten.com\/no\/wp-json\/wp\/v2\/product"}],"about":[{"href":"https:\/\/stylingagenten.com\/no\/wp-json\/wp\/v2\/types\/product"}],"replies":[{"embeddable":true,"href":"https:\/\/stylingagenten.com\/no\/wp-json\/wp\/v2\/comments?post=460024"}],"version-history":[{"count":0,"href":"https:\/\/stylingagenten.com\/no\/wp-json\/wp\/v2\/product\/460024\/revisions"}],"wp:featuredmedia":[{"embeddable":true,"href":"https:\/\/stylingagenten.com\/no\/wp-json\/wp\/v2\/media\/460021"}],"wp:attachment":[{"href":"https:\/\/stylingagenten.com\/no\/wp-json\/wp\/v2\/media?parent=460024"}],"wp:term":[{"taxonomy":"product_brand","embeddable":true,"href":"https:\/\/stylingagenten.com\/no\/wp-json\/wp\/v2\/product_brand?post=460024"},{"taxonomy":"product_cat","embeddable":true,"href":"https:\/\/stylingagenten.com\/no\/wp-json\/wp\/v2\/product_cat?post=460024"},{"taxonomy":"product_tag","embeddable":true,"href":"https:\/\/stylingagenten.com\/no\/wp-json\/wp\/v2\/product_tag?post=460024"},{"taxonomy":"berocket_brand","embeddable":true,"href":"https:\/\/stylingagenten.com\/no\/wp-json\/wp\/v2\/berocket_brand?post=460024"}],"curies":[{"name":"wp","href":"https:\/\/api.w.org\/{rel}","templated":true}]}}