{"id":459999,"date":"2025-12-11T10:25:25","date_gmt":"2025-12-11T10:25:25","guid":{"rendered":"https:\/\/stylingagenten.com\/no\/produkt\/bumble-and-bumble-curl-butter-mask-200ml\/"},"modified":"2026-04-08T15:31:57","modified_gmt":"2026-04-08T15:31:57","slug":"bumble-and-bumble-curl-butter-mask-200ml","status":"publish","type":"product","link":"https:\/\/stylingagenten.com\/no\/produkt\/bumble-and-bumble-curl-butter-mask-200ml\/","title":{"rendered":"Bumble and bumble Curl Butter Mask 200ml"},"content":{"rendered":"<p>Bumble and bumble Curl Butter Mask gir livl\u00f8se kr\u00f8ller ekstra kj\u00e6rlighet med denne fuktighetsgivende behandlingen. Gjenoppliv overstylet og skadet h\u00e5r. N\u00e5 forbedret med en rik blanding av avokado-, kokos- og jojobaoljer samt shea- og kakaosm\u00f8r. Tilf\u00f8rer fuktighet, reduserer frizz og gj\u00f8r h\u00e5ret glansfullt.<br \/>200ml<\/p>\n","protected":false},"excerpt":{"rendered":"<p>Bumble and bumble Curl Butter Mask gir livl\u00f8se kr\u00f8ller ekstra kj\u00e6rlighet med denne fuktighetsgivende behandlingen. Gjenoppliv overstylet og skadet h\u00e5r. N\u00e5 forbedret med en rik blanding av avokado-, kokos- og jojobaoljer samt shea- og kakaosm\u00f8r. Tilf\u00f8rer fuktighet, reduserer frizz og gj\u00f8r h\u00e5ret glansfullt.200ml<\/p>\n","protected":false},"featured_media":459995,"comment_status":"open","ping_status":"closed","template":"","meta":{"_trash_the_other_posts":false},"product_brand":[],"product_cat":[620],"product_tag":[],"berocket_brand":[6711],"class_list":{"0":"post-459999","1":"product","2":"type-product","3":"status-publish","4":"has-post-thumbnail","6":"product_cat-harmaske","7":"pa_brand-bumble-and-bumble","8":"berocket_brand-bumble-and-bumble","10":"first","11":"instock","12":"sale","13":"taxable","14":"shipping-taxable","15":"purchasable","16":"product-type-simple"},"_links":{"self":[{"href":"https:\/\/stylingagenten.com\/no\/wp-json\/wp\/v2\/product\/459999","targetHints":{"allow":["GET"]}}],"collection":[{"href":"https:\/\/stylingagenten.com\/no\/wp-json\/wp\/v2\/product"}],"about":[{"href":"https:\/\/stylingagenten.com\/no\/wp-json\/wp\/v2\/types\/product"}],"replies":[{"embeddable":true,"href":"https:\/\/stylingagenten.com\/no\/wp-json\/wp\/v2\/comments?post=459999"}],"version-history":[{"count":0,"href":"https:\/\/stylingagenten.com\/no\/wp-json\/wp\/v2\/product\/459999\/revisions"}],"wp:featuredmedia":[{"embeddable":true,"href":"https:\/\/stylingagenten.com\/no\/wp-json\/wp\/v2\/media\/459995"}],"wp:attachment":[{"href":"https:\/\/stylingagenten.com\/no\/wp-json\/wp\/v2\/media?parent=459999"}],"wp:term":[{"taxonomy":"product_brand","embeddable":true,"href":"https:\/\/stylingagenten.com\/no\/wp-json\/wp\/v2\/product_brand?post=459999"},{"taxonomy":"product_cat","embeddable":true,"href":"https:\/\/stylingagenten.com\/no\/wp-json\/wp\/v2\/product_cat?post=459999"},{"taxonomy":"product_tag","embeddable":true,"href":"https:\/\/stylingagenten.com\/no\/wp-json\/wp\/v2\/product_tag?post=459999"},{"taxonomy":"berocket_brand","embeddable":true,"href":"https:\/\/stylingagenten.com\/no\/wp-json\/wp\/v2\/berocket_brand?post=459999"}],"curies":[{"name":"wp","href":"https:\/\/api.w.org\/{rel}","templated":true}]}}