{"id":459974,"date":"2025-12-11T10:24:45","date_gmt":"2025-12-11T10:24:45","guid":{"rendered":"https:\/\/stylingagenten.com\/no\/produkt\/bumble-and-bumble-curl-defining-cream-250ml\/"},"modified":"2026-04-13T07:08:46","modified_gmt":"2026-04-13T07:08:46","slug":"bumble-and-bumble-curl-defining-cream-250ml","status":"publish","type":"product","link":"https:\/\/stylingagenten.com\/no\/produkt\/bumble-and-bumble-curl-defining-cream-250ml\/","title":{"rendered":"Bumble and bumble Curl Defining Cream 250ml"},"content":{"rendered":"<p>Bumble and bumble Curl Defining Cream \u2013 den samme fuktighetsgivende, definerende formelen du elsker, n\u00e5 med nytt utseende.<br \/>Med denne rike, UV-beskyttende kremen kan du skape myke, definerte kr\u00f8ller uten at de blir spr\u00f8.<br \/>Hydrasculpt Blend\u2122 og en kombinasjon av sm\u00f8r og olje gir h\u00e5ret fuktighet, reduserer frizz og gir glans.<br \/>250ml<\/p>\n","protected":false},"excerpt":{"rendered":"<p>Bumble and bumble Curl Defining Cream \u2013 den samme fuktighetsgivende, definerende formelen du elsker, n\u00e5 med nytt utseende.Med denne rike, UV-beskyttende kremen kan du skape myke, definerte kr\u00f8ller uten at de blir spr\u00f8.Hydrasculpt Blend\u2122 og en kombinasjon av sm\u00f8r og olje gir h\u00e5ret fuktighet, reduserer frizz og gir glans.250ml<\/p>\n","protected":false},"featured_media":459970,"comment_status":"open","ping_status":"closed","template":"","meta":{"_trash_the_other_posts":false},"product_brand":[],"product_cat":[546],"product_tag":[],"berocket_brand":[6711],"class_list":{"0":"post-459974","1":"product","2":"type-product","3":"status-publish","4":"has-post-thumbnail","6":"product_cat-harstyling","7":"pa_brand-bumble-and-bumble","8":"berocket_brand-bumble-and-bumble","10":"first","11":"instock","12":"sale","13":"taxable","14":"shipping-taxable","15":"purchasable","16":"product-type-simple"},"_links":{"self":[{"href":"https:\/\/stylingagenten.com\/no\/wp-json\/wp\/v2\/product\/459974","targetHints":{"allow":["GET"]}}],"collection":[{"href":"https:\/\/stylingagenten.com\/no\/wp-json\/wp\/v2\/product"}],"about":[{"href":"https:\/\/stylingagenten.com\/no\/wp-json\/wp\/v2\/types\/product"}],"replies":[{"embeddable":true,"href":"https:\/\/stylingagenten.com\/no\/wp-json\/wp\/v2\/comments?post=459974"}],"version-history":[{"count":0,"href":"https:\/\/stylingagenten.com\/no\/wp-json\/wp\/v2\/product\/459974\/revisions"}],"wp:featuredmedia":[{"embeddable":true,"href":"https:\/\/stylingagenten.com\/no\/wp-json\/wp\/v2\/media\/459970"}],"wp:attachment":[{"href":"https:\/\/stylingagenten.com\/no\/wp-json\/wp\/v2\/media?parent=459974"}],"wp:term":[{"taxonomy":"product_brand","embeddable":true,"href":"https:\/\/stylingagenten.com\/no\/wp-json\/wp\/v2\/product_brand?post=459974"},{"taxonomy":"product_cat","embeddable":true,"href":"https:\/\/stylingagenten.com\/no\/wp-json\/wp\/v2\/product_cat?post=459974"},{"taxonomy":"product_tag","embeddable":true,"href":"https:\/\/stylingagenten.com\/no\/wp-json\/wp\/v2\/product_tag?post=459974"},{"taxonomy":"berocket_brand","embeddable":true,"href":"https:\/\/stylingagenten.com\/no\/wp-json\/wp\/v2\/berocket_brand?post=459974"}],"curies":[{"name":"wp","href":"https:\/\/api.w.org\/{rel}","templated":true}]}}