{"id":458541,"date":"2025-11-28T10:16:50","date_gmt":"2025-11-28T10:16:50","guid":{"rendered":"https:\/\/stylingagenten.com\/no\/produkt\/diesel-fuel-for-life-all-over-body-spray-200ml\/"},"modified":"2026-04-06T18:28:32","modified_gmt":"2026-04-06T18:28:32","slug":"diesel-fuel-for-life-all-over-body-spray-200ml","status":"publish","type":"product","link":"https:\/\/stylingagenten.com\/no\/produkt\/diesel-fuel-for-life-all-over-body-spray-200ml\/","title":{"rendered":"Diesel Fuel for Life All Over Body Spray 200ml"},"content":{"rendered":"<p>Diesel Fuel for Life All Over Body Spray er et mytisk eliksir som fremkaller bilder av en kilde til energi og skaper en lidenskap for livet. Disse f\u00f8lelsene, kombinert med sensualitet og forf\u00f8relse, er akkurat det Diesel har gjenskapt og tappet p\u00e5 denne all over body sprayen \u2013 dette er Fuel for Life.<\/p>\n<p>Toppnoter: Anis og grapefrukt \u2013 en sprudlende og forfriskende start som kiler i nesen.<br \/>Hjertenoter: Bringeb\u00e6r og lavendel \u2013 en s\u00f8t, blomstrende midtdel med herlig karakter.<br \/>Bunnoter: Treaktige noter og heliotrop \u2013 en varm og mystisk avslutning som etterlater et varig inntrykk.<\/p>\n<p>200 ml<\/p>\n","protected":false},"excerpt":{"rendered":"<p>Diesel Fuel for Life All Over Body Spray er et mytisk eliksir som fremkaller bilder av en kilde til energi og skaper en lidenskap for livet. Disse f\u00f8lelsene, kombinert med sensualitet og forf\u00f8relse, er akkurat det Diesel har gjenskapt og tappet p\u00e5 denne all over body sprayen \u2013 dette er Fuel for Life. Toppnoter: Anis [&hellip;]<\/p>\n","protected":false},"featured_media":458539,"comment_status":"open","ping_status":"closed","template":"","meta":{"_trash_the_other_posts":false},"product_brand":[],"product_cat":[722,735,1000],"product_tag":[],"berocket_brand":[1288],"class_list":{"0":"post-458541","1":"product","2":"type-product","3":"status-publish","4":"has-post-thumbnail","6":"product_cat-deospray-herre","7":"product_cat-kampanje","8":"product_cat-kampanjetilbud-for-ham","9":"pa_brand-diesel","10":"berocket_brand-diesel","12":"first","13":"instock","14":"sale","15":"taxable","16":"shipping-taxable","17":"purchasable","18":"product-type-simple"},"_links":{"self":[{"href":"https:\/\/stylingagenten.com\/no\/wp-json\/wp\/v2\/product\/458541","targetHints":{"allow":["GET"]}}],"collection":[{"href":"https:\/\/stylingagenten.com\/no\/wp-json\/wp\/v2\/product"}],"about":[{"href":"https:\/\/stylingagenten.com\/no\/wp-json\/wp\/v2\/types\/product"}],"replies":[{"embeddable":true,"href":"https:\/\/stylingagenten.com\/no\/wp-json\/wp\/v2\/comments?post=458541"}],"version-history":[{"count":0,"href":"https:\/\/stylingagenten.com\/no\/wp-json\/wp\/v2\/product\/458541\/revisions"}],"wp:featuredmedia":[{"embeddable":true,"href":"https:\/\/stylingagenten.com\/no\/wp-json\/wp\/v2\/media\/458539"}],"wp:attachment":[{"href":"https:\/\/stylingagenten.com\/no\/wp-json\/wp\/v2\/media?parent=458541"}],"wp:term":[{"taxonomy":"product_brand","embeddable":true,"href":"https:\/\/stylingagenten.com\/no\/wp-json\/wp\/v2\/product_brand?post=458541"},{"taxonomy":"product_cat","embeddable":true,"href":"https:\/\/stylingagenten.com\/no\/wp-json\/wp\/v2\/product_cat?post=458541"},{"taxonomy":"product_tag","embeddable":true,"href":"https:\/\/stylingagenten.com\/no\/wp-json\/wp\/v2\/product_tag?post=458541"},{"taxonomy":"berocket_brand","embeddable":true,"href":"https:\/\/stylingagenten.com\/no\/wp-json\/wp\/v2\/berocket_brand?post=458541"}],"curies":[{"name":"wp","href":"https:\/\/api.w.org\/{rel}","templated":true}]}}